{"id":9708,"date":"2024-09-05T08:04:49","date_gmt":"2024-09-05T11:04:49","guid":{"rendered":"https:\/\/www.conass.org.br\/biblioteca\/?page_id=9708"},"modified":"2024-09-20T14:31:05","modified_gmt":"2024-09-20T17:31:05","slug":"tutorial-kindle","status":"publish","type":"page","link":"https:\/\/www.conass.org.br\/biblioteca\/tutorial-kindle\/","title":{"rendered":"Passo a Passo para Enviar Livros em PDF e EPUB para o Kindle"},"content":{"rendered":"\t\t<div data-elementor-type=\"wp-page\" data-elementor-id=\"9708\" class=\"elementor elementor-9708\" data-elementor-post-type=\"page\">\n\t\t\t\t<div class=\"elementor-element elementor-element-ddbf6be e-con-full e-flex e-con e-parent\" data-id=\"ddbf6be\" data-element_type=\"container\" data-settings=\"{&quot;background_background&quot;:&quot;classic&quot;}\">\n\t\t\t\t<div class=\"elementor-element elementor-element-77dfddf e-transform e-transform elementor-widget elementor-widget-heading\" data-id=\"77dfddf\" data-element_type=\"widget\" data-settings=\"{&quot;_transform_scale_effect_hover&quot;:{&quot;unit&quot;:&quot;px&quot;,&quot;size&quot;:1.1,&quot;sizes&quot;:[]},&quot;_transform_scale_effect&quot;:{&quot;unit&quot;:&quot;px&quot;,&quot;size&quot;:&quot;&quot;,&quot;sizes&quot;:[]},&quot;_transform_scale_effect_tablet&quot;:{&quot;unit&quot;:&quot;px&quot;,&quot;size&quot;:&quot;&quot;,&quot;sizes&quot;:[]},&quot;_transform_scale_effect_mobile&quot;:{&quot;unit&quot;:&quot;px&quot;,&quot;size&quot;:&quot;&quot;,&quot;sizes&quot;:[]},&quot;_transform_scale_effect_hover_tablet&quot;:{&quot;unit&quot;:&quot;px&quot;,&quot;size&quot;:&quot;&quot;,&quot;sizes&quot;:[]},&quot;_transform_scale_effect_hover_mobile&quot;:{&quot;unit&quot;:&quot;px&quot;,&quot;size&quot;:&quot;&quot;,&quot;sizes&quot;:[]}}\" data-widget_type=\"heading.default\">\n\t\t\t\t<div class=\"elementor-widget-container\">\n\t\t\t<h5 class=\"elementor-heading-title elementor-size-default\">Biblioteca Digital Conass<\/h5>\t\t<\/div>\n\t\t\t\t<\/div>\n\t\t\t\t<\/div>\n\t\t<div class=\"elementor-element elementor-element-1d698cf e-flex e-con-boxed e-con e-parent\" data-id=\"1d698cf\" data-element_type=\"container\">\n\t\t\t\t\t<div class=\"e-con-inner\">\n\t\t\t\t<div class=\"elementor-element elementor-element-48d1955 elementor-widget elementor-widget-image\" data-id=\"48d1955\" data-element_type=\"widget\" data-widget_type=\"image.default\">\n\t\t\t\t<div class=\"elementor-widget-container\">\n\t\t\t\t\t\t\t\t\t\t\t\t\t<img fetchpriority=\"high\" decoding=\"async\" width=\"960\" height=\"400\" src=\"https:\/\/www.conass.org.br\/biblioteca\/wp-content\/uploads\/2024\/09\/banner-pagina-kindle-960x400px.jpg\" class=\"attachment-full size-full wp-image-9712\" alt=\"\" srcset=\"https:\/\/www.conass.org.br\/biblioteca\/wp-content\/uploads\/2024\/09\/banner-pagina-kindle-960x400px.jpg 960w, https:\/\/www.conass.org.br\/biblioteca\/wp-content\/uploads\/2024\/09\/banner-pagina-kindle-960x400px-180x75.jpg 180w, https:\/\/www.conass.org.br\/biblioteca\/wp-content\/uploads\/2024\/09\/banner-pagina-kindle-960x400px-768x320.jpg 768w\" sizes=\"(max-width: 960px) 100vw, 960px\" \/>\t\t\t\t\t\t\t\t\t\t\t\t\t<\/div>\n\t\t\t\t<\/div>\n\t\t\t\t\t<\/div>\n\t\t\t\t<\/div>\n\t\t<div class=\"elementor-element elementor-element-e354b50 e-flex e-con-boxed e-con e-parent\" data-id=\"e354b50\" data-element_type=\"container\">\n\t\t\t\t\t<div class=\"e-con-inner\">\n\t\t\t\t<div class=\"elementor-element elementor-element-4277b79 elementor-widget__width-initial elementor-widget elementor-widget-heading\" data-id=\"4277b79\" data-element_type=\"widget\" data-widget_type=\"heading.default\">\n\t\t\t\t<div class=\"elementor-widget-container\">\n\t\t\t<h1 class=\"elementor-heading-title elementor-size-default\">Passo a Passo para Enviar Livros em PDF e EPUB para o Kindle<\/h1>\t\t<\/div>\n\t\t\t\t<\/div>\n\t\t\t\t\t<\/div>\n\t\t\t\t<\/div>\n\t\t<div class=\"elementor-element elementor-element-97727bb e-flex e-con-boxed e-con e-parent\" data-id=\"97727bb\" data-element_type=\"container\">\n\t\t\t\t\t<div class=\"e-con-inner\">\n\t\t\t\t<div class=\"elementor-element elementor-element-d178060 elementor-widget elementor-widget-text-editor\" data-id=\"d178060\" data-element_type=\"widget\" data-widget_type=\"text-editor.default\">\n\t\t\t\t<div class=\"elementor-widget-container\">\n\t\t\t\t\t\t\t<h6><b><i>1- Acesse o Site &#8220;Send to Kindle&#8221;<\/i><\/b><\/h6><p>\u2192 Abra o navegador de sua prefer\u00eancia e acesse o site\u00a0<a href=\"https:\/\/www.amazon.com\/sendtokindle\" target=\"_blank\" rel=\"noopener\"><b>https:\/\/www.amazon.com\/sendtokindle<\/b><\/a>. Certifique-se de estar<br \/>conectado \u00e0 internet.<\/p><h6>\u00a0<\/h6><h6><b><i>2- Fa\u00e7a Login na Sua Conta Amazon<\/i><\/b><\/h6><p>\u2192 Caso ainda n\u00e3o esteja logado, clique em \u201cSign In\u201d no canto superior direito da tela.<br \/>\u2192 Insira seu e-mail e senha associados \u00e0 sua conta Amazon e clique em \u201cSign In\u201d.<\/p><h6>\u00a0<\/h6><h6><b><i>3- Selecione os Arquivos a Serem Enviados<\/i><\/b><\/h6><p>\u2192 Na p\u00e1gina principal do Send to Kindle, voc\u00ea ver\u00e1 a op\u00e7\u00e3o \u201cSelect files from your computer\u201d.<br \/>\u2192 Clique nesta op\u00e7\u00e3o e uma janela de sele\u00e7\u00e3o de arquivos ser\u00e1 aberta.<br \/>\u2192 Navegue at\u00e9 a pasta onde est\u00e3o localizados os arquivos PDF ou EPUB que deseja enviar para o Kindle.<br \/>\u2192 Selecione os arquivos desejados. Voc\u00ea pode selecionar v\u00e1rios arquivos de uma vez segurando a tecla Ctrl (no Windows) ou<br \/>Cmd (no Mac) enquanto clica nos arquivos.<\/p><h6>\u00a0<\/h6><h6><b><i>4- Escolha o(s) Dispositivo(s) de Destino<\/i><\/b><\/h6><p>\u2192 Ap\u00f3s selecionar os arquivos, a p\u00e1gina mostrar\u00e1 uma lista de seus dispositivos Kindle registrados e aplicativos Kindle<br \/>dispon\u00edveis em sua conta.<br \/>\u2192 Selecione o dispositivo ou aplicativo Kindle para o qual deseja enviar os arquivos. Se tiver mais de um, voc\u00ea pode escolher<br \/>v\u00e1rios.<br \/>\u2192 Ap\u00f3s verificar que tudo est\u00e1 correto, clique no bot\u00e3o \u201cSend\u201d para enviar os arquivos ao(s) dispositivo(s) Kindle selecionado(s).<br \/>\u2192 O envio pode levar alguns minutos, dependendo do tamanho dos arquivos e da velocidade da sua conex\u00e3o \u00e0 internet.<\/p><h6>\u00a0<\/h6><h6><b><i>5- Verifique a Entrega no Kindle<\/i><\/b><\/h6><p>\u2192 Ap\u00f3s o envio, aguarde alguns minutos e, em seguida, verififique seu Kindle ou aplicativo Kindle.<br \/>\u2192 Os arquivos devem aparecer na se\u00e7\u00e3o \u201cBiblioteca\u201d do dispositivo. Caso n\u00e3o apare\u00e7am imediatamente, sincronize o Kindle<br \/>manualmente.<\/p><h6>\u00a0<\/h6><h6><b><i>6- Problemas de Entrega<\/i><\/b><\/h6><p>\u2192 Se os arquivos n\u00e3o aparecerem no seu Kindle ap\u00f3s algum tempo, verifique se o dispositivo est\u00e1 conectado \u00e0 internet e se<br \/>foi selecionado corretamente no site.<br \/>\u2192 Em \u00faltimo caso, tente reenviar o arquivo ou reiniciar o dispositivo.<\/p><h5>\u00a0<\/h5><h5><b>Seguindo esses passos, voc\u00ea conseguir\u00e1 enviar seus livros em formato PDF e EPUB para o seu Kindle de maneira f\u00e1cil e r\u00e1pida usando o site &#8220;<\/b><a href=\"https:\/\/www.amazon.com\/sendtokindle\" target=\"_blank\" rel=\"noopener\"><b>Send to Kindle<\/b><\/a><b>&#8220;<\/b><\/h5>\t\t\t\t\t\t<\/div>\n\t\t\t\t<\/div>\n\t\t\t\t\t<\/div>\n\t\t\t\t<\/div>\n\t\t\t\t<\/div>\n\t\t","protected":false},"excerpt":{"rendered":"<p>Biblioteca Digital Conass 1- Acesse o Site &#8220;Send to Kindle&#8221; \u2192 Abra o navegador de sua prefer\u00eancia e acesse o site\u00a0https:\/\/www.amazon.com\/sendtokindle. Certifique-se de estarconectado \u00e0 internet. \u00a0 2- Fa\u00e7a Login na Sua Conta Amazon \u2192 Caso ainda n\u00e3o esteja logado, clique em \u201cSign In\u201d no canto superior direito da tela.\u2192 Insira seu e-mail e senha [&hellip;]<\/p>\n","protected":false},"author":2,"featured_media":9362,"parent":0,"menu_order":0,"comment_status":"closed","ping_status":"closed","template":"","meta":{"_acf_changed":false,"om_disable_all_campaigns":false,"_monsterinsights_skip_tracking":false,"_monsterinsights_sitenote_active":false,"_monsterinsights_sitenote_note":"","_monsterinsights_sitenote_category":0,"footnotes":""},"class_list":["post-9708","page","type-page","status-publish","has-post-thumbnail","hentry"],"acf":[],"aioseo_notices":[],"jetpack_sharing_enabled":true,"featured_media_details":{"url":"https:\/\/www.conass.org.br\/biblioteca\/wp-content\/uploads\/2024\/09\/banner-kindle-560x315px-03.jpg","alt":"","title":"banner-kindle-560x315px-03","caption":"","description":""},"_links":{"self":[{"href":"https:\/\/www.conass.org.br\/biblioteca\/wp-json\/wp\/v2\/pages\/9708"}],"collection":[{"href":"https:\/\/www.conass.org.br\/biblioteca\/wp-json\/wp\/v2\/pages"}],"about":[{"href":"https:\/\/www.conass.org.br\/biblioteca\/wp-json\/wp\/v2\/types\/page"}],"author":[{"embeddable":true,"href":"https:\/\/www.conass.org.br\/biblioteca\/wp-json\/wp\/v2\/users\/2"}],"replies":[{"embeddable":true,"href":"https:\/\/www.conass.org.br\/biblioteca\/wp-json\/wp\/v2\/comments?post=9708"}],"version-history":[{"count":5,"href":"https:\/\/www.conass.org.br\/biblioteca\/wp-json\/wp\/v2\/pages\/9708\/revisions"}],"predecessor-version":[{"id":10697,"href":"https:\/\/www.conass.org.br\/biblioteca\/wp-json\/wp\/v2\/pages\/9708\/revisions\/10697"}],"wp:featuredmedia":[{"embeddable":true,"href":"https:\/\/www.conass.org.br\/biblioteca\/wp-json\/wp\/v2\/media\/9362"}],"wp:attachment":[{"href":"https:\/\/www.conass.org.br\/biblioteca\/wp-json\/wp\/v2\/media?parent=9708"}],"curies":[{"name":"wp","href":"https:\/\/api.w.org\/{rel}","templated":true}]}}