{"id":168,"date":"2013-09-06T11:08:21","date_gmt":"2013-09-06T11:08:21","guid":{"rendered":"http:\/\/www.conass.org.br\/conassdebate\/?page_id=168"},"modified":"2014-05-15T15:13:37","modified_gmt":"2014-05-15T15:13:37","slug":"apresentacoes","status":"publish","type":"page","link":"https:\/\/www.conass.org.br\/conassdebate\/?page_id=168","title":{"rendered":"Apresenta\u00e7\u00f5es"},"content":{"rendered":"<p><span style=\"font-size: medium;\"><strong>CONASS Debate \u2013 A crise contempor\u00e2nea dos modelos de aten\u00e7\u00e3o \u00e0 sa\u00fade<br \/>\n<\/strong><\/span><\/p>\n<p><strong>Confira abaixo as apresenta\u00e7\u00f5es:<\/strong><\/p>\n<p><iframe loading=\"lazy\" src=\"http:\/\/www.slideshare.net\/slideshow\/embed_code\/34634358\" width=\"597\" height=\"486\" frameborder=\"0\" marginwidth=\"0\" marginheight=\"0\" scrolling=\"no\" style=\"border:1px solid #CCC; border-width:1px 1px 0; margin-bottom:5px; max-width: 100%;\" allowfullscreen> <\/iframe> <\/p>\n<div style=\"margin-bottom:5px\"> <strong> <a href=\"https:\/\/pt.slideshare.net\/CONASS\/rafael-bengoa-34634358\" title=\"SOSTENIBILIDAD DE LA SANIDAD . HAY SOLUCIONES\" target=\"_blank\">SOSTENIBILIDAD DE LA SANIDAD . HAY SOLUCIONES<\/a> <\/strong> from <strong><a href=\"http:\/\/www.slideshare.net\/CONASS\" target=\"_blank\">Conselho Nacional de Secret\u00e1rios de Sa\u00fade &#8211; CONASS<\/a><\/strong> <\/div>\n<p>&nbsp;<\/p>\n<p><iframe loading=\"lazy\" src=\"http:\/\/www.slideshare.net\/slideshow\/embed_code\/34634571\" width=\"597\" height=\"486\" frameborder=\"0\" marginwidth=\"0\" marginheight=\"0\" scrolling=\"no\" style=\"border:1px solid #CCC; border-width:1px 1px 0; margin-bottom:5px; max-width: 100%;\" allowfullscreen> <\/iframe> <\/p>\n<div style=\"margin-bottom:5px\"> <strong> <a href=\"https:\/\/pt.slideshare.net\/CONASS\/a-crise-contempornea-dos-modelos-de-ateno-sade\" title=\"Contextualiza\u00e7\u00e3o do tema: A crise contempor\u00e2nea dos modelos de aten\u00e7\u00e3o \u00e0 sa\u00fade \" target=\"_blank\">Contextualiza\u00e7\u00e3o do tema: A crise contempor\u00e2nea dos modelos de aten\u00e7\u00e3o \u00e0 sa\u00fade <\/a> <\/strong> from <strong><a href=\"http:\/\/www.slideshare.net\/CONASS\" target=\"_blank\">Conselho Nacional de Secret\u00e1rios de Sa\u00fade &#8211; CONASS<\/a><\/strong> <\/div>\n<p>&nbsp;<\/p>\n<p><iframe loading=\"lazy\" src=\"http:\/\/www.slideshare.net\/slideshow\/embed_code\/34634689\" width=\"597\" height=\"486\" frameborder=\"0\" marginwidth=\"0\" marginheight=\"0\" scrolling=\"no\" style=\"border:1px solid #CCC; border-width:1px 1px 0; margin-bottom:5px; max-width: 100%;\" allowfullscreen> <\/iframe> <\/p>\n<div style=\"margin-bottom:5px\"> <strong> <a href=\"https:\/\/pt.slideshare.net\/CONASS\/frederico-guanais\" title=\"Frederico Guanais\" target=\"_blank\">Frederico Guanais<\/a> <\/strong> from <strong><a href=\"http:\/\/www.slideshare.net\/CONASS\" target=\"_blank\">Conselho Nacional de Secret\u00e1rios de Sa\u00fade &#8211; CONASS<\/a><\/strong> <\/div>\n<p>&nbsp;<\/p>\n<p><iframe loading=\"lazy\" src=\"http:\/\/www.slideshare.net\/slideshow\/embed_code\/34634790\" width=\"597\" height=\"486\" frameborder=\"0\" marginwidth=\"0\" marginheight=\"0\" scrolling=\"no\" style=\"border:1px solid #CCC; border-width:1px 1px 0; margin-bottom:5px; max-width: 100%;\" allowfullscreen> <\/iframe> <\/p>\n<div style=\"margin-bottom:5px\"> <strong> <a href=\"https:\/\/pt.slideshare.net\/CONASS\/claunara-schilling\" title=\"Claunara Schilling\" target=\"_blank\">Claunara Schilling<\/a> <\/strong> from <strong><a href=\"http:\/\/www.slideshare.net\/CONASS\" target=\"_blank\">Conselho Nacional de Secret\u00e1rios de Sa\u00fade &#8211; CONASS<\/a><\/strong> <\/div>\n<p>&nbsp;<\/p>\n<p><iframe loading=\"lazy\" src=\"http:\/\/www.slideshare.net\/slideshow\/embed_code\/34634908\" width=\"597\" height=\"486\" frameborder=\"0\" marginwidth=\"0\" marginheight=\"0\" scrolling=\"no\" style=\"border:1px solid #CCC; border-width:1px 1px 0; margin-bottom:5px; max-width: 100%;\" allowfullscreen> <\/iframe> <\/p>\n<div style=\"margin-bottom:5px\"> <strong> <a href=\"https:\/\/pt.slideshare.net\/CONASS\/acesso-e-qualidade-da-ateno-ao-diabetes-entre-idosos-iniquidades-sociais-e-modelo-de-ateno\" title=\"Acesso e qualidade da aten\u00e7\u00e3o ao diabetes entre idosos: iniquidades sociais e modelo de aten\u00e7\u00e3o\" target=\"_blank\">Acesso e qualidade da aten\u00e7\u00e3o ao diabetes entre idosos: iniquidades sociais e modelo de aten\u00e7\u00e3o<\/a> <\/strong> from <strong><a href=\"http:\/\/www.slideshare.net\/CONASS\" target=\"_blank\">Conselho Nacional de Secret\u00e1rios de Sa\u00fade &#8211; CONASS<\/a><\/strong> <\/div>\n<p>&nbsp;<\/p>\n<p><iframe loading=\"lazy\" src=\"http:\/\/www.slideshare.net\/slideshow\/embed_code\/34635211\" width=\"597\" height=\"486\" frameborder=\"0\" marginwidth=\"0\" marginheight=\"0\" scrolling=\"no\" style=\"border:1px solid #CCC; border-width:1px 1px 0; margin-bottom:5px; max-width: 100%;\" allowfullscreen> <\/iframe> <\/p>\n<div style=\"margin-bottom:5px\"> <strong> <a href=\"https:\/\/pt.slideshare.net\/CONASS\/luis-fernando-rolim\" title=\"Luis Fernando Rolim\" target=\"_blank\">Luis Fernando Rolim<\/a> <\/strong> from <strong><a href=\"http:\/\/www.slideshare.net\/CONASS\" target=\"_blank\">Conselho Nacional de Secret\u00e1rios de Sa\u00fade &#8211; CONASS<\/a><\/strong> <\/div>\n<p>&nbsp;<\/p>\n<p>&nbsp;<\/p>\n<p><span style=\"font-size: medium;\"><strong>CONASS Debate \u2013 Caminhos da Sa\u00fade no Brasil<br \/>\n<\/strong><\/span><\/p>\n<p><strong>Confira abaixo as apresenta\u00e7\u00f5es:<\/strong><br \/>\nJos\u00e9 Gomes Tempor\u00e3o \u2013 <a href=\"wp-content\/uploads\/2013\/09\/Temporao.pdf\">download<\/a><br \/>\nAndre Cezar Medici\u2013 <a href=\"wp-content\/uploads\/2013\/09\/Medici.pdf\">download<\/a><br \/>\nAnt\u00f4nio Jorge Kropf \u2013 <a href=\"wp-content\/uploads\/2013\/09\/Antonio_Jorge.pdf\">download<\/a><\/p>\n<p>&nbsp;<\/p>\n<p>&nbsp;<\/p>\n<p><span style=\"font-size: medium;\"><strong>CONASS Debate \u2013 Sa\u00fade para onde vai a nova classe m\u00e9dia<\/strong><\/span><\/p>\n<p style=\"text-align: justify;\">A primeira parte do semin\u00e1rio CONASS Debate \u2013 Sa\u00fade para onde vai a nova classe m\u00e9dia, reuniu cerca de 200 convidados. L\u00edgia Bahia (UFRJ), Ricardo Paes de Barros (SAE\/PR), Jos\u00e9 Cechin (FenaSa\u00fade) e Renato Meirelles (Data Popular), expuseram as suas opini\u00f5es sobre o tema, que ser\u00e1 debatido, logo mais, na segunda parte do encontro, \u00e0 partir das 14h, com a presen\u00e7a dos debatedores Jos\u00e9 Gomes Tempor\u00e3o (Instituto Sul-Americado de governo em Sa\u00fade) e Ana Maria Malik (FGV\/SP).<\/p>\n<p>&nbsp;<\/p>\n<p><strong>Confira abaixo as apresenta\u00e7\u00f5es:<\/strong><br \/>\nJos\u00e9 Cechin \u2013 <a href=\"http:\/\/www.conass.org.br\/Apresentacoes%20CONASS%20Debate\/apresentacao_cechin_final.pdf\" target=\"_blank\">download<\/a><br \/>\nL\u00edgia Bahia \u2013 <a href=\"http:\/\/www.conass.org.br\/Apresentacoes%20CONASS%20Debate\/apresentacao_ligia_bahia.pdf\" target=\"_blank\">download<\/a><br \/>\nRenato Meirelles \u2013 <a href=\"http:\/\/www.conass.org.br\/Apresentacoes%20CONASS%20Debate\/apresentacao_renatomeirelles.pdf\" target=\"_blank\">download<\/a><br \/>\nRicardo Paes de Barros \u2013 <a href=\"http:\/\/www.conass.org.br\/Apresentacoes%20CONASS%20Debate\/apresentacao_ricardo_barros.pdf\" target=\"_blank\">download<\/a><\/p>\n<p>&nbsp;<\/p>\n","protected":false},"excerpt":{"rendered":"<p>CONASS Debate \u2013 A crise contempor\u00e2nea dos modelos de aten\u00e7\u00e3o \u00e0 sa\u00fade Confira abaixo as apresenta\u00e7\u00f5es: SOSTENIBILIDAD DE LA SANIDAD . HAY SOLUCIONES from Conselho Nacional de Secret\u00e1rios de Sa\u00fade &#8211; CONASS &nbsp; Contextualiza\u00e7\u00e3o do tema: A crise contempor\u00e2nea dos modelos de aten\u00e7\u00e3o \u00e0 sa\u00fade from Conselho Nacional de Secret\u00e1rios de Sa\u00fade &#8211; CONASS &nbsp; [&hellip;]<\/p>\n","protected":false},"author":3,"featured_media":0,"parent":0,"menu_order":0,"comment_status":"open","ping_status":"open","template":"","meta":{"footnotes":""},"class_list":["post-168","page","type-page","status-publish","hentry"],"yoast_head":"<!-- This site is optimized with the Yoast SEO plugin v23.6 - https:\/\/yoast.com\/wordpress\/plugins\/seo\/ -->\n<title>CONASS Debate - Apresenta\u00e7\u00f5es<\/title>\n<meta name=\"description\" content=\"Acesse e baixe gratuitamente as apresenta\u00e7\u00f5es dos expositores e debatedores dos semin\u00e1rios CONASS Debate.\" \/>\n<meta name=\"robots\" content=\"index, follow, max-snippet:-1, max-image-preview:large, max-video-preview:-1\" \/>\n<link rel=\"canonical\" href=\"https:\/\/www.conass.org.br\/conassdebate\/?page_id=168\" \/>\n<meta property=\"og:locale\" content=\"pt_BR\" \/>\n<meta property=\"og:type\" content=\"article\" \/>\n<meta property=\"og:title\" content=\"CONASS Debate - Apresenta\u00e7\u00f5es\" \/>\n<meta property=\"og:description\" content=\"Acesse e baixe gratuitamente as apresenta\u00e7\u00f5es dos expositores e debatedores dos semin\u00e1rios CONASS Debate.\" \/>\n<meta property=\"og:url\" content=\"https:\/\/www.conass.org.br\/conassdebate\/?page_id=168\" \/>\n<meta property=\"og:site_name\" content=\"CONASS DEBATE\" \/>\n<meta property=\"article:publisher\" content=\"https:\/\/www.facebook.com\/conassoficial\" \/>\n<meta property=\"article:modified_time\" content=\"2014-05-15T15:13:37+00:00\" \/>\n<meta property=\"og:image\" content=\"https:\/\/www.conass.org.br\/conassdebate\/wp-content\/uploads\/2013\/09\/conass_fb_ig_avatar.jpg\" \/>\n\t<meta property=\"og:image:width\" content=\"612\" \/>\n\t<meta property=\"og:image:height\" content=\"612\" \/>\n\t<meta property=\"og:image:type\" content=\"image\/jpeg\" \/>\n<meta name=\"twitter:label1\" content=\"Est. tempo de leitura\" \/>\n\t<meta name=\"twitter:data1\" content=\"1 minuto\" \/>\n<script type=\"application\/ld+json\" class=\"yoast-schema-graph\">{\"@context\":\"https:\/\/schema.org\",\"@graph\":[{\"@type\":\"WebPage\",\"@id\":\"https:\/\/www.conass.org.br\/conassdebate\/?page_id=168\",\"url\":\"https:\/\/www.conass.org.br\/conassdebate\/?page_id=168\",\"name\":\"CONASS Debate - Apresenta\u00e7\u00f5es\",\"isPartOf\":{\"@id\":\"https:\/\/www.conass.org.br\/conassdebate\/#website\"},\"datePublished\":\"2013-09-06T11:08:21+00:00\",\"dateModified\":\"2014-05-15T15:13:37+00:00\",\"description\":\"Acesse e baixe gratuitamente as apresenta\u00e7\u00f5es dos expositores e debatedores dos semin\u00e1rios CONASS Debate.\",\"inLanguage\":\"pt-BR\",\"potentialAction\":[{\"@type\":\"ReadAction\",\"target\":[\"https:\/\/www.conass.org.br\/conassdebate\/?page_id=168\"]}]},{\"@type\":\"WebSite\",\"@id\":\"https:\/\/www.conass.org.br\/conassdebate\/#website\",\"url\":\"https:\/\/www.conass.org.br\/conassdebate\/\",\"name\":\"CONASS DEBATE\",\"description\":\"Conass - Conselho Nacional dos Secret\u00e1rios de Sa\u00fadeo\",\"potentialAction\":[{\"@type\":\"SearchAction\",\"target\":{\"@type\":\"EntryPoint\",\"urlTemplate\":\"https:\/\/www.conass.org.br\/conassdebate\/?s={search_term_string}\"},\"query-input\":{\"@type\":\"PropertyValueSpecification\",\"valueRequired\":true,\"valueName\":\"search_term_string\"}}],\"inLanguage\":\"pt-BR\"}]}<\/script>\n<!-- \/ Yoast SEO plugin. -->","yoast_head_json":{"title":"CONASS Debate - Apresenta\u00e7\u00f5es","description":"Acesse e baixe gratuitamente as apresenta\u00e7\u00f5es dos expositores e debatedores dos semin\u00e1rios CONASS Debate.","robots":{"index":"index","follow":"follow","max-snippet":"max-snippet:-1","max-image-preview":"max-image-preview:large","max-video-preview":"max-video-preview:-1"},"canonical":"https:\/\/www.conass.org.br\/conassdebate\/?page_id=168","og_locale":"pt_BR","og_type":"article","og_title":"CONASS Debate - Apresenta\u00e7\u00f5es","og_description":"Acesse e baixe gratuitamente as apresenta\u00e7\u00f5es dos expositores e debatedores dos semin\u00e1rios CONASS Debate.","og_url":"https:\/\/www.conass.org.br\/conassdebate\/?page_id=168","og_site_name":"CONASS DEBATE","article_publisher":"https:\/\/www.facebook.com\/conassoficial","article_modified_time":"2014-05-15T15:13:37+00:00","og_image":[{"width":612,"height":612,"url":"https:\/\/www.conass.org.br\/conassdebate\/wp-content\/uploads\/2013\/09\/conass_fb_ig_avatar.jpg","type":"image\/jpeg"}],"twitter_misc":{"Est. tempo de leitura":"1 minuto"},"schema":{"@context":"https:\/\/schema.org","@graph":[{"@type":"WebPage","@id":"https:\/\/www.conass.org.br\/conassdebate\/?page_id=168","url":"https:\/\/www.conass.org.br\/conassdebate\/?page_id=168","name":"CONASS Debate - Apresenta\u00e7\u00f5es","isPartOf":{"@id":"https:\/\/www.conass.org.br\/conassdebate\/#website"},"datePublished":"2013-09-06T11:08:21+00:00","dateModified":"2014-05-15T15:13:37+00:00","description":"Acesse e baixe gratuitamente as apresenta\u00e7\u00f5es dos expositores e debatedores dos semin\u00e1rios CONASS Debate.","inLanguage":"pt-BR","potentialAction":[{"@type":"ReadAction","target":["https:\/\/www.conass.org.br\/conassdebate\/?page_id=168"]}]},{"@type":"WebSite","@id":"https:\/\/www.conass.org.br\/conassdebate\/#website","url":"https:\/\/www.conass.org.br\/conassdebate\/","name":"CONASS DEBATE","description":"Conass - Conselho Nacional dos Secret\u00e1rios de Sa\u00fadeo","potentialAction":[{"@type":"SearchAction","target":{"@type":"EntryPoint","urlTemplate":"https:\/\/www.conass.org.br\/conassdebate\/?s={search_term_string}"},"query-input":{"@type":"PropertyValueSpecification","valueRequired":true,"valueName":"search_term_string"}}],"inLanguage":"pt-BR"}]}},"_links":{"self":[{"href":"https:\/\/www.conass.org.br\/conassdebate\/index.php?rest_route=\/wp\/v2\/pages\/168"}],"collection":[{"href":"https:\/\/www.conass.org.br\/conassdebate\/index.php?rest_route=\/wp\/v2\/pages"}],"about":[{"href":"https:\/\/www.conass.org.br\/conassdebate\/index.php?rest_route=\/wp\/v2\/types\/page"}],"author":[{"embeddable":true,"href":"https:\/\/www.conass.org.br\/conassdebate\/index.php?rest_route=\/wp\/v2\/users\/3"}],"replies":[{"embeddable":true,"href":"https:\/\/www.conass.org.br\/conassdebate\/index.php?rest_route=%2Fwp%2Fv2%2Fcomments&post=168"}],"version-history":[{"count":8,"href":"https:\/\/www.conass.org.br\/conassdebate\/index.php?rest_route=\/wp\/v2\/pages\/168\/revisions"}],"predecessor-version":[{"id":348,"href":"https:\/\/www.conass.org.br\/conassdebate\/index.php?rest_route=\/wp\/v2\/pages\/168\/revisions\/348"}],"wp:attachment":[{"href":"https:\/\/www.conass.org.br\/conassdebate\/index.php?rest_route=%2Fwp%2Fv2%2Fmedia&parent=168"}],"curies":[{"name":"wp","href":"https:\/\/api.w.org\/{rel}","templated":true}]}}