{"id":89,"date":"2013-09-05T09:24:09","date_gmt":"2013-09-05T09:24:09","guid":{"rendered":"http:\/\/www.conass.org.br\/conassdebate\/?page_id=89"},"modified":"2018-05-03T12:33:16","modified_gmt":"2018-05-03T12:33:16","slug":"videos","status":"publish","type":"page","link":"https:\/\/www.conass.org.br\/conassdebate\/?page_id=89","title":{"rendered":"V\u00eddeos"},"content":{"rendered":"<p><strong><br \/>\nCONASS Debate \u2013 Semin\u00e1rio Internacional: O futuro dos sistemas universais de sa\u00fade no mundo<\/strong><br \/>\n\u200b<iframe loading=\"lazy\" src=\"https:\/\/www.youtube.com\/embed\/videoseries?list=PLbWxzCpfF_-RtVgZGJQQnlOI_HIR_6Eek\" width=\"800\" height=\"450\" frameborder=\"0\" allowfullscreen=\"allowfullscreen\"><\/iframe><\/p>\n<p><strong><br \/>\nCONASS Debate \u2013 Semin\u00e1rio Internacional sobre Seguran\u00e7a no Tr\u00e2nsito<\/strong><br \/>\n\u200b<iframe loading=\"lazy\" src=\"https:\/\/www.youtube.com\/embed\/videoseries?list=PLbWxzCpfF_-QSAhEwk0Ezx1P0J9uZ0uyq\" width=\"800\" height=\"450\" frameborder=\"0\" allowfullscreen=\"allowfullscreen\"><\/iframe><\/p>\n<p><strong><br \/>\nCONASS Debate &#8211; Inova\u00e7\u00e3o na Aten\u00e7\u00e3o Ambulatorial Especializada<\/strong><br \/>\n\u200b<iframe loading=\"lazy\" src=\"https:\/\/www.youtube.com\/embed\/videoseries?list=PLbWxzCpfF_-RRv7-cek8ob4MF1kwup4VY\" width=\"800\" height=\"450\" frameborder=\"0\" allowfullscreen=\"allowfullscreen\"><\/iframe><\/p>\n<p><strong><br \/>\nCONASS Debate &#8211; Que Sa\u00fade Voc\u00ea V\u00ea?<\/strong><br \/>\n\u200b<iframe loading=\"lazy\" src=\"https:\/\/www.youtube.com\/embed\/videoseries?list=PLbWxzCpfF_-TNPxE-YZwtxnWOPvJKNZST\" width=\"800\" height=\"450\" frameborder=\"0\" allowfullscreen=\"allowfullscreen\"><\/iframe><\/p>\n<p><strong><br \/>\nCONASS Debate &#8211; A crise contempor\u00e2nea dos modelos de aten\u00e7\u00e3o<\/strong><br \/>\n\u200b<iframe loading=\"lazy\" src=\"https:\/\/www.youtube.com\/embed\/videoseries?list=PLbWxzCpfF_-T4f2BJAt7PgdJhrG0iTqKh\" width=\"800\" height=\"450\" frameborder=\"0\" allowfullscreen=\"allowfullscreen\"><\/iframe><\/p>\n<p><strong><br \/>\nCONASS Debate &#8211; Caminhos da Sa\u00fade no Brasil<\/strong><br \/>\n\u200b<iframe loading=\"lazy\" src=\"https:\/\/www.youtube.com\/embed\/videoseries?list=PLbWxzCpfF_-RxJmN_U2YE4PcS3sMytcEm\" width=\"800\" height=\"450\" frameborder=\"0\" allowfullscreen=\"allowfullscreen\"><\/iframe><\/p>\n","protected":false},"excerpt":{"rendered":"<p>CONASS Debate \u2013 Semin\u00e1rio Internacional: O futuro dos sistemas universais de sa\u00fade no mundo \u200b CONASS Debate \u2013 Semin\u00e1rio Internacional sobre Seguran\u00e7a no Tr\u00e2nsito \u200b CONASS Debate &#8211; Inova\u00e7\u00e3o na Aten\u00e7\u00e3o Ambulatorial Especializada \u200b CONASS Debate &#8211; Que Sa\u00fade Voc\u00ea V\u00ea? \u200b CONASS Debate &#8211; A crise contempor\u00e2nea dos modelos de aten\u00e7\u00e3o \u200b CONASS Debate [&hellip;]<\/p>\n","protected":false},"author":3,"featured_media":0,"parent":0,"menu_order":0,"comment_status":"open","ping_status":"open","template":"","meta":{"footnotes":""},"class_list":["post-89","page","type-page","status-publish","hentry"],"yoast_head":"<!-- This site is optimized with the Yoast SEO plugin v23.6 - https:\/\/yoast.com\/wordpress\/plugins\/seo\/ -->\n<title>V\u00eddeos - CONASS DEBATE<\/title>\n<meta name=\"description\" content=\"V\u00eddeos com as apresenta\u00e7\u00f5es dos expositores e debatedores dos semin\u00e1rios do projeto CONASS Debate. Assista!\" \/>\n<meta name=\"robots\" content=\"index, follow, max-snippet:-1, max-image-preview:large, max-video-preview:-1\" \/>\n<link rel=\"canonical\" href=\"https:\/\/www.conass.org.br\/conassdebate\/?page_id=89\" \/>\n<meta property=\"og:locale\" content=\"pt_BR\" \/>\n<meta property=\"og:type\" content=\"article\" \/>\n<meta property=\"og:title\" content=\"V\u00eddeos - CONASS DEBATE\" \/>\n<meta property=\"og:description\" content=\"V\u00eddeos com as apresenta\u00e7\u00f5es dos expositores e debatedores dos semin\u00e1rios do projeto CONASS Debate. Assista!\" \/>\n<meta property=\"og:url\" content=\"https:\/\/www.conass.org.br\/conassdebate\/?page_id=89\" \/>\n<meta property=\"og:site_name\" content=\"CONASS DEBATE\" \/>\n<meta property=\"article:publisher\" content=\"https:\/\/www.facebook.com\/conassoficial\" \/>\n<meta property=\"article:modified_time\" content=\"2018-05-03T12:33:16+00:00\" \/>\n<meta property=\"og:image\" content=\"https:\/\/www.conass.org.br\/conassdebate\/wp-content\/uploads\/2013\/09\/conass_fb_ig_avatar.jpg\" \/>\n\t<meta property=\"og:image:width\" content=\"612\" \/>\n\t<meta property=\"og:image:height\" content=\"612\" \/>\n\t<meta property=\"og:image:type\" content=\"image\/jpeg\" \/>\n<script type=\"application\/ld+json\" class=\"yoast-schema-graph\">{\"@context\":\"https:\/\/schema.org\",\"@graph\":[{\"@type\":\"WebPage\",\"@id\":\"https:\/\/www.conass.org.br\/conassdebate\/?page_id=89\",\"url\":\"https:\/\/www.conass.org.br\/conassdebate\/?page_id=89\",\"name\":\"V\u00eddeos - CONASS DEBATE\",\"isPartOf\":{\"@id\":\"https:\/\/www.conass.org.br\/conassdebate\/#website\"},\"datePublished\":\"2013-09-05T09:24:09+00:00\",\"dateModified\":\"2018-05-03T12:33:16+00:00\",\"description\":\"V\u00eddeos com as apresenta\u00e7\u00f5es dos expositores e debatedores dos semin\u00e1rios do projeto CONASS Debate. Assista!\",\"inLanguage\":\"pt-BR\",\"potentialAction\":[{\"@type\":\"ReadAction\",\"target\":[\"https:\/\/www.conass.org.br\/conassdebate\/?page_id=89\"]}]},{\"@type\":\"WebSite\",\"@id\":\"https:\/\/www.conass.org.br\/conassdebate\/#website\",\"url\":\"https:\/\/www.conass.org.br\/conassdebate\/\",\"name\":\"CONASS DEBATE\",\"description\":\"Conass - Conselho Nacional dos Secret\u00e1rios de Sa\u00fadeo\",\"potentialAction\":[{\"@type\":\"SearchAction\",\"target\":{\"@type\":\"EntryPoint\",\"urlTemplate\":\"https:\/\/www.conass.org.br\/conassdebate\/?s={search_term_string}\"},\"query-input\":{\"@type\":\"PropertyValueSpecification\",\"valueRequired\":true,\"valueName\":\"search_term_string\"}}],\"inLanguage\":\"pt-BR\"}]}<\/script>\n<!-- \/ Yoast SEO plugin. -->","yoast_head_json":{"title":"V\u00eddeos - CONASS DEBATE","description":"V\u00eddeos com as apresenta\u00e7\u00f5es dos expositores e debatedores dos semin\u00e1rios do projeto CONASS Debate. Assista!","robots":{"index":"index","follow":"follow","max-snippet":"max-snippet:-1","max-image-preview":"max-image-preview:large","max-video-preview":"max-video-preview:-1"},"canonical":"https:\/\/www.conass.org.br\/conassdebate\/?page_id=89","og_locale":"pt_BR","og_type":"article","og_title":"V\u00eddeos - CONASS DEBATE","og_description":"V\u00eddeos com as apresenta\u00e7\u00f5es dos expositores e debatedores dos semin\u00e1rios do projeto CONASS Debate. Assista!","og_url":"https:\/\/www.conass.org.br\/conassdebate\/?page_id=89","og_site_name":"CONASS DEBATE","article_publisher":"https:\/\/www.facebook.com\/conassoficial","article_modified_time":"2018-05-03T12:33:16+00:00","og_image":[{"width":612,"height":612,"url":"https:\/\/www.conass.org.br\/conassdebate\/wp-content\/uploads\/2013\/09\/conass_fb_ig_avatar.jpg","type":"image\/jpeg"}],"schema":{"@context":"https:\/\/schema.org","@graph":[{"@type":"WebPage","@id":"https:\/\/www.conass.org.br\/conassdebate\/?page_id=89","url":"https:\/\/www.conass.org.br\/conassdebate\/?page_id=89","name":"V\u00eddeos - CONASS DEBATE","isPartOf":{"@id":"https:\/\/www.conass.org.br\/conassdebate\/#website"},"datePublished":"2013-09-05T09:24:09+00:00","dateModified":"2018-05-03T12:33:16+00:00","description":"V\u00eddeos com as apresenta\u00e7\u00f5es dos expositores e debatedores dos semin\u00e1rios do projeto CONASS Debate. Assista!","inLanguage":"pt-BR","potentialAction":[{"@type":"ReadAction","target":["https:\/\/www.conass.org.br\/conassdebate\/?page_id=89"]}]},{"@type":"WebSite","@id":"https:\/\/www.conass.org.br\/conassdebate\/#website","url":"https:\/\/www.conass.org.br\/conassdebate\/","name":"CONASS DEBATE","description":"Conass - Conselho Nacional dos Secret\u00e1rios de Sa\u00fadeo","potentialAction":[{"@type":"SearchAction","target":{"@type":"EntryPoint","urlTemplate":"https:\/\/www.conass.org.br\/conassdebate\/?s={search_term_string}"},"query-input":{"@type":"PropertyValueSpecification","valueRequired":true,"valueName":"search_term_string"}}],"inLanguage":"pt-BR"}]}},"_links":{"self":[{"href":"https:\/\/www.conass.org.br\/conassdebate\/index.php?rest_route=\/wp\/v2\/pages\/89"}],"collection":[{"href":"https:\/\/www.conass.org.br\/conassdebate\/index.php?rest_route=\/wp\/v2\/pages"}],"about":[{"href":"https:\/\/www.conass.org.br\/conassdebate\/index.php?rest_route=\/wp\/v2\/types\/page"}],"author":[{"embeddable":true,"href":"https:\/\/www.conass.org.br\/conassdebate\/index.php?rest_route=\/wp\/v2\/users\/3"}],"replies":[{"embeddable":true,"href":"https:\/\/www.conass.org.br\/conassdebate\/index.php?rest_route=%2Fwp%2Fv2%2Fcomments&post=89"}],"version-history":[{"count":20,"href":"https:\/\/www.conass.org.br\/conassdebate\/index.php?rest_route=\/wp\/v2\/pages\/89\/revisions"}],"predecessor-version":[{"id":487,"href":"https:\/\/www.conass.org.br\/conassdebate\/index.php?rest_route=\/wp\/v2\/pages\/89\/revisions\/487"}],"wp:attachment":[{"href":"https:\/\/www.conass.org.br\/conassdebate\/index.php?rest_route=%2Fwp%2Fv2%2Fmedia&parent=89"}],"curies":[{"name":"wp","href":"https:\/\/api.w.org\/{rel}","templated":true}]}}