{"id":10582,"date":"2016-04-15T05:44:07","date_gmt":"2016-04-15T08:44:07","guid":{"rendered":"http:\/\/www.conass.org.br\/guiainformacao\/?page_id=10582"},"modified":"2016-05-04T07:47:09","modified_gmt":"2016-05-04T10:47:09","slug":"2-administracao-publica","status":"publish","type":"page","link":"https:\/\/www.conass.org.br\/guiainformacao\/2-administracao-publica\/","title":{"rendered":"Administra\u00e7\u00e3o P\u00fablica"},"content":{"rendered":"<p>Administra\u00e7\u00e3o P\u00fablica \u00e9 a ordena\u00e7\u00e3o (planejamento e organiza\u00e7\u00e3o), a dire\u00e7\u00e3o e o controle dos servi\u00e7os do governo, nas esferas federal, estadual e municipal, segundo os preceitos do direito e da moral, visando ao bem comum.<\/p>\n<p>A Administra\u00e7\u00e3o pode ser entendida de tr\u00eas formas: 1) o conjunto de entes ou sujeitos de car\u00e1ter p\u00fablico \u2013 os meios, humanos e materiais, de que disp\u00f5e o governo para aplicar suas pol\u00edticas; 2) o conjunto de a\u00e7\u00f5es encaminhadas para o cumprimento dos programas e pol\u00edticas dos governos; e 3) a ci\u00eancia da Administra\u00e7\u00e3o P\u00fablica que se prop\u00f5e a estudar as condi\u00e7\u00f5es que permitem ao direito, emanado dos poderes do Estado, concretizar-se da maneira mais eficaz poss\u00edvel, atrav\u00e9s da atua\u00e7\u00e3o dos \u00f3rg\u00e3os administrativos.<\/p>\n<p>Neste Guia abordaremos a Administra\u00e7\u00e3o P\u00fablica na sua primeira forma, como \u201cmeios que disp\u00f5em os governos para executar suas pol\u00edticas, nesse caso o SUS\u201d.<\/p>\n<p>&nbsp;<\/p>\n<p><strong>Pesquise mais sobre o tema:<\/strong><\/p>\n<p>A Gest\u00e3o Administrativa e Financeira no SUS\/Conselho Nacional de Secret\u00e1rios de Sa\u00fade. \u2013 Bras\u00edlia: CONASS, 2011. Dispon\u00edvel em\u00a0<a href=\"http:\/\/www.conass.org.br\/bibliotecav3\/pdfs\/colecao2011\/livro_8.pdf\">http:\/\/www.conass.org.br\/bibliotecav3\/pdfs\/colecao2011\/livro_8.pdf<\/a><\/p>\n<p>A Gest\u00e3o Administrativa e Financeira no SUS\/Conselho Nacional de Secret\u00e1rios de Sa\u00fade. \u2013 Bras\u00edlia: CONASS, 2011 (atualiza\u00e7\u00e3o 2015). Dispon\u00edvel em\u00a0<a href=\"http:\/\/www.conass.org.br\/biblioteca\/pdf\/atualizacao-2015\/L08_Gestao-Admin-e-Financeira-no-SUS_jun2015.pdf\">http:\/\/www.conass.org.br\/biblioteca\/pdf\/atualizacao-2015\/L08_Gestao-Admin-e-Financeira-no-SUS_jun2015.pdf<\/a><\/p>\n<p>&nbsp;<\/p>\n<p style=\"text-align: right;\"><a href=\"http:\/\/www.conass.org.br\/guiainformacao\/administracao-publica\/\">Voltar ao \u00edndice<\/a>.<\/p>\n","protected":false},"excerpt":{"rendered":"<p>Administra\u00e7\u00e3o P\u00fablica \u00e9 a ordena\u00e7\u00e3o (planejamento e organiza\u00e7\u00e3o), a dire\u00e7\u00e3o e o controle dos servi\u00e7os do governo, nas esferas federal, estadual e municipal, segundo os preceitos do direito e da moral, visando ao bem comum. A Administra\u00e7\u00e3o pode ser entendida de tr\u00eas formas: 1) o conjunto de entes ou sujeitos de car\u00e1ter p\u00fablico \u2013 os [&hellip;]<\/p>\n","protected":false},"author":1,"featured_media":0,"parent":0,"menu_order":18,"comment_status":"open","ping_status":"open","template":"","meta":{"_exactmetrics_skip_tracking":false,"_exactmetrics_sitenote_active":false,"_exactmetrics_sitenote_note":"","_exactmetrics_sitenote_category":0,"footnotes":""},"class_list":["post-10582","page","type-page","status-publish","hentry"],"_links":{"self":[{"href":"https:\/\/www.conass.org.br\/guiainformacao\/wp-json\/wp\/v2\/pages\/10582","targetHints":{"allow":["GET"]}}],"collection":[{"href":"https:\/\/www.conass.org.br\/guiainformacao\/wp-json\/wp\/v2\/pages"}],"about":[{"href":"https:\/\/www.conass.org.br\/guiainformacao\/wp-json\/wp\/v2\/types\/page"}],"author":[{"embeddable":true,"href":"https:\/\/www.conass.org.br\/guiainformacao\/wp-json\/wp\/v2\/users\/1"}],"replies":[{"embeddable":true,"href":"https:\/\/www.conass.org.br\/guiainformacao\/wp-json\/wp\/v2\/comments?post=10582"}],"version-history":[{"count":5,"href":"https:\/\/www.conass.org.br\/guiainformacao\/wp-json\/wp\/v2\/pages\/10582\/revisions"}],"predecessor-version":[{"id":12489,"href":"https:\/\/www.conass.org.br\/guiainformacao\/wp-json\/wp\/v2\/pages\/10582\/revisions\/12489"}],"wp:attachment":[{"href":"https:\/\/www.conass.org.br\/guiainformacao\/wp-json\/wp\/v2\/media?parent=10582"}],"curies":[{"name":"wp","href":"https:\/\/api.w.org\/{rel}","templated":true}]}}