{"id":10592,"date":"2016-04-15T11:46:46","date_gmt":"2016-04-15T14:46:46","guid":{"rendered":"http:\/\/www.conass.org.br\/guiainformacao\/?page_id=10592"},"modified":"2016-05-05T12:31:34","modified_gmt":"2016-05-05T15:31:34","slug":"gestao-de-estoques","status":"publish","type":"page","link":"https:\/\/www.conass.org.br\/guiainformacao\/gestao-de-estoques\/","title":{"rendered":"Gest\u00e3o de estoques"},"content":{"rendered":"<p>Estoques s\u00e3o todos os bens e materiais mantidos para suprir demandas futuras. Na sua ess\u00eancia, servi\u00e7o p\u00fablico, como o pr\u00f3prio nome diz, consiste em prestar servi\u00e7os. Por isso, a fun\u00e7\u00e3o predominante na gest\u00e3o de estoques no setor p\u00fablico \u00e9 a de alimentar a produ\u00e7\u00e3o, no sentido de prover os materiais para a presta\u00e7\u00e3o dos servi\u00e7os.<\/p>\n<p>Nas SES podem ser encontrados os estoques na forma de produto acabado, materiais e produtos necess\u00e1rios para manuten\u00e7\u00e3o, reparo e suprimentos de opera\u00e7\u00f5es. O controle ou gest\u00e3o de estoques compreende todas as atividades, procedimentos e t\u00e9cnicas que permitem garantir a qualidade e a quantidades correta, no tempo correto, de cada item.<\/p>\n<p>Em espec\u00edfico, \u00e9 importante uma \u00e1rea adequada para o estoque dos produtos, sendo necess\u00e1rio orden\u00e1-los segundo suas especificidades, caracter\u00edsticas e condi\u00e7\u00f5es de conserva\u00e7\u00e3o, assim como medidas adequadas de seguran\u00e7a. Como exemplo podemos citar os medicamentos, os imunobiol\u00f3gicos para os quais existem regras apropriadas para sua conserva\u00e7\u00e3o.<\/p>\n<p>O setor privado, quando n\u00e3o utiliza recursos p\u00fablicos, tem flexibilidade para escolher e negociar com seus fornecedores conforme sua vontade e interesse. O setor p\u00fablico se submete a um arcabou\u00e7o jur\u00eddico-legal e normativo que pressup\u00f5es compras mediante processos licitat\u00f3rios com regras e prazos estabelecidos, o que amplia, significativamente, os prazos de reposi\u00e7\u00e3o dos estoques.<\/p>\n<p>Algumas recomenda\u00e7\u00f5es gerais, se observadas, melhoraram a gest\u00e3o de estoques no setor p\u00fablico:<\/p>\n<p style=\"padding-left: 60px;\"><strong>\u00bb <\/strong>Ado\u00e7\u00e3o de ordens de compras que permitam definir quantidades segundo a demanda (necessidade) de produtos e servi\u00e7os,<\/p>\n<p style=\"padding-left: 60px;\"><strong>\u00bb <\/strong>Entregas de pedidos nos locais de consumo ou de instala\u00e7\u00e3o,<\/p>\n<p style=\"padding-left: 60px;\"><strong>\u00bb <\/strong>Instala\u00e7\u00e3o e configura\u00e7\u00e3o de equipamentos e materiais necess\u00e1rios \u00e0 presta\u00e7\u00e3o dos servi\u00e7os pelos pr\u00f3prios fornecedores contratados,<\/p>\n<p style=\"padding-left: 60px;\"><strong>\u00bb <\/strong>Uso de licita\u00e7\u00f5es na modalidade preg\u00e3o e preg\u00e3o eletr\u00f4nico.<\/p>\n<p>Mas, em se tratando de \u00e1rea de sa\u00fade, deve-se pensar em primeiro lugar na quest\u00e3o do acesso, principalmente do medicamento. Nesse sentido deve-se pensar na: disponibilidade \u2013 tipo de produto, quantitativo e tipo de servi\u00e7o vinculado necess\u00e1rio e ofertado; acessibilidade geogr\u00e1fica \u2013 localiza\u00e7\u00e3o de servi\u00e7o e localiza\u00e7\u00e3o do usu\u00e1rio; e aceitabilidade \u2013 expectativa do usu\u00e1rio e caracter\u00edsticas reais do produto.<\/p>\n<p>Ressalta-se que a fun\u00e7\u00e3o de estoque pode ser assegurada mediante contrata\u00e7\u00e3o de servi\u00e7os terceirizados como log\u00edstica, que deve englobar armazenagem e distribui\u00e7\u00e3o.<\/p>\n<p>&nbsp;<\/p>\n<p><strong>Pesquise mais sobre o tema:<\/strong><\/p>\n<p>Portal do Minist\u00e9rio do Planejamento, Or\u00e7amento e Gest\u00e3o que trata das Compras Governamentais, no link\u00a0<a href=\"http:\/\/www.comprasgovernamentais.gov.br\/\">http:\/\/www.comprasgovernamentais.gov.br\/<\/a>.<\/p>\n","protected":false},"excerpt":{"rendered":"<p>Estoques s\u00e3o todos os bens e materiais mantidos para suprir demandas futuras. Na sua ess\u00eancia, servi\u00e7o p\u00fablico, como o pr\u00f3prio nome diz, consiste em prestar servi\u00e7os. Por isso, a fun\u00e7\u00e3o predominante na gest\u00e3o de estoques no setor p\u00fablico \u00e9 a de alimentar a produ\u00e7\u00e3o, no sentido de prover os materiais para a presta\u00e7\u00e3o dos servi\u00e7os. [&hellip;]<\/p>\n","protected":false},"author":1,"featured_media":0,"parent":0,"menu_order":21,"comment_status":"open","ping_status":"open","template":"","meta":{"_exactmetrics_skip_tracking":false,"_exactmetrics_sitenote_active":false,"_exactmetrics_sitenote_note":"","_exactmetrics_sitenote_category":0,"footnotes":""},"class_list":["post-10592","page","type-page","status-publish","hentry"],"_links":{"self":[{"href":"https:\/\/www.conass.org.br\/guiainformacao\/wp-json\/wp\/v2\/pages\/10592","targetHints":{"allow":["GET"]}}],"collection":[{"href":"https:\/\/www.conass.org.br\/guiainformacao\/wp-json\/wp\/v2\/pages"}],"about":[{"href":"https:\/\/www.conass.org.br\/guiainformacao\/wp-json\/wp\/v2\/types\/page"}],"author":[{"embeddable":true,"href":"https:\/\/www.conass.org.br\/guiainformacao\/wp-json\/wp\/v2\/users\/1"}],"replies":[{"embeddable":true,"href":"https:\/\/www.conass.org.br\/guiainformacao\/wp-json\/wp\/v2\/comments?post=10592"}],"version-history":[{"count":5,"href":"https:\/\/www.conass.org.br\/guiainformacao\/wp-json\/wp\/v2\/pages\/10592\/revisions"}],"predecessor-version":[{"id":12631,"href":"https:\/\/www.conass.org.br\/guiainformacao\/wp-json\/wp\/v2\/pages\/10592\/revisions\/12631"}],"wp:attachment":[{"href":"https:\/\/www.conass.org.br\/guiainformacao\/wp-json\/wp\/v2\/media?parent=10592"}],"curies":[{"name":"wp","href":"https:\/\/api.w.org\/{rel}","templated":true}]}}