{"id":10618,"date":"2016-04-15T13:13:00","date_gmt":"2016-04-15T16:13:00","guid":{"rendered":"http:\/\/www.conass.org.br\/guiainformacao\/?page_id=10618"},"modified":"2016-05-04T09:37:59","modified_gmt":"2016-05-04T12:37:59","slug":"reajuste-revisao-e-repactuacao-dos-contratos","status":"publish","type":"page","link":"https:\/\/www.conass.org.br\/guiainformacao\/reajuste-revisao-e-repactuacao-dos-contratos\/","title":{"rendered":"Reajuste, revis\u00e3o e repactua\u00e7\u00e3o dos contratos"},"content":{"rendered":"<p>No transcorrer da vig\u00eancia do contrato, frequentemente, a Administra\u00e7\u00e3o se depara com a necessidade de modificar o pre\u00e7o inicialmente pactuado, seja de of\u00edcio ou em raz\u00e3o de solicita\u00e7\u00e3o do particular. Para tanto, dever\u00e1 se valer do instrumento apto a implement\u00e1-la, sendo os mais utilizados o reajuste, a revis\u00e3o e a repactua\u00e7\u00e3o.<\/p>\n<p>O <strong>reajuste<\/strong> \u00e9 o meio adequado a atualizar o valor do contrato, levando-se em conta a eleva\u00e7\u00e3o do custo de produ\u00e7\u00e3o de seu objeto, diante do curso normal da economia.<\/p>\n<p>Segundo o disposto no Inc. XI do Art. 40 da Lei de Licita\u00e7\u00f5es, o reajuste deve retratar a varia\u00e7\u00e3o efetiva do custo de produ\u00e7\u00e3o, desde a data da apresenta\u00e7\u00e3o da proposta at\u00e9 a data do adimplemento de cada parcela. Ocorre com base em \u00edndices previamente fixados no instrumento convocat\u00f3rio e no contrato (Art. 40, Inc. XI e Art. 55, Inc. III da <a href=\"http:\/\/www.planalto.gov.br\/ccivil_03\/leis\/L8666cons.htm\" target=\"_blank\">Lei n.8.666\/1993<\/a>). Segundo a legisla\u00e7\u00e3o em vigor (<a href=\"http:\/\/www.planalto.gov.br\/ccivil_03\/leis\/L9069.htm\" target=\"_blank\">Lei n. 9.069\/1995<\/a>\u00a0e <a href=\"http:\/\/www.planalto.gov.br\/ccivil_03\/leis\/LEIS_2001\/L10192.htm\" target=\"_blank\">Lei n. 10.192\/2001<\/a>), somente poder\u00e1 ser efetivado depois de decorrido um ano, a contar da data da apresenta\u00e7\u00e3o da proposta ou do or\u00e7amento a que essa se referir.<\/p>\n<p>J\u00e1 a <strong>revis\u00e3o <\/strong>\u00e9 o instrumento por meio do qual se restabelece o equil\u00edbrio da rela\u00e7\u00e3o firmada entre a Administra\u00e7\u00e3o e o contratado (ou seja, entre os encargos do particular e a remunera\u00e7\u00e3o devida pela Administra\u00e7\u00e3o), prejudicada em virtude da ocorr\u00eancia de fato superveniente \u00e0 data da apresenta\u00e7\u00e3o da proposta. Vem disciplinada no Art. 65, inciso II, al\u00ednea \u201cd\u201d e \u00a7 5\u00ba e \u00a7 6\u00ba da Lei n. 8.666\/1993.<\/p>\n<p>A <strong>repactua\u00e7\u00e3o<\/strong>, por sua vez, \u00e9 o meio criado para recompor o equil\u00edbrio da equa\u00e7\u00e3o econ\u00f4mico-financeira nos contratos de presta\u00e7\u00e3o de servi\u00e7os celebrados pela Administra\u00e7\u00e3o P\u00fablica Federal. Vem disciplinada no <a href=\"http:\/\/www.planalto.gov.br\/ccivil_03\/decreto\/d2271.htm\" target=\"_blank\">Decreto n. 2.271\/1997<\/a>\u00a0e pela <a href=\"http:\/\/www.comprasnet.gov.br\/legislacao\/in\/in18_97.htm\" target=\"_blank\">IN n. 18\/1997<\/a>, do extinto Minist\u00e9rio da Administra\u00e7\u00e3o e Reforma do Estado (Mare). Deve estar prevista no edital e somente poder\u00e1 ser promovida ap\u00f3s o intervalo m\u00ednimo de um ano, com base na varia\u00e7\u00e3o verificada nos custos componentes do contrato. Assim, chegado o momento da repactua\u00e7\u00e3o, o contratado dever\u00e1 apresentar planilha demonstrativa da varia\u00e7\u00e3o dos custos no per\u00edodo e a Administra\u00e7\u00e3o, a partir da averigua\u00e7\u00e3o da planilha apresentada e da realidade do mercado, se for o caso, proceder\u00e1 \u00e0 repactua\u00e7\u00e3o.<\/p>\n<p>&nbsp;<\/p>\n<p><strong>Pesquise mais sobre o tema:<\/strong><\/p>\n<ol>\n<li>Manual para os gestores de contratos da administra\u00e7\u00e3o p\u00fablica estadual. Governo do Estado de Goi\u00e1s &#8211; 2010. Dispon\u00edvel em\u00a0<a href=\"http:\/\/www.controladoria.go.gov.br\/cge\/wp-content\/uploads\/2013\/04\/ManualGestoresContratosAdmEstadual.pdf\">http:\/\/www.controladoria.go.gov.br\/cge\/wp-content\/uploads\/2013\/04\/ManualGestoresContratosAdmEstadual.pdf<\/a><\/li>\n<\/ol>\n<ol start=\"2\">\n<li>Manual de orienta\u00e7\u00e3o para a gest\u00e3o do desempenho. Minist\u00e9rio do Planejamento, Or\u00e7amento e Gest\u00e3o \u2013 2013. Dispon\u00edvel em\u00a0<a href=\"http:\/\/www.planejamento.gov.br\/assuntos\/gestao-publica\/arquivos-e-publicacoes\/manual_orientacao_para_gestao_desempenho.pdf\">http:\/\/www.planejamento.gov.br\/assuntos\/gestao-publica\/arquivos-e-publicacoes\/manual_orientacao_para_gestao_desempenho.pdf<\/a><\/li>\n<\/ol>\n<ol start=\"3\">\n<li>Manual de Integridade P\u00fablica e Fortalecimento da Gest\u00e3o Orienta\u00e7\u00f5es para o Gestor Municipal. Controladoria Geral da Uni\u00e3o \u2013 2013. Dispon\u00edvel em\u00a0<a href=\"http:\/\/www.cgu.gov.br\/Publicacoes\/etica-e-integridade\/arquivos\/manualintegridade2013.pdf\">http:\/\/www.cgu.gov.br\/Publicacoes\/etica-e-integridade\/arquivos\/manualintegridade2013.pdf<\/a><\/li>\n<\/ol>\n<ol start=\"4\">\n<li>Licita\u00e7\u00f5es e contratos administrativos &#8211; legisla\u00e7\u00e3o b\u00e1sica. Tribunal de Contas da Uni\u00e3o. 2008. Dispon\u00edvel em\u00a0 <a href=\"http:\/\/portal2.tcu.gov.br\/portal\/pls\/portal\/docs\/2056848.PDF\">http:\/\/portal2.tcu.gov.br\/portal\/pls\/portal\/docs\/2056848.PDF\n<p><\/a><\/li>\n<li>Obras P\u00fablicas Recomenda\u00e7\u00f5es B\u00e1sicas para a Contrata\u00e7\u00e3o e Fiscaliza\u00e7\u00e3o de Obras de Edifica\u00e7\u00f5es P\u00fablicas. Tribunal de Contas da Uni\u00e3o \u2013 2013. Dispon\u00edvel em\u00a0<a href=\"http:\/\/portal2.tcu.gov.br\/portal\/pls\/portal\/docs\/2545893.PDF\">http:\/\/portal2.tcu.gov.br\/portal\/pls\/portal\/docs\/2545893.PDF<\/a><\/li>\n<\/ol>\n<ol start=\"6\">\n<li>Licita\u00e7\u00f5es e Contratos &#8211; Orienta\u00e7\u00f5es e Jurisprud\u00eancia do TCU. Tribunal de Contas da Uni\u00e3o \u2013 2010. Dispon\u00edvel em <a href=\"http:\/\/portal.tcu.gov.br\/lumis\/portal\/file\/fileDownload.jsp?inline=1&amp;fileId=8A8182A24D6E86A4014D72AC81CA540A\">http:\/\/portal.tcu.gov.br\/lumis\/portal\/file\/fileDownload.jsp?inline=1&amp;fileId=8A8182A24D6E86A4014D72AC81CA540A<\/a><\/li>\n<\/ol>\n<ol start=\"7\">\n<li>Conv\u00eanios e outros repasses. Tribunal de Contas da Uni\u00e3o \u2013 2013. Dispon\u00edvel em\u00a0<a href=\"http:\/\/portal2.tcu.gov.br\/portal\/pls\/portal\/docs\/2548956.PDF\">http:\/\/portal2.tcu.gov.br\/portal\/pls\/portal\/docs\/2548956.PDF<\/a><\/li>\n<\/ol>\n<ol start=\"8\">\n<li>Planejamento governamental e gest\u00e3o p\u00fablica no Brasil: elementos para ressignificar o debate e capacitar o estado. Instituto de Pesquisa Econ\u00f4mica aplicada \u2013 IPEA \u2013 2011. Dispon\u00edvel em\u00a0<a href=\"http:\/\/www.ipea.gov.br\/portal\/images\/stories\/PDFs\/TDs\/td_1584.pdf\">http:\/\/www.ipea.gov.br\/portal\/images\/stories\/PDFs\/TDs\/td_1584.pdf<\/a><\/li>\n<\/ol>\n<p>&nbsp;<\/p>\n<p><strong>Saiba mais:<\/strong><\/p>\n<ul class=\"nav nav-list\">\n<li><a href=\"http:\/\/www.conass.org.br\/guiainformacao\/contratos-administrativos\">2.1.3 Contratos administrativos<\/a>\n<ul class=\"nav nav-list\">\n<li><a href=\"http:\/\/www.conass.org.br\/guiainformacao\/fiscalizacao-dos-contratos\">2.1.3.1 Fiscaliza\u00e7\u00e3o dos contratos<\/a><\/li>\n<li><a href=\"http:\/\/www.conass.org.br\/guiainformacao\/reajuste-revisao-e-repactuacao-dos-contratos\">2.1.3.2 Reajuste, revis\u00e3o e repactua\u00e7\u00e3o dos contratos<\/a><\/li>\n<\/ul>\n<\/li>\n<\/ul>\n","protected":false},"excerpt":{"rendered":"<p>No transcorrer da vig\u00eancia do contrato, frequentemente, a Administra\u00e7\u00e3o se depara com a necessidade de modificar o pre\u00e7o inicialmente pactuado, seja de of\u00edcio ou em raz\u00e3o de solicita\u00e7\u00e3o do particular. Para tanto, dever\u00e1 se valer do instrumento apto a implement\u00e1-la, sendo os mais utilizados o reajuste, a revis\u00e3o e a repactua\u00e7\u00e3o. O reajuste \u00e9 o [&hellip;]<\/p>\n","protected":false},"author":1,"featured_media":0,"parent":0,"menu_order":32,"comment_status":"open","ping_status":"open","template":"","meta":{"_exactmetrics_skip_tracking":false,"_exactmetrics_sitenote_active":false,"_exactmetrics_sitenote_note":"","_exactmetrics_sitenote_category":0,"footnotes":""},"class_list":["post-10618","page","type-page","status-publish","hentry"],"_links":{"self":[{"href":"https:\/\/www.conass.org.br\/guiainformacao\/wp-json\/wp\/v2\/pages\/10618","targetHints":{"allow":["GET"]}}],"collection":[{"href":"https:\/\/www.conass.org.br\/guiainformacao\/wp-json\/wp\/v2\/pages"}],"about":[{"href":"https:\/\/www.conass.org.br\/guiainformacao\/wp-json\/wp\/v2\/types\/page"}],"author":[{"embeddable":true,"href":"https:\/\/www.conass.org.br\/guiainformacao\/wp-json\/wp\/v2\/users\/1"}],"replies":[{"embeddable":true,"href":"https:\/\/www.conass.org.br\/guiainformacao\/wp-json\/wp\/v2\/comments?post=10618"}],"version-history":[{"count":4,"href":"https:\/\/www.conass.org.br\/guiainformacao\/wp-json\/wp\/v2\/pages\/10618\/revisions"}],"predecessor-version":[{"id":12521,"href":"https:\/\/www.conass.org.br\/guiainformacao\/wp-json\/wp\/v2\/pages\/10618\/revisions\/12521"}],"wp:attachment":[{"href":"https:\/\/www.conass.org.br\/guiainformacao\/wp-json\/wp\/v2\/media?parent=10618"}],"curies":[{"name":"wp","href":"https:\/\/api.w.org\/{rel}","templated":true}]}}