{"id":10624,"date":"2016-04-15T13:31:44","date_gmt":"2016-04-15T16:31:44","guid":{"rendered":"http:\/\/www.conass.org.br\/guiainformacao\/?page_id=10624"},"modified":"2016-05-04T11:34:59","modified_gmt":"2016-05-04T14:34:59","slug":"administracao-direta","status":"publish","type":"page","link":"https:\/\/www.conass.org.br\/guiainformacao\/administracao-direta\/","title":{"rendered":"Administra\u00e7\u00e3o Direta"},"content":{"rendered":"<p>Conforme a express\u00e3o do <a href=\"http:\/\/www.planalto.gov.br\/ccivil_03\/decreto-lei\/Del0200.htm\" target=\"_blank\">Decreto-Lei n. 200\/1967<\/a>, <strong>a administra\u00e7\u00e3o direta<\/strong> constitui os \u201cservi\u00e7os integrados na estrutura administrativa da Presid\u00eancia da Rep\u00fablica e dos Minist\u00e9rios\u201d (art. 4\u00ba, I). Portanto, os \u00f3rg\u00e3os da administra\u00e7\u00e3o direta n\u00e3o t\u00eam personalidade jur\u00eddica pr\u00f3pria, pertencem \u00e0 Uni\u00e3o, Estado, Distrito Federal ou Munic\u00edpio,\u00a0 s\u00e3o criados por lei para auxiliar o Chefe do Poder (<a href=\"http:\/\/www.planalto.gov.br\/ccivil_03\/Constituicao\/Constituicao.htm\" target=\"_blank\">Constitui\u00e7\u00e3o Federal<\/a>, art. 76) e regem-se, pelo regime jur\u00eddico de direito p\u00fablico (patrim\u00f4nio, or\u00e7amento, finan\u00e7as, fiscaliza\u00e7\u00e3o, contabilidade, pessoal, licita\u00e7\u00e3o na contrata\u00e7\u00e3o de obras, servi\u00e7os e compras, responsabiliza\u00e7\u00e3o e controle).<\/p>\n<p>As diretrizes, os objetivos e as metas dos \u00f3rg\u00e3os da administra\u00e7\u00e3o direta devem constar de plano plurianual, aprovado por lei (Constitui\u00e7\u00e3o Federal, art. 165, \u00a7 1\u00ba). O or\u00e7amento deve ser estabelecido na lei or\u00e7ament\u00e1ria anual (Constitui\u00e7\u00e3o Federal, art. 165, \u00a7 5\u00ba). Portanto, a administra\u00e7\u00e3o direta \u00e9 diretamente financiada com recursos do or\u00e7amento geral do Ente federativo, previstos na Lei Or\u00e7ament\u00e1ria Anual (LOA) (Constitui\u00e7\u00e3o Federal, art. 165, \u00a7 5\u00ba, I). Seu regime financeiro e cont\u00e1bil \u00e9 regido pela <a href=\"http:\/\/www.planalto.gov.br\/ccivil_03\/Leis\/L4320.htm\" target=\"_blank\">Lei n. 4.320, de 1964<\/a>, e pela Lei de Responsabilidade Fiscal (LRF), <a href=\"http:\/\/www.planalto.gov.br\/ccivil_03\/leis\/LCP\/Lcp101.htm\" target=\"_blank\">Lei Complementar n. 101\/2000<\/a>.<\/p>\n<p>&nbsp;<\/p>\n<p><strong>Pesquise mais sobre o tema:<\/strong><\/p>\n<p style=\"padding-left: 30px;\"><a href=\"http:\/\/www.stf.jus.br\/portal\/constituicao\/artigobd.asp?item=%201596\">http:\/\/www.stf.jus.br\/portal\/constituicao\/artigobd.asp?item=%201596<\/a><\/p>\n<p style=\"padding-left: 30px;\"><a href=\"http:\/\/www.conass.org.br\/biblioteca\/pdf\/colecao2015\/CONASS-DIREITO_A_SAUDE-ART_20B.pdf\" target=\"_blank\">http:\/\/www.conass.org.br\/biblioteca\/pdf\/colecao2015\/CONASS-DIREITO_A_SAUDE-ART_20B.pdf<\/a><\/p>\n<p style=\"padding-left: 30px;\"><a href=\"http:\/\/www.conass.org.br\/biblioteca\/pdf\/Alternativas-de-Gerencia-de-Unidades-Publicas-de-Saude.pdf\">http:\/\/www.conass.org.br\/biblioteca\/pdf\/Alternativas-de-Gerencia-de-Unidades-Publicas-de-Saude.pdf<\/a> \/ (p\u00e1g. 22 a 25)<\/p>\n<p><strong><br \/>\nSaiba mais:<\/strong><\/p>\n<ul class=\"nav nav-list\">\n<li class=\"\"><a href=\"http:\/\/www.conass.org.br\/guiainformacao\/administracao-publica\/#\">2.2 Alternativas de ger\u00eancia<\/a>\n<ul class=\"nav nav-list\">\n<li><a href=\"http:\/\/www.conass.org.br\/guiainformacao\/introducao\">2.2.1 Introdu\u00e7\u00e3o<\/a><\/li>\n<li><a href=\"http:\/\/www.conass.org.br\/guiainformacao\/as-alternativas-de-gerencia-para-as-unidades-publicas-de-saude\">2.2.2 As Alternativas de Ger\u00eancia para as Unidades P\u00fablicas de Sa\u00fade<\/a>\n<ul class=\"nav nav-list\">\n<li><a href=\"http:\/\/www.conass.org.br\/guiainformacao\/administracao-direta\">2.2.2.1 Administra\u00e7\u00e3o Direta<\/a><\/li>\n<li><a href=\"http:\/\/www.conass.org.br\/guiainformacao\/administracao-indireta\">2.2.2.2 Administra\u00e7\u00e3o Indireta<\/a>\n<ul class=\"nav nav-list\">\n<li><a href=\"http:\/\/www.conass.org.br\/guiainformacao\/autarquia\">Autarquia<\/a><\/li>\n<li><a href=\"http:\/\/www.conass.org.br\/guiainformacao\/fundacao-publica\">Funda\u00e7\u00e3o P\u00fablica<\/a><\/li>\n<li><a href=\"http:\/\/www.conass.org.br\/guiainformacao\/consorcio-publico\">Cons\u00f3rcio P\u00fablico<\/a><\/li>\n<li><a href=\"http:\/\/www.conass.org.br\/guiainformacao\/empresa-estatal\">Empresa Estatal<\/a><\/li>\n<li><a href=\"http:\/\/www.conass.org.br\/guiainformacao\/servico-social-autonomo\">Servi\u00e7o Social Aut\u00f4nomo<\/a><\/li>\n<li><a href=\"http:\/\/www.conass.org.br\/guiainformacao\/organizacao-social\">Organiza\u00e7\u00e3o Social<\/a><\/li>\n<li><a href=\"http:\/\/www.conass.org.br\/guiainformacao\/organizacao-da%E2%80%A6eresse-publico\">Organiza\u00e7\u00f5es da Sociedade Civil de Interesse P\u00fablico<\/a><\/li>\n<li><a href=\"http:\/\/www.conass.org.br\/guiainformacao\/fundacao-de-apoio\">Funda\u00e7\u00e3o de Apoio<\/a><\/li>\n<li><a href=\"http:\/\/www.conass.org.br\/guiainformacao\/parceria-publico-privada\">Parceria P\u00fablico Privada<\/a><\/li>\n<\/ul>\n<\/li>\n<\/ul>\n<\/li>\n<\/ul>\n<\/li>\n<\/ul>\n","protected":false},"excerpt":{"rendered":"<p>Conforme a express\u00e3o do Decreto-Lei n. 200\/1967, a administra\u00e7\u00e3o direta constitui os \u201cservi\u00e7os integrados na estrutura administrativa da Presid\u00eancia da Rep\u00fablica e dos Minist\u00e9rios\u201d (art. 4\u00ba, I). Portanto, os \u00f3rg\u00e3os da administra\u00e7\u00e3o direta n\u00e3o t\u00eam personalidade jur\u00eddica pr\u00f3pria, pertencem \u00e0 Uni\u00e3o, Estado, Distrito Federal ou Munic\u00edpio,\u00a0 s\u00e3o criados por lei para auxiliar o Chefe do [&hellip;]<\/p>\n","protected":false},"author":1,"featured_media":0,"parent":0,"menu_order":35,"comment_status":"open","ping_status":"open","template":"","meta":{"_exactmetrics_skip_tracking":false,"_exactmetrics_sitenote_active":false,"_exactmetrics_sitenote_note":"","_exactmetrics_sitenote_category":0,"footnotes":""},"class_list":["post-10624","page","type-page","status-publish","hentry"],"_links":{"self":[{"href":"https:\/\/www.conass.org.br\/guiainformacao\/wp-json\/wp\/v2\/pages\/10624","targetHints":{"allow":["GET"]}}],"collection":[{"href":"https:\/\/www.conass.org.br\/guiainformacao\/wp-json\/wp\/v2\/pages"}],"about":[{"href":"https:\/\/www.conass.org.br\/guiainformacao\/wp-json\/wp\/v2\/types\/page"}],"author":[{"embeddable":true,"href":"https:\/\/www.conass.org.br\/guiainformacao\/wp-json\/wp\/v2\/users\/1"}],"replies":[{"embeddable":true,"href":"https:\/\/www.conass.org.br\/guiainformacao\/wp-json\/wp\/v2\/comments?post=10624"}],"version-history":[{"count":5,"href":"https:\/\/www.conass.org.br\/guiainformacao\/wp-json\/wp\/v2\/pages\/10624\/revisions"}],"predecessor-version":[{"id":12541,"href":"https:\/\/www.conass.org.br\/guiainformacao\/wp-json\/wp\/v2\/pages\/10624\/revisions\/12541"}],"wp:attachment":[{"href":"https:\/\/www.conass.org.br\/guiainformacao\/wp-json\/wp\/v2\/media?parent=10624"}],"curies":[{"name":"wp","href":"https:\/\/api.w.org\/{rel}","templated":true}]}}