{"id":10626,"date":"2016-04-15T13:33:41","date_gmt":"2016-04-15T16:33:41","guid":{"rendered":"http:\/\/www.conass.org.br\/guiainformacao\/?page_id=10626"},"modified":"2016-05-04T11:38:06","modified_gmt":"2016-05-04T14:38:06","slug":"administracao-indireta","status":"publish","type":"page","link":"https:\/\/www.conass.org.br\/guiainformacao\/administracao-indireta\/","title":{"rendered":"Administra\u00e7\u00e3o indireta"},"content":{"rendered":"<p>A <strong>administra\u00e7\u00e3o indireta<\/strong> \u00e9 composta por entidades administrativas, dotadas de personalidade jur\u00eddica pr\u00f3pria e autonomia administrativa, criadas mediante lei espec\u00edfica, para o exerc\u00edcio de finalidade e compet\u00eancias descentralizadas.<\/p>\n<p>As entidades da <strong>administra\u00e7\u00e3o indireta<\/strong> podem ser de direito p\u00fablico (autarquia, funda\u00e7\u00e3o p\u00fablica de direito p\u00fablico e associa\u00e7\u00e3o p\u00fablica) ou de direito privado (empresa p\u00fablica, sociedade de economia mista ou funda\u00e7\u00e3o p\u00fablica de direito privado) e vinculam-se ao \u00f3rg\u00e3o da administra\u00e7\u00e3o direta respons\u00e1vel pela \u00e1rea de compet\u00eancia na qual ela se insere, para fins de coordena\u00e7\u00e3o e supervis\u00e3o pol\u00edtica e administrativa.<\/p>\n<p>J\u00e1 as <strong>entidades de direito privado<\/strong> prestam servi\u00e7os p\u00fablicos que n\u00e3o s\u00e3o privativos do Poder P\u00fablico, podendo ser explorados ou exercidos, sem fins lucrativos, por entidades privadas, criadas e geridas por particulares.<\/p>\n<p>A seguir os principais modelos da administra\u00e7\u00e3o indireta:<\/p>\n<ul class=\"nav nav-list\">\n<li><a href=\"http:\/\/www.conass.org.br\/guiainformacao\/autarquia\">Autarquia<\/a><\/li>\n<li><a href=\"http:\/\/www.conass.org.br\/guiainformacao\/fundacao-publica\">Funda\u00e7\u00e3o P\u00fablica<\/a><\/li>\n<li><a href=\"http:\/\/www.conass.org.br\/guiainformacao\/consorcio-publico\">Cons\u00f3rcio P\u00fablico<\/a><\/li>\n<li><a href=\"http:\/\/www.conass.org.br\/guiainformacao\/empresa-estatal\">Empresa Estatal<\/a><\/li>\n<li><a href=\"http:\/\/www.conass.org.br\/guiainformacao\/servico-social-autonomo\">Servi\u00e7o Social Aut\u00f4nomo<\/a><\/li>\n<li><a href=\"http:\/\/www.conass.org.br\/guiainformacao\/organizacao-social\">Organiza\u00e7\u00e3o Social<\/a><\/li>\n<li><a href=\"http:\/\/www.conass.org.br\/guiainformacao\/organizacao-da%E2%80%A6eresse-publico\">Organiza\u00e7\u00f5es da Sociedade Civil de Interesse P\u00fablico<\/a><\/li>\n<li><a href=\"http:\/\/www.conass.org.br\/guiainformacao\/fundacao-de-apoio\">Funda\u00e7\u00e3o de Apoio<\/a><\/li>\n<li><a href=\"http:\/\/www.conass.org.br\/guiainformacao\/parceria-publico-privada\">Parceria P\u00fablico Privada<\/a><\/li>\n<\/ul>\n<p>&nbsp;<\/p>\n<p><strong>Saiba mais:<\/strong><\/p>\n<ul class=\"nav nav-list\">\n<li class=\"\"><a href=\"http:\/\/www.conass.org.br\/guiainformacao\/administracao-publica\/#\">2.2 Alternativas de ger\u00eancia<\/a>\n<ul class=\"nav nav-list\">\n<li><a href=\"http:\/\/www.conass.org.br\/guiainformacao\/introducao\">2.2.1 Introdu\u00e7\u00e3o<\/a><\/li>\n<li><a href=\"http:\/\/www.conass.org.br\/guiainformacao\/as-alternativas-de-gerencia-para-as-unidades-publicas-de-saude\">2.2.2 As Alternativas de Ger\u00eancia para as Unidades P\u00fablicas de Sa\u00fade<\/a>\n<ul class=\"nav nav-list\">\n<li><a href=\"http:\/\/www.conass.org.br\/guiainformacao\/administracao-direta\">2.2.2.1 Administra\u00e7\u00e3o Direta<\/a><\/li>\n<li><a href=\"http:\/\/www.conass.org.br\/guiainformacao\/administracao-indireta\">2.2.2.2 Administra\u00e7\u00e3o Indireta<\/a><\/li>\n<\/ul>\n<\/li>\n<\/ul>\n<\/li>\n<\/ul>\n","protected":false},"excerpt":{"rendered":"<p>A administra\u00e7\u00e3o indireta \u00e9 composta por entidades administrativas, dotadas de personalidade jur\u00eddica pr\u00f3pria e autonomia administrativa, criadas mediante lei espec\u00edfica, para o exerc\u00edcio de finalidade e compet\u00eancias descentralizadas. As entidades da administra\u00e7\u00e3o indireta podem ser de direito p\u00fablico (autarquia, funda\u00e7\u00e3o p\u00fablica de direito p\u00fablico e associa\u00e7\u00e3o p\u00fablica) ou de direito privado (empresa p\u00fablica, sociedade de [&hellip;]<\/p>\n","protected":false},"author":1,"featured_media":0,"parent":0,"menu_order":36,"comment_status":"open","ping_status":"open","template":"","meta":{"_exactmetrics_skip_tracking":false,"_exactmetrics_sitenote_active":false,"_exactmetrics_sitenote_note":"","_exactmetrics_sitenote_category":0,"footnotes":""},"class_list":["post-10626","page","type-page","status-publish","hentry"],"_links":{"self":[{"href":"https:\/\/www.conass.org.br\/guiainformacao\/wp-json\/wp\/v2\/pages\/10626","targetHints":{"allow":["GET"]}}],"collection":[{"href":"https:\/\/www.conass.org.br\/guiainformacao\/wp-json\/wp\/v2\/pages"}],"about":[{"href":"https:\/\/www.conass.org.br\/guiainformacao\/wp-json\/wp\/v2\/types\/page"}],"author":[{"embeddable":true,"href":"https:\/\/www.conass.org.br\/guiainformacao\/wp-json\/wp\/v2\/users\/1"}],"replies":[{"embeddable":true,"href":"https:\/\/www.conass.org.br\/guiainformacao\/wp-json\/wp\/v2\/comments?post=10626"}],"version-history":[{"count":4,"href":"https:\/\/www.conass.org.br\/guiainformacao\/wp-json\/wp\/v2\/pages\/10626\/revisions"}],"predecessor-version":[{"id":12543,"href":"https:\/\/www.conass.org.br\/guiainformacao\/wp-json\/wp\/v2\/pages\/10626\/revisions\/12543"}],"wp:attachment":[{"href":"https:\/\/www.conass.org.br\/guiainformacao\/wp-json\/wp\/v2\/media?parent=10626"}],"curies":[{"name":"wp","href":"https:\/\/api.w.org\/{rel}","templated":true}]}}