{"id":10628,"date":"2016-04-15T13:35:00","date_gmt":"2016-04-15T16:35:00","guid":{"rendered":"http:\/\/www.conass.org.br\/guiainformacao\/?page_id=10628"},"modified":"2016-05-04T11:44:07","modified_gmt":"2016-05-04T14:44:07","slug":"autarquia","status":"publish","type":"page","link":"https:\/\/www.conass.org.br\/guiainformacao\/autarquia\/","title":{"rendered":"Autarquia"},"content":{"rendered":"<p>\u00c9 servi\u00e7o aut\u00f4nomo, criado por lei, com personalidade jur\u00eddica, patrim\u00f4nio e receita pr\u00f3prios, para executar atividades t\u00edpicas da Administra\u00e7\u00e3o P\u00fablica, que requeiram, para seu melhor funcionamento, gest\u00e3o administrativa e financeira descentralizada (<a href=\"http:\/\/www.planalto.gov.br\/ccivil_03\/decreto-lei\/Del0200.htm\" target=\"_blank\">DL n. 200\/67<\/a>, art. 5\u00ba, I). O art. 19 da <a href=\"http:\/\/www.planalto.gov.br\/ccivil_03\/constituicao\/ConstituicaoCompilado.htm\" target=\"_blank\">CF\/88<\/a> exige que as autarquias sejam criadas por leis espec\u00edficas \u2013 ou seja, que s\u00f3 trata desse assunto. Portanto a capacidade de adquirir direitos e contrair obriga\u00e7\u00f5es se iniciam com a vig\u00eancia da lei.<\/p>\n<p>As autarquias \u2013 pessoas jur\u00eddicas de direito p\u00fablico interno &#8211; podem desempenhar as atividades t\u00edpicas de Estado (ou de Administra\u00e7\u00e3o P\u00fablica), descentralizadas pela administra\u00e7\u00e3o direta. As autarquias atuam para prestar servi\u00e7o p\u00fablico; desempenhar o poder de pol\u00edcia; intervir no dom\u00ednio econ\u00f4mico para regulamentar ou normatizar, sem inten\u00e7\u00e3o de auferir lucro; intervir na ordem social e fomentar o crescimento das condi\u00e7\u00f5es socioecon\u00f4micas do pa\u00eds.<\/p>\n<p>Portanto, podem exercer atividades de regula\u00e7\u00e3o, normatiza\u00e7\u00e3o, fiscaliza\u00e7\u00e3o, tutela, san\u00e7\u00e3o, habilita\u00e7\u00e3o e outras que impliquem poderes de Estado.<\/p>\n<p>&nbsp;<\/p>\n<p><strong>Pesquise mais sobre o tema:<\/strong><\/p>\n<p>Alternativas de Ger\u00eancia \u2013\u00a0Cole\u00e7\u00e3o Para Entender a Gest\u00e3o do SUS 2015. Dispon\u00edvel em\u00a0<a href=\"http:\/\/www.conass.org.br\/biblioteca\/pdf\/Alternativas-de-Gerencia-de-Unidades-Publicas-de-Saude.pdf\">http:\/\/www.conass.org.br\/biblioteca\/pdf\/Alternativas-de-Gerencia-de-Unidades-Publicas-de-Saude.pdf<\/a>\u00a0(p\u00e1g. 25 a 27)<\/p>\n<div class=\"row\">\n<div>\n<p><strong><br \/>\nSaiba mais:<\/strong><\/p>\n<ul class=\"nav nav-list\">\n<li class=\"\"><a href=\"http:\/\/www.conass.org.br\/guiainformacao\/administracao-publica\/#\">2.2 Alternativas de ger\u00eancia<\/a>\n<ul class=\"nav nav-list\">\n<li><a href=\"http:\/\/www.conass.org.br\/guiainformacao\/introducao\">2.2.1 Introdu\u00e7\u00e3o<\/a><\/li>\n<li><a href=\"http:\/\/www.conass.org.br\/guiainformacao\/as-alternativas-de-gerencia-para-as-unidades-publicas-de-saude\">2.2.2 As Alternativas de Ger\u00eancia para as Unidades P\u00fablicas de Sa\u00fade<\/a>\n<ul class=\"nav nav-list\">\n<li><a href=\"http:\/\/www.conass.org.br\/guiainformacao\/administracao-direta\">2.2.2.1 Administra\u00e7\u00e3o Direta<\/a><\/li>\n<li><a href=\"http:\/\/www.conass.org.br\/guiainformacao\/administracao-indireta\">2.2.2.2 Administra\u00e7\u00e3o Indireta<\/a>\n<ul class=\"nav nav-list\">\n<li><a href=\"http:\/\/www.conass.org.br\/guiainformacao\/autarquia\">Autarquia<\/a><\/li>\n<li><a href=\"http:\/\/www.conass.org.br\/guiainformacao\/fundacao-publica\">Funda\u00e7\u00e3o P\u00fablica<\/a><\/li>\n<li><a href=\"http:\/\/www.conass.org.br\/guiainformacao\/consorcio-publico\">Cons\u00f3rcio P\u00fablico<\/a><\/li>\n<li><a href=\"http:\/\/www.conass.org.br\/guiainformacao\/empresa-estatal\">Empresa Estatal<\/a><\/li>\n<li><a href=\"http:\/\/www.conass.org.br\/guiainformacao\/servico-social-autonomo\">Servi\u00e7o Social Aut\u00f4nomo<\/a><\/li>\n<li><a href=\"http:\/\/www.conass.org.br\/guiainformacao\/organizacao-social\">Organiza\u00e7\u00e3o Social<\/a><\/li>\n<li><a href=\"http:\/\/www.conass.org.br\/guiainformacao\/organizacao-da%E2%80%A6eresse-publico\">Organiza\u00e7\u00f5es da Sociedade Civil de Interesse P\u00fablico<\/a><\/li>\n<li><a href=\"http:\/\/www.conass.org.br\/guiainformacao\/fundacao-de-apoio\">Funda\u00e7\u00e3o de Apoio<\/a><\/li>\n<li><a href=\"http:\/\/www.conass.org.br\/guiainformacao\/parceria-publico-privada\">Parceria P\u00fablico Privada<\/a><\/li>\n<\/ul>\n<\/li>\n<\/ul>\n<\/li>\n<\/ul>\n<\/li>\n<\/ul>\n<\/div>\n<\/div>\n","protected":false},"excerpt":{"rendered":"<p>\u00c9 servi\u00e7o aut\u00f4nomo, criado por lei, com personalidade jur\u00eddica, patrim\u00f4nio e receita pr\u00f3prios, para executar atividades t\u00edpicas da Administra\u00e7\u00e3o P\u00fablica, que requeiram, para seu melhor funcionamento, gest\u00e3o administrativa e financeira descentralizada (DL n. 200\/67, art. 5\u00ba, I). O art. 19 da CF\/88 exige que as autarquias sejam criadas por leis espec\u00edficas \u2013 ou seja, que [&hellip;]<\/p>\n","protected":false},"author":1,"featured_media":0,"parent":0,"menu_order":37,"comment_status":"open","ping_status":"open","template":"","meta":{"_exactmetrics_skip_tracking":false,"_exactmetrics_sitenote_active":false,"_exactmetrics_sitenote_note":"","_exactmetrics_sitenote_category":0,"footnotes":""},"class_list":["post-10628","page","type-page","status-publish","hentry"],"_links":{"self":[{"href":"https:\/\/www.conass.org.br\/guiainformacao\/wp-json\/wp\/v2\/pages\/10628","targetHints":{"allow":["GET"]}}],"collection":[{"href":"https:\/\/www.conass.org.br\/guiainformacao\/wp-json\/wp\/v2\/pages"}],"about":[{"href":"https:\/\/www.conass.org.br\/guiainformacao\/wp-json\/wp\/v2\/types\/page"}],"author":[{"embeddable":true,"href":"https:\/\/www.conass.org.br\/guiainformacao\/wp-json\/wp\/v2\/users\/1"}],"replies":[{"embeddable":true,"href":"https:\/\/www.conass.org.br\/guiainformacao\/wp-json\/wp\/v2\/comments?post=10628"}],"version-history":[{"count":6,"href":"https:\/\/www.conass.org.br\/guiainformacao\/wp-json\/wp\/v2\/pages\/10628\/revisions"}],"predecessor-version":[{"id":12547,"href":"https:\/\/www.conass.org.br\/guiainformacao\/wp-json\/wp\/v2\/pages\/10628\/revisions\/12547"}],"wp:attachment":[{"href":"https:\/\/www.conass.org.br\/guiainformacao\/wp-json\/wp\/v2\/media?parent=10628"}],"curies":[{"name":"wp","href":"https:\/\/api.w.org\/{rel}","templated":true}]}}