{"id":10644,"date":"2016-04-18T16:46:31","date_gmt":"2016-04-18T19:46:31","guid":{"rendered":"http:\/\/www.conass.org.br\/guiainformacao\/?page_id=10644"},"modified":"2016-05-04T12:36:22","modified_gmt":"2016-05-04T15:36:22","slug":"fundacao-de-apoio","status":"publish","type":"page","link":"https:\/\/www.conass.org.br\/guiainformacao\/fundacao-de-apoio\/","title":{"rendered":"Funda\u00e7\u00e3o de Apoio"},"content":{"rendered":"<p>Funda\u00e7\u00e3o de Apoio \u00e9 um t\u00edtulo conferido pelo governo federal a uma funda\u00e7\u00e3o civil, criada por particulares, a partir de seus pr\u00f3prios recursos, na forma das disposi\u00e7\u00f5es do C\u00f3digo Civil, no amparo da <a href=\"http:\/\/www.planalto.gov.br\/ccivil_03\/leis\/l8958.htm\" target=\"_blank\">Lei n. 8.958<\/a> de 1994, que autorizou <a href=\"http:\/\/portal.mec.gov.br\/component\/content\/article?id=28\" target=\"_blank\">Institui\u00e7\u00f5es Federais de Ensino Superior<\/a> (Ifes)<a href=\"#_ftn1\" name=\"_ftnref1\">[1]<\/a> e de pesquisa cient\u00edfica e tecnol\u00f3gica contratem funda\u00e7\u00f5es de apoio com dispensa de licita\u00e7\u00e3o, por prazo determinado (inciso XIII do art. 24 da <a href=\"http:\/\/www.planalto.gov.br\/ccivil_03\/leis\/L8666cons.htm\" target=\"_blank\">Lei n. 8.666<\/a> de 1993).<\/p>\n<p>A funda\u00e7\u00e3o registrada e credenciada como \u201cde apoio\u201d visa dar suporte a projetos de pesquisa, ensino e extens\u00e3o e de desenvolvimento institucional, cient\u00edfico e tecnol\u00f3gico de <a href=\"http:\/\/www.planalto.gov.br\/ccivil_03\/_Ato2007-2010\/2010\/Decreto\/D7423.htm\">interesse<\/a> das institui\u00e7\u00f5es apoiadas e, primordialmente, ao desenvolvimento da inova\u00e7\u00e3o e da pesquisa cient\u00edfica e tecnol\u00f3gica, criando condi\u00e7\u00f5es mais prop\u00edcias a que as institui\u00e7\u00f5es apoiadas estabele\u00e7am rela\u00e7\u00f5es com o ambiente externo.<\/p>\n<p>A <a href=\"http:\/\/www.planalto.gov.br\/ccivil_03\/leis\/l8958.htm\" target=\"_blank\">Lei n. 8.958\/1994<\/a> (art. 3\u00ba) estabelece que, na execu\u00e7\u00e3o de atividades que envolvam a aplica\u00e7\u00e3o de recursos p\u00fablicos, a funda\u00e7\u00e3o de apoio \u00e9 obrigada a: (i) observar a legisla\u00e7\u00e3o federal que institui normas para licita\u00e7\u00f5es e contratos da Administra\u00e7\u00e3o P\u00fablica, referentes \u00e0 contrata\u00e7\u00e3o de obras, compras e servi\u00e7os; (ii) prestar contas dos recursos aplicados aos \u00f3rg\u00e3os p\u00fablicos financiadores; (iii) submeter-se ao controle final\u00edstico e de gest\u00e3o pelo \u00f3rg\u00e3o m\u00e1ximo da Institui\u00e7\u00e3o Federal de Ensino ou similar da entidade contratante; e (iv) submeter-se \u00e0 fiscaliza\u00e7\u00e3o da execu\u00e7\u00e3o dos contratos de que trata esta lei pelo TCU e pela CGU.<\/p>\n<p>&nbsp;<\/p>\n<p><strong>Pesquise mais sobre o tema:<\/strong><\/p>\n<p>Alternativas de Ger\u00eancia \u2013\u00a0Cole\u00e7\u00e3o Para Entender a Gest\u00e3o do SUS 2015. Dispon\u00edvel em\u00a0<a href=\"http:\/\/www.conass.org.br\/biblioteca\/pdf\/Alternativas-de-Gerencia-de-Unidades-Publicas-de-Saude.pdf\">http:\/\/www.conass.org.br\/biblioteca\/pdf\/Alternativas-de-Gerencia-de-Unidades-Publicas-de-Saude.pdf<\/a>\u00a0(p\u00e1g. 71)<\/p>\n<p><a href=\"#_ftnref1\" name=\"_ftn1\">[1]<\/a> Institui\u00e7\u00f5es Federais de Ensino Superior s\u00e3o universidades federais, faculdades, faculdades integradas, escolas superiores e centros federais de educa\u00e7\u00e3o tecnol\u00f3gica, vinculados ao Minist\u00e9rio da Educa\u00e7\u00e3o.<\/p>\n<p><strong>Saiba mais:<\/strong><\/p>\n<ul class=\"nav nav-list\">\n<li class=\"\"><a href=\"http:\/\/www.conass.org.br\/guiainformacao\/administracao-publica\/#\">2.2 Alternativas de ger\u00eancia<\/a>\n<ul class=\"nav nav-list\">\n<li><a href=\"http:\/\/www.conass.org.br\/guiainformacao\/introducao\">2.2.1 Introdu\u00e7\u00e3o<\/a><\/li>\n<li><a href=\"http:\/\/www.conass.org.br\/guiainformacao\/as-alternativas-de-gerencia-para-as-unidades-publicas-de-saude\">2.2.2 As Alternativas de Ger\u00eancia para as Unidades P\u00fablicas de Sa\u00fade<\/a>\n<ul class=\"nav nav-list\">\n<li><a href=\"http:\/\/www.conass.org.br\/guiainformacao\/administracao-direta\">2.2.2.1 Administra\u00e7\u00e3o Direta<\/a><\/li>\n<li><a href=\"http:\/\/www.conass.org.br\/guiainformacao\/administracao-indireta\">2.2.2.2 Administra\u00e7\u00e3o Indireta<\/a>\n<ul class=\"nav nav-list\">\n<li><a href=\"http:\/\/www.conass.org.br\/guiainformacao\/autarquia\">Autarquia<\/a><\/li>\n<li><a href=\"http:\/\/www.conass.org.br\/guiainformacao\/fundacao-publica\">Funda\u00e7\u00e3o P\u00fablica<\/a><\/li>\n<li><a href=\"http:\/\/www.conass.org.br\/guiainformacao\/consorcio-publico\">Cons\u00f3rcio P\u00fablico<\/a><\/li>\n<li><a href=\"http:\/\/www.conass.org.br\/guiainformacao\/empresa-estatal\">Empresa Estatal<\/a><\/li>\n<li><a href=\"http:\/\/www.conass.org.br\/guiainformacao\/servico-social-autonomo\">Servi\u00e7o Social Aut\u00f4nomo<\/a><\/li>\n<li><a href=\"http:\/\/www.conass.org.br\/guiainformacao\/organizacao-social\">Organiza\u00e7\u00e3o Social<\/a><\/li>\n<li><a href=\"http:\/\/www.conass.org.br\/guiainformacao\/organizacao-da%E2%80%A6eresse-publico\">Organiza\u00e7\u00f5es da Sociedade Civil de Interesse P\u00fablico<\/a><\/li>\n<li><a href=\"http:\/\/www.conass.org.br\/guiainformacao\/fundacao-de-apoio\">Funda\u00e7\u00e3o de Apoio<\/a><\/li>\n<li><a href=\"http:\/\/www.conass.org.br\/guiainformacao\/parceria-publico-privada\">Parceria P\u00fablico Privada<\/a><\/li>\n<\/ul>\n<\/li>\n<\/ul>\n<\/li>\n<\/ul>\n<\/li>\n<\/ul>\n","protected":false},"excerpt":{"rendered":"<p>Funda\u00e7\u00e3o de Apoio \u00e9 um t\u00edtulo conferido pelo governo federal a uma funda\u00e7\u00e3o civil, criada por particulares, a partir de seus pr\u00f3prios recursos, na forma das disposi\u00e7\u00f5es do C\u00f3digo Civil, no amparo da Lei n. 8.958 de 1994, que autorizou Institui\u00e7\u00f5es Federais de Ensino Superior (Ifes)[1] e de pesquisa cient\u00edfica e tecnol\u00f3gica contratem funda\u00e7\u00f5es de [&hellip;]<\/p>\n","protected":false},"author":1,"featured_media":0,"parent":0,"menu_order":44,"comment_status":"open","ping_status":"open","template":"","meta":{"_exactmetrics_skip_tracking":false,"_exactmetrics_sitenote_active":false,"_exactmetrics_sitenote_note":"","_exactmetrics_sitenote_category":0,"footnotes":""},"class_list":["post-10644","page","type-page","status-publish","hentry"],"_links":{"self":[{"href":"https:\/\/www.conass.org.br\/guiainformacao\/wp-json\/wp\/v2\/pages\/10644","targetHints":{"allow":["GET"]}}],"collection":[{"href":"https:\/\/www.conass.org.br\/guiainformacao\/wp-json\/wp\/v2\/pages"}],"about":[{"href":"https:\/\/www.conass.org.br\/guiainformacao\/wp-json\/wp\/v2\/types\/page"}],"author":[{"embeddable":true,"href":"https:\/\/www.conass.org.br\/guiainformacao\/wp-json\/wp\/v2\/users\/1"}],"replies":[{"embeddable":true,"href":"https:\/\/www.conass.org.br\/guiainformacao\/wp-json\/wp\/v2\/comments?post=10644"}],"version-history":[{"count":4,"href":"https:\/\/www.conass.org.br\/guiainformacao\/wp-json\/wp\/v2\/pages\/10644\/revisions"}],"predecessor-version":[{"id":12562,"href":"https:\/\/www.conass.org.br\/guiainformacao\/wp-json\/wp\/v2\/pages\/10644\/revisions\/12562"}],"wp:attachment":[{"href":"https:\/\/www.conass.org.br\/guiainformacao\/wp-json\/wp\/v2\/media?parent=10644"}],"curies":[{"name":"wp","href":"https:\/\/api.w.org\/{rel}","templated":true}]}}