{"id":11282,"date":"2016-04-25T13:31:57","date_gmt":"2016-04-25T16:31:57","guid":{"rendered":"http:\/\/www.conass.org.br\/guiainformacao\/?page_id=11282"},"modified":"2016-05-05T09:29:53","modified_gmt":"2016-05-05T12:29:53","slug":"a-portaria-no-53-de-16-de-janeiro-de-2013","status":"publish","type":"page","link":"https:\/\/www.conass.org.br\/guiainformacao\/a-portaria-no-53-de-16-de-janeiro-de-2013\/","title":{"rendered":"A Portaria n\u00ba 53, de 16 de janeiro de 2013"},"content":{"rendered":"<p>A Portaria estabelece diretrizes para o funcionamento do <a href=\"http:\/\/siops.datasus.gov.br\/\" target=\"_blank\">Sistema de Informa\u00e7\u00f5es sobre Or\u00e7amentos P\u00fablicos em Sa\u00fade (SIOPS)<\/a> e fixa prazos para registro e homologa\u00e7\u00e3o de informa\u00e7\u00f5es, em observ\u00e2ncia ao art. 39 da <a href=\"http:\/\/www.planalto.gov.br\/ccivil_03\/leis\/LCP\/Lcp141.htm\" target=\"_blank\">Lei Complementar n\u00ba 141<\/a>, de 13 de janeiro de 2012, e ao Cap\u00edtulo I do <a href=\"http:\/\/www.planalto.gov.br\/ccivil_03\/_Ato2011-2014\/2012\/Decreto\/D7827.htm\" target=\"_blank\">Decreto n\u00ba 7.827<\/a>, de 16 de outubro de 2012.<\/p>\n<p>A referida portaria est\u00e1 organizada em seis cap\u00edtulos e pode ser acessada no <a href=\"http:\/\/bvsms.saude.gov.br\/bvs\/saudelegis\/gm\/2013\/prt0053_16_01_2013.html\" target=\"_blank\">aqui<\/a>.<\/p>\n<table style=\"border-color: #000000;\" border=\"1\" width=\"569\">\n<tbody>\n<tr>\n<td width=\"569\">Cap\u00edtulo I &#8211; Das Defini\u00e7\u00f5es<\/td>\n<\/tr>\n<tr>\n<td width=\"569\">Cap\u00edtulo II &#8211; Do Sistema de Informa\u00e7\u00f5es sobre Or\u00e7amentos P\u00fablicos (SIOPS)<\/td>\n<\/tr>\n<tr>\n<td width=\"569\">\u00a0\u00a0\u00a0\u00a0\u00a0\u00a0\u00a0\u00a0\u00a0 Se\u00e7\u00e3o I &#8211; Das Disposi\u00e7\u00f5es Gerais<\/td>\n<\/tr>\n<tr>\n<td width=\"569\">\u00a0\u00a0\u00a0\u00a0\u00a0\u00a0\u00a0\u00a0\u00a0 Se\u00e7\u00e3o II &#8211; Das Responsabilidades e do Cadastro<\/td>\n<\/tr>\n<tr>\n<td width=\"569\">\u00a0\u00a0\u00a0\u00a0\u00a0\u00a0\u00a0\u00a0\u00a0 Se\u00e7\u00e3o III &#8211; Da Transmiss\u00e3o e Homologa\u00e7\u00e3o dos Dados<\/td>\n<\/tr>\n<tr>\n<td width=\"569\">Cap\u00edtulo III &#8211; Da Certifica\u00e7\u00e3o Digital<\/td>\n<\/tr>\n<tr>\n<td width=\"569\">Cap\u00edtulo IV &#8211; Do Monitoramento<\/td>\n<\/tr>\n<tr>\n<td width=\"569\">Cap\u00edtulo V &#8211; Da Coopera\u00e7\u00e3o T\u00e9cnica e Financeira<\/td>\n<\/tr>\n<tr>\n<td width=\"569\">Cap\u00edtulo VI &#8211; Das Disposi\u00e7\u00f5es Finais<\/td>\n<\/tr>\n<\/tbody>\n<\/table>\n<p>&nbsp;<\/p>\n<p>Os dados informados no SIOPS e o cumprimento dos prazos definidos nesta Portaria s\u00e3o de responsabilidade do gestor do SUS de cada ente da Federa\u00e7\u00e3o, assim como a fidedignidade dos dados homologados, aos quais se conferir\u00e1 f\u00e9 p\u00fablica, nos termos do <a href=\"http:\/\/www.planalto.gov.br\/CCIVIL_03\/LEIS\/LCP\/Lcp141.htm\">\u00a7 2\u00ba do art. 39 da Lei Complementar n\u00ba 141, de 2012.<\/a><\/p>\n<p>Para fins de cadastramento e atualiza\u00e7\u00e3o dos chefes do Poder Executivo dos entes da Federa\u00e7\u00e3o no SIOPS ser\u00e3o utilizados os bancos de dados do Tribunal Superior Eleitoral.<\/p>\n<p>Em caso de substitui\u00e7\u00e3o do chefe do Poder Executivo nos Estados, Distrito Federal e Munic\u00edpios pelo respectivo Vice- Governador ou Vice-Prefeito ou pelo Presidente da respectiva Assembleia Legislativa, C\u00e2mara Legislativa ou C\u00e2mara de Vereadores, respectivamente, caber\u00e1 ao chefe do Poder Executivo substituto encaminhar comunica\u00e7\u00e3o oficial ao DESID\/SE\/MS para fins de atualiza\u00e7\u00e3o das informa\u00e7\u00f5es cadastrais no SIOPS.<\/p>\n<p>Caber\u00e1 ao chefe do Poder Executivo, estadual, distrital e municipal, indicar e atualizar, diretamente no SIOPS, as informa\u00e7\u00f5es acerca do respectivo gestor do SUS.<\/p>\n<p>O chefe do Poder Executivo dever\u00e1 tamb\u00e9m indicar e atualizar, diretamente no SIOPS, as informa\u00e7\u00f5es acerca do(s) servidor( es) autorizado(s) a alimentar o SIOPS em seu nome.<\/p>\n<p>Caber\u00e1 ao gestor do SUS de cada ente da Federa\u00e7\u00e3o a responsabilidade pela declara\u00e7\u00e3o e homologa\u00e7\u00e3o de dados no SIOPS, bem como pela transmiss\u00e3o dos dados homologados.<\/p>\n<p>A declara\u00e7\u00e3o e a transmiss\u00e3o de dados no SIOPS poder\u00e3o ser delegados pelo gestor do SUS, mediante autoriza\u00e7\u00e3o a terceiros efetuada diretamente no SIOPS.<\/p>\n<p>O gestor do SUS dever\u00e1 indicar e atualizar, diretamente no SIOPS, as informa\u00e7\u00f5es acerca de seu substituto e do(s) servidor( es) t\u00e9cnico(s) respons\u00e1vel(eis) pelo preenchimento do &#8220;<em>software<\/em>&#8221; de declara\u00e7\u00e3o de dados.<\/p>\n<p>A transmiss\u00e3o dos dados sobre receitas totais e despesas com a\u00e7\u00f5es e servi\u00e7os p\u00fablicos de sa\u00fade para o SIOPS dever\u00e1 ser feita a cada bimestre por todos os entes da Federa\u00e7\u00e3o, observadas as regras de cadastro e responsabilidade previstas.<\/p>\n<p>Os dados sobre receitas totais e despesas com a\u00e7\u00f5es e servi\u00e7os p\u00fablicos de sa\u00fade ser\u00e3o homologados pelo gestor do SUS da Uni\u00e3o, dos Estados, do Distrito Federal e dos Munic\u00edpios por meio de acesso aos dados declarados e enviados \u00e0 base de dados do SIOPS pelos servidores t\u00e9cnicos por ele autorizados.<\/p>\n<p>At\u00e9 que se efetive a homologa\u00e7\u00e3o, os dados declarados e enviados \u00e0 base de dados do SIOPS estar\u00e3o acess\u00edveis apenas ao ente da Federa\u00e7\u00e3o declarante.<\/p>\n<p>A transmiss\u00e3o dos dados ao SIOPS somente ser\u00e1 considerada conclu\u00edda ap\u00f3s o processo de homologa\u00e7\u00e3o pelo gestor do SUS do ente da Federa\u00e7\u00e3o.<\/p>\n<p>Ser\u00e3o considerados registrados e pendentes de finaliza\u00e7\u00e3o da transmiss\u00e3o, e assim identificados na base de dados do SIOPS, os dados registrados e n\u00e3o homologados, os quais ficar\u00e3o indispon\u00edveis para acesso p\u00fablico.<\/p>\n<p>Somente ap\u00f3s a homologa\u00e7\u00e3o os dados ser\u00e3o disponibilizados para acesso p\u00fablico e transmitidos pelo Minist\u00e9rio da Sa\u00fade ao sistema centralizado de controle das transfer\u00eancias da Uni\u00e3o para os demais entes da Federa\u00e7\u00e3o.<\/p>\n<p>O prazo para declara\u00e7\u00e3o, homologa\u00e7\u00e3o e transmiss\u00e3o dos dados \u00e9 de at\u00e9 trinta dias ap\u00f3s o encerramento de cada bimestre, observado o disposto no <a href=\"http:\/\/www.planalto.gov.br\/ccivil_03\/Leis\/LCP\/Lcp101.htm\">art. 52 da Lei Complementar n\u00ba 101, de 2000.<\/a><\/p>\n<p>O SIOPS manter\u00e1 registro e disponibilizar\u00e1 informa\u00e7\u00f5es sobre a transmiss\u00e3o dos dados por bimestre e por ente da Federa\u00e7\u00e3o, evidenciando a aplica\u00e7\u00e3o acumulada em despesas com a\u00e7\u00f5es e servi\u00e7os p\u00fablicos de sa\u00fade ao longo do exerc\u00edcio financeiro.<\/p>\n<p>Os dados considerados para fins de apura\u00e7\u00e3o da aplica\u00e7\u00e3o m\u00ednima em a\u00e7\u00f5es e servi\u00e7os p\u00fablicos de sa\u00fade de um exerc\u00edcio financeiro s\u00e3o os transmitidos e relativos ao \u00faltimo bimestre do exerc\u00edcio.<\/p>\n<p>Poder\u00e1 ser feita a retransmiss\u00e3o de dados pelo gestor do SUS a qualquer tempo, em car\u00e1ter excepcional, mediante solicita\u00e7\u00e3o justificada direcionada ao DESID\/SE\/MS, em campo espec\u00edfico na funcionalidade restrita do SIOPS. Nesse caso o gestor do SUS tamb\u00e9m dever\u00e1 efetuar sua pr\u00e9via homologa\u00e7\u00e3o.<\/p>\n<p>Caso n\u00e3o seja realizada a transmiss\u00e3o dos dados sobre receitas totais e despesas com a\u00e7\u00f5es e servi\u00e7os p\u00fablicos de sa\u00fade do \u00faltimo bimestre do exerc\u00edcio financeiro, ocorrer\u00e1 o impedimento da transmiss\u00e3o de dados do exerc\u00edcio financeiro subsequente at\u00e9 a regulariza\u00e7\u00e3o da situa\u00e7\u00e3o pendente.<\/p>\n<p>Ser\u00e1 adotada a certifica\u00e7\u00e3o digital em todo processo de interface dos usu\u00e1rios com o SIOPS, \u00e0 exce\u00e7\u00e3o dos t\u00e9cnicos autorizados pelo gestor do SUS, como meio de garantir a seguran\u00e7a dos procedimentos no sistema.<\/p>\n<p>As trocas de informa\u00e7\u00f5es realizadas por meio do SIOPS ser\u00e3o realizadas por meio digital e assinadas eletronicamente com a utiliza\u00e7\u00e3o de certificados digitais v\u00e1lidos e emitidos por Autoridade Certificadora integrante da Infraestrutura de Chaves P\u00fablicas Brasileira (ICP-Brasil), institu\u00edda pelo art. 2\u00ba da <a href=\"http:\/\/www.planalto.gov.br\/ccivil_03\/mpv\/Antigas_2001\/2200-2.htm\" target=\"_blank\">Medida Provis\u00f3ria n\u00ba 2.200-2<\/a>, de 24 de agosto de 2001, regulamentada pelo <a href=\"http:\/\/www.planalto.gov.br\/ccivil_03\/_Ato2007-2010\/2008\/Decreto\/D6605.htm\">Decreto n\u00ba 6.605, de 14 de outubro de 2008.<\/a><\/p>\n<p>Os certificados digitais ser\u00e3o de uso individual e intransfer\u00edvel, conforme as normas t\u00e9cnicas estabelecidas pela ICP-Brasil, ou de outro tipo com requisitos de seguran\u00e7a mais rigorosos e emitidos por Autoridade Certificadora integrante da ICP-Brasil.<\/p>\n<p>A aus\u00eancia de dados declarados e homologados pelos entes da Federa\u00e7\u00e3o quando do \u00faltimo bimestre de cada exerc\u00edcio financeiro ser\u00e1 considerada, para todos os fins, presun\u00e7\u00e3o de descumprimento de aplica\u00e7\u00e3o dos percentuais m\u00ednimos em a\u00e7\u00f5es e servi\u00e7os p\u00fablicos de sa\u00fade, nos termos do par\u00e1grafo \u00fanico do <a href=\"http:\/\/www.planalto.gov.br\/ccivil_03\/_Ato2011-2014\/2012\/Decreto\/D7827.htm\">art. 7\u00ba do Decreto n\u00ba 7.827, de 2012<\/a>.<\/p>\n<p>O SIOPS produzir\u00e1 relat\u00f3rios automaticamente com base nas informa\u00e7\u00f5es declaradas e homologadas pelo gestor do SUS, possibilitando:<\/p>\n<p>I &#8211; o acompanhamento da disponibilidade de caixa vinculada aos Restos a Pagar, considerados para fins de aplica\u00e7\u00e3o do m\u00ednimo constitucional em a\u00e7\u00f5es e servi\u00e7os p\u00fablicos de sa\u00fade pela Uni\u00e3o, Estados, Distrito Federal e Munic\u00edpios, apurados para determinado exerc\u00edcio financeiro, e que dever\u00e3o ser necessariamente aplicados em a\u00e7\u00f5es e servi\u00e7os p\u00fablicos de sa\u00fade;<\/p>\n<p>II &#8211; a demonstra\u00e7\u00e3o da aplica\u00e7\u00e3o em a\u00e7\u00f5es e servi\u00e7os p\u00fablicos de sa\u00fade do montante equivalente aos restos a pagar cancelados ou prescritos no exerc\u00edcio anterior, mediante dota\u00e7\u00e3o or\u00e7ament\u00e1ria espec\u00edfica para essa finalidade;<\/p>\n<p>III &#8211; a demonstra\u00e7\u00e3o de eventual diferen\u00e7a entre as despesas m\u00ednimas com a\u00e7\u00f5es e servi\u00e7os p\u00fablicos de sa\u00fade e as efetivamente realizadas, para fins de aplica\u00e7\u00e3o do disposto no <a href=\"http:\/\/www.planalto.gov.br\/CCIVIL_03\/LEIS\/LCP\/Lcp141.htm\">art. 25 da Lei Complementar n\u00ba 141, de 2012<\/a>; e<\/p>\n<p>IV &#8211; a demonstra\u00e7\u00e3o da aplica\u00e7\u00e3o no exerc\u00edcio subsequente dos valores que deixaram de ser aplicados em a\u00e7\u00f5es e servi\u00e7os p\u00fablicos de sa\u00fade no exerc\u00edcio imediatamente anterior, depois de expirado o prazo de publica\u00e7\u00e3o do RREO do encerramento do exerc\u00edcio, previsto no <a href=\"http:\/\/www.planalto.gov.br\/ccivil_03\/Leis\/LCP\/Lcp101.htm\">art. 52 da Lei Complementar n\u00ba 101, de 2000,<\/a> nos termos do <a href=\"http:\/\/www.planalto.gov.br\/CCIVIL_03\/LEIS\/LCP\/Lcp141.htm\">art. 26 da Lei Complementar n\u00ba 141, de 2012.<\/a><\/p>\n<p>O SIOPS disponibilizar\u00e1 as informa\u00e7\u00f5es homologadas, por meio de processamento autom\u00e1tico, ao Minist\u00e9rio da Fazenda e ao agente financeiro respons\u00e1vel pela operacionaliza\u00e7\u00e3o das transfer\u00eancias constitucionais da Uni\u00e3o aos demais entes da Federa\u00e7\u00e3o, nos seguintes termos:<\/p>\n<p>I &#8211; para fins de condicionamento das transfer\u00eancias constitucionais, ser\u00e3o processadas:<\/p>\n<ul>\n<li>as informa\u00e7\u00f5es declaradas e homologadas pelos gestores do SUS que indicarem o descumprimento da aplica\u00e7\u00e3o do percentual m\u00ednimo em a\u00e7\u00f5es e servi\u00e7os p\u00fablicos de sa\u00fade, atendidos os prazos fixados no <a href=\"http:\/\/www.planalto.gov.br\/ccivil_03\/_Ato2011-2014\/2012\/Decreto\/D7827.htm\"> 3\u00ba do art. 8\u00ba do Decreto n\u00ba 7.827, de 2012;<\/a><\/li>\n<li>as informa\u00e7\u00f5es inseridas pelos Tribunais de Contas no M\u00f3dulo de Controle Externo que indicarem o descumprimento da aplica\u00e7\u00e3o do percentual m\u00ednimo em a\u00e7\u00f5es e servi\u00e7os p\u00fablicos de sa\u00fade, a qualquer tempo;<\/li>\n<li>o valor em moeda corrente que deixou de ser aplicado em a\u00e7\u00f5es e servi\u00e7os p\u00fablicos de sa\u00fade pelo ente federativo em exerc\u00edcio anterior, em descumprimento \u00e0 exig\u00eancia de aplica\u00e7\u00e3o dos percentuais m\u00ednimos em a\u00e7\u00f5es e servi\u00e7os p\u00fablicos de sa\u00fade; e<\/li>\n<li>n\u00famero da conta corrente e domic\u00edlio banc\u00e1rio do Fundo de Sa\u00fade do ente federativo;<\/li>\n<\/ul>\n<p>II &#8211; para fins de suspens\u00e3o das transfer\u00eancias constitucionais, ser\u00e3o processadas:<\/p>\n<ul>\n<li>a rela\u00e7\u00e3o dos entes da Federa\u00e7\u00e3o que n\u00e3o apresentarem as informa\u00e7\u00f5es homologadas no SIOPS, respeitados os prazos do <a href=\"http:\/\/www.planalto.gov.br\/ccivil_03\/_Ato2011-2014\/2012\/Decreto\/D7827.htm\">inciso II do art. 16 do Decreto n\u00ba 7.827, de 2012<\/a>; e<\/li>\n<li>a rela\u00e7\u00e3o de entes da Federa\u00e7\u00e3o sujeitos \u00e0 medida preliminar de condicionamento das transfer\u00eancias constitucionais e que n\u00e3o comprovaram no SIOPS, no prazo de doze meses, contado do dep\u00f3sito da primeira parcela direcionada ao Fundo de Sa\u00fade, a aplica\u00e7\u00e3o efetiva do montante que deixou de ser aplicado em a\u00e7\u00f5es e servi\u00e7os p\u00fablicos de sa\u00fade em exerc\u00edcios anteriores; e<\/li>\n<\/ul>\n<p>III &#8211; para fins de restabelecimento das transfer\u00eancias constitucionais, ser\u00e3o processadas:<\/p>\n<ul>\n<li>a rela\u00e7\u00e3o de entes da Federa\u00e7\u00e3o que, estando sujeitos ao condicionamento de transfer\u00eancias constitucionais, comprovaram a aplica\u00e7\u00e3o efetiva do adicional depositado na conta do Fundo de Sa\u00fade, referente ao montante que deixou de ser aplicado em a\u00e7\u00f5es e servi\u00e7os p\u00fablicos de sa\u00fade em exerc\u00edcio anterior;<\/li>\n<li>as informa\u00e7\u00f5es inseridas pelos Tribunais de Contas no M\u00f3dulo de Controle Externo que indicarem o cumprimento da aplica\u00e7\u00e3o do percentual m\u00ednimo em a\u00e7\u00f5es e servi\u00e7os p\u00fablicos de sa\u00fade;<\/li>\n<li>a rela\u00e7\u00e3o de entes da Federa\u00e7\u00e3o que tiveram as transfer\u00eancias constitucionais suspensas em decorr\u00eancia da aus\u00eancia de declara\u00e7\u00e3o e homologa\u00e7\u00e3o das informa\u00e7\u00f5es no SIOPS e que regularizaram a situa\u00e7\u00e3o; e<\/li>\n<li>a rela\u00e7\u00e3o de entes da Federa\u00e7\u00e3o que, estando sujeitos ao condicionamento de transfer\u00eancias constitucionais, comprovarem a aplica\u00e7\u00e3o efetiva do adicional depositado na conta do Fundo de Sa\u00fade por meio da retransmiss\u00e3o das informa\u00e7\u00f5es declaradas e homologadas, referente ao montante que deixou de ser aplicado em a\u00e7\u00f5es e servi\u00e7os p\u00fablicos de sa\u00fade em exerc\u00edcio anterior.<\/li>\n<\/ul>\n<p>Para fins de suspens\u00e3o e restabelecimento das transfer\u00eancias volunt\u00e1rias, o SIOPS adotar\u00e1 os seguintes procedimentos, mediante processamento autom\u00e1tico de informa\u00e7\u00f5es:<\/p>\n<p style=\"padding-left: 30px;\">I &#8211; transcorridos trinta dias ap\u00f3s o encerramento do \u00faltimo bimestre de cada exerc\u00edcio financeiro, ser\u00e3o disponibilizadas as informa\u00e7\u00f5es homologadas no SIOPS ao <a href=\"http:\/\/consulta.tesouro.fazenda.gov.br\/transferencias_voluntarias_novosite\/mensagem.asp\" target=\"_blank\">CAUC<\/a>, ou outro sistema que venha a substitu\u00ed-lo, acerca do cumprimento ou o descumprimento da aplica\u00e7\u00e3o do percentual m\u00ednimo em a\u00e7\u00f5es e servi\u00e7os p\u00fablicos de sa\u00fade;<\/p>\n<p style=\"padding-left: 30px;\">II &#8211; transcorridos trinta dias da emiss\u00e3o de notifica\u00e7\u00e3o autom\u00e1tica do SIOPS para o gestor do SUS do ente da Federa\u00e7\u00e3o, ser\u00e1 disponibilizado ao CAUC, ou outro sistema que venha a substitu\u00ed-lo, a identifica\u00e7\u00e3o dos entes da Federa\u00e7\u00e3o que deixaram de declarar e homologar as informa\u00e7\u00f5es no SIOPS; e<\/p>\n<p style=\"padding-left: 30px;\">III &#8211; ser\u00e1 disponibilizada ao CAUC, ou outro sistema que venha a substitu\u00ed-lo, a comprova\u00e7\u00e3o do cumprimento da aplica\u00e7\u00e3o do percentual m\u00ednimo em a\u00e7\u00f5es e servi\u00e7os p\u00fablicos de sa\u00fade ou no caso da aplica\u00e7\u00e3o efetiva do adicional relativo ao montante n\u00e3o aplicado em a\u00e7\u00f5es e servi\u00e7os p\u00fablicos de sa\u00fade em exerc\u00edcios anteriores, por meio de demonstrativo das receitas e despesas com a\u00e7\u00f5es e servi\u00e7os p\u00fablicos de sa\u00fade do Relat\u00f3rio Resumido de Execu\u00e7\u00e3o Or\u00e7ament\u00e1ria, para o restabelecimento das transfer\u00eancias volunt\u00e1rias da Uni\u00e3o.<\/p>\n<p>Resumidamente o SIOPS adotar\u00e1 os seguintes procedimentos, mediante processamento autom\u00e1tico de informa\u00e7\u00f5es, para fins de suspens\u00e3o e restabelecimento das transfer\u00eancias constitucionais e volunt\u00e1rias.<\/p>\n<table style=\"height: 620px; border-color: #e3e1e1;\" border=\"1\" width=\"720\">\n<tbody>\n<tr>\n<td rowspan=\"3\" width=\"35\">Transmiss\u00e3o dos dados<\/td>\n<td rowspan=\"2\" width=\"41\">Sim<\/td>\n<td colspan=\"2\" width=\"211\">Aplicado em ASPS\u2265 12% se estado<br \/>\nou \u2265 15% se munic\u00edpio<\/td>\n<td width=\"319\">Nenhuma medida a ser adotada junto ao BB \u2192<span style=\"color: #008000;\"> <strong>Regularidade das transfer\u00eancias constitucionais <\/strong><\/span>Informa\u00e7\u00e3o repassada ao CAUC\/MF \u2192 <span style=\"color: #008000;\"><strong>Regularidade das transfer\u00eancias volunt\u00e1rias<\/strong><\/span><\/td>\n<\/tr>\n<tr>\n<td colspan=\"2\" width=\"211\">Aplicado em ASPS&lt; 12% se estado ou<br \/>\n&lt; 15% se munic\u00edpio<\/td>\n<td width=\"319\">Informa\u00e7\u00e3o repassada ao BB \u2192 <span style=\"color: #ffcc00;\"><strong>Transfer\u00eancias constitucionais condicionadas<\/strong><\/span>Informa\u00e7\u00e3o repassada ao CAUC\/MF \u2192 <span style=\"color: #ff0000;\"><strong>Transfer\u00eancias volunt\u00e1rias suspensas<\/strong><\/span><\/td>\n<\/tr>\n<tr>\n<td width=\"41\">N\u00e3o<\/td>\n<td width=\"123\">Notifica\u00e7\u00e3o autom\u00e1tica do SIOPSPrazo de 30 dias para transmitir<\/td>\n<td width=\"88\">N\u00e3o transmitiu<\/td>\n<td width=\"319\">Informa\u00e7\u00e3o repassada ao BB \u2192 <span style=\"color: #ff0000;\"><strong>Transfer\u00eancias constitucionais suspensas<\/strong><\/span>Informa\u00e7\u00e3o repassada ao CAUC\/MF \u2192 <span style=\"color: #ff0000;\"><strong>Transfer\u00eancias volunt\u00e1rias suspensas<\/strong><\/span><\/td>\n<\/tr>\n<\/tbody>\n<\/table>\n<p>&nbsp;<\/p>\n<p><strong>Para mais informa\u00e7\u00f5es sobre o tema acesse:<\/strong><\/p>\n<p>Portal do Minist\u00e9rio da Sa\u00fade \u2013 Siops. Dispon\u00edvel em\u00a0<a href=\"http:\/\/portalsaude.saude.gov.br\/index.php\/o-ministerio\/principal\/siops\">http:\/\/portalsaude.saude.gov.br\/index.php\/o-ministerio\/principal\/siops<\/a>.<\/p>\n<p>&nbsp;<\/p>\n<p><strong>Saiba mais:<\/strong><\/p>\n<ul class=\"\">\n<li class=\"\"><a href=\"http:\/\/www.conass.org.br\/guiainformacao\/gestao-financeira\/#\">4. A gest\u00e3o financeira e o fundo de sa\u00fade<\/a>\n<ul class=\"nav nav-list\">\n<li><a href=\"http:\/\/www.conass.org.br\/guiainformacao\/a-lei-complementar-no-141-de-13-de-janeiro-de-2012\">4.1 A Lei Complementar n\u00ba 141 de 13 de janeiro de 2012<\/a>\n<ul class=\"nav nav-list\">\n<li><a href=\"http:\/\/www.conass.org.br\/guiainformacao\/aplicacao-de-recursos-em-acoes-e-dos-publicos-de-saude\">Da Aplica\u00e7\u00e3o de Recursos em A\u00e7\u00f5es e dos P\u00fablicos de Sa\u00fade<\/a><\/li>\n<li><a href=\"http:\/\/www.conass.org.br\/guiainformacao\/da-transparencia-visibilidade-fiscalizacao-avaliacao-e-controle\">Da Transpar\u00eancia, Visibilidade, Fiscaliza\u00e7\u00e3o, Avalia\u00e7\u00e3o e Controle<\/a><\/li>\n<\/ul>\n<\/li>\n<li><a href=\"http:\/\/www.conass.org.br\/guiainformacao\/o-decreto-no-7-827-de-16-de-outubro-de-2012\">4.1.2 O Decreto n\u00ba 7.827, de 16 de outubro de 2012<\/a><\/li>\n<li><a href=\"http:\/\/www.conass.org.br\/guiainformacao\/a-portaria-no-53-de-16-de-janeiro-de-2013\">4.1.3 A Portaria n\u00ba 53, de 16 de janeiro de 2013<\/a><\/li>\n<li><a href=\"http:\/\/www.conass.org.br\/guiainformacao\/a-emenda-constitucional-no-86-de-17-de-marco-de-2015\">4.1.4 A Emenda Constitucional n\u00ba 86, de 17 de mar\u00e7o de 2015<\/a><\/li>\n<li><a href=\"http:\/\/www.conass.org.br\/guiainformacao\/aplicacao-de-recursos-em-acoes-e-servicos-de-saude\">4.1.5 Aplica\u00e7\u00e3o de recursos em a\u00e7\u00f5es e servi\u00e7os de sa\u00fade<\/a><\/li>\n<li><a href=\"http:\/\/www.conass.org.br\/guiainformacao\/a-gestao-financeira-e-o-ciclo-orcamentario\">4.2 A gest\u00e3o financeira e o ciclo or\u00e7ament\u00e1rio<\/a>\n<ul class=\"nav nav-list\">\n<li><a href=\"http:\/\/www.conass.org.br\/guiainformacao\/plano-de-saude\">Plano Plurianual (PPA)<\/a><\/li>\n<\/ul>\n<\/li>\n<li><a href=\"http:\/\/www.conass.org.br\/guiainformacao\/execucao-orcamentaria-e-financeira\">4.2.3 Execu\u00e7\u00e3o or\u00e7ament\u00e1ria e financeira<\/a><\/li>\n<li><a href=\"http:\/\/www.conass.org.br\/guiainformacao\/planejamento-orcamentario-e-financeiro-sob-enfoque-no-fundo-de-saude\">4.2.4 Planejamento or\u00e7ament\u00e1rio e financeiro sob enfoque no fundo de sa\u00fade<\/a><\/li>\n<li><a href=\"http:\/\/www.conass.org.br\/guiainformacao\/contabilidade-publica\">4.2.5 Contabilidade p\u00fablica<\/a><\/li>\n<li><a href=\"http:\/\/www.conass.org.br\/guiainformacao\/gestao-dos-fundos-de-saude\">4.3 Gest\u00e3o dos Fundos de Sa\u00fade<\/a>\n<ul class=\"nav nav-list\">\n<li><a href=\"http:\/\/www.conass.org.br\/guiainformacao\/fundo-estadual-de-saude\">Fundo Estadual de Sa\u00fade<\/a><\/li>\n<li><a href=\"http:\/\/www.conass.org.br\/guiainformacao\/organizacao-de-fundo-de-saude\">Organiza\u00e7\u00e3o de fundo de sa\u00fade<\/a><\/li>\n<\/ul>\n<\/li>\n<li><a href=\"http:\/\/www.conass.org.br\/guiainformacao\/investimentos-no-sus\">4.4 Investimentos no SUS<\/a>\n<ul class=\"nav nav-list\">\n<li><a href=\"http:\/\/www.conass.org.br\/guiainformacao\/prestacao-de-contas-de-convenios\">Presta\u00e7\u00e3o de contas de conv\u00eanios<\/a><\/li>\n<\/ul>\n<\/li>\n<\/ul>\n<\/li>\n<\/ul>\n","protected":false},"excerpt":{"rendered":"<p>A Portaria estabelece diretrizes para o funcionamento do Sistema de Informa\u00e7\u00f5es sobre Or\u00e7amentos P\u00fablicos em Sa\u00fade (SIOPS) e fixa prazos para registro e homologa\u00e7\u00e3o de informa\u00e7\u00f5es, em observ\u00e2ncia ao art. 39 da Lei Complementar n\u00ba 141, de 13 de janeiro de 2012, e ao Cap\u00edtulo I do Decreto n\u00ba 7.827, de 16 de outubro de [&hellip;]<\/p>\n","protected":false},"author":1,"featured_media":0,"parent":0,"menu_order":62,"comment_status":"open","ping_status":"open","template":"","meta":{"_exactmetrics_skip_tracking":false,"_exactmetrics_sitenote_active":false,"_exactmetrics_sitenote_note":"","_exactmetrics_sitenote_category":0,"footnotes":""},"class_list":["post-11282","page","type-page","status-publish","hentry"],"_links":{"self":[{"href":"https:\/\/www.conass.org.br\/guiainformacao\/wp-json\/wp\/v2\/pages\/11282","targetHints":{"allow":["GET"]}}],"collection":[{"href":"https:\/\/www.conass.org.br\/guiainformacao\/wp-json\/wp\/v2\/pages"}],"about":[{"href":"https:\/\/www.conass.org.br\/guiainformacao\/wp-json\/wp\/v2\/types\/page"}],"author":[{"embeddable":true,"href":"https:\/\/www.conass.org.br\/guiainformacao\/wp-json\/wp\/v2\/users\/1"}],"replies":[{"embeddable":true,"href":"https:\/\/www.conass.org.br\/guiainformacao\/wp-json\/wp\/v2\/comments?post=11282"}],"version-history":[{"count":6,"href":"https:\/\/www.conass.org.br\/guiainformacao\/wp-json\/wp\/v2\/pages\/11282\/revisions"}],"predecessor-version":[{"id":12600,"href":"https:\/\/www.conass.org.br\/guiainformacao\/wp-json\/wp\/v2\/pages\/11282\/revisions\/12600"}],"wp:attachment":[{"href":"https:\/\/www.conass.org.br\/guiainformacao\/wp-json\/wp\/v2\/media?parent=11282"}],"curies":[{"name":"wp","href":"https:\/\/api.w.org\/{rel}","templated":true}]}}