{"id":11287,"date":"2016-04-25T13:42:47","date_gmt":"2016-04-25T16:42:47","guid":{"rendered":"http:\/\/www.conass.org.br\/guiainformacao\/?page_id=11287"},"modified":"2016-05-05T09:45:07","modified_gmt":"2016-05-05T12:45:07","slug":"aplicacao-de-recursos-em-acoes-e-servicos-de-saude","status":"publish","type":"page","link":"https:\/\/www.conass.org.br\/guiainformacao\/aplicacao-de-recursos-em-acoes-e-servicos-de-saude\/","title":{"rendered":"Aplica\u00e7\u00e3o de recursos em a\u00e7\u00f5es e servi\u00e7os de sa\u00fade"},"content":{"rendered":"<p><strong>4.1.5.1 Recursos m\u00ednimos <\/strong><\/p>\n<p><strong>\u00a0<\/strong><\/p>\n<p><strong>4.1.5.1.1 Uni\u00e3o<\/strong><\/p>\n<p>Os recursos m\u00ednimos a serem aplicados em sa\u00fade, no caso da Uni\u00e3o e para o ano de 2000, a <a href=\"http:\/\/www.planalto.gov.br\/ccivil_03\/constituicao\/emendas\/emc\/emc29.htm\" target=\"_blank\">EC n. 29<\/a> definiu a base de c\u00e1lculo como equivalente ao montante empenhado em a\u00e7\u00f5es e servi\u00e7os de sa\u00fade no exerc\u00edcio financeiro de 1999, acrescido de, no m\u00ednimo, 5%. De 2001 at\u00e9 o ano de 2004, a base de c\u00e1lculo corresponde ao valor empenhado no exerc\u00edcio financeiro anterior, acrescido de, no m\u00ednimo, o percentual correspondente \u00e0 varia\u00e7\u00e3o nominal do Produto Interno Bruto (PIB) ocorrida no ano anterior ao da lei or\u00e7ament\u00e1ria anual. Essa mesma base foi ratificada na <a href=\"http:\/\/www.planalto.gov.br\/ccivil_03\/leis\/LCP\/Lcp141.htm\" target=\"_blank\">LC n. 141<\/a>\/2012, mas s\u00f3 teve validade at\u00e9 o exerc\u00edcio de 2015, quando entrou em vigor a nova legisla\u00e7\u00e3o.<\/p>\n<p>A <a href=\"http:\/\/www.planalto.gov.br\/ccivil_03\/Constituicao\/Emendas\/Emc\/emc86.htm\" target=\"_blank\">Emenda Constitucional n. 86<\/a> de 17 de mar\u00e7o de 2015 definiu que a partir de 2016 a Uni\u00e3o aplicar\u00e1, anualmente, em a\u00e7\u00f5es e servi\u00e7os p\u00fablicos de sa\u00fade, o montante correspondente ao valor da Receita Corrente L\u00edquida (RCL) do respectivo exerc\u00edcio financeiro, n\u00e3o podendo ser inferior a 15%, mas que ser\u00e1 cumprido progressivamente, garantido, no m\u00ednimo:<\/p>\n<ol>\n<li>13,2% da RCL no primeiro exerc\u00edcio financeiro subsequente ao da promulga\u00e7\u00e3o desta Emenda Constitucional;<\/li>\n<li>13,7% da RCL no segundo exerc\u00edcio financeiro subsequente ao da promulga\u00e7\u00e3o desta Emenda Constitucional;<\/li>\n<li>14,1% da RCL no terceiro exerc\u00edcio financeiro subsequente ao da promulga\u00e7\u00e3o desta Emenda Constitucional;<\/li>\n<li>14,5% da RCL da receita corrente l\u00edquida no quarto exerc\u00edcio financeiro subsequente ao da promulga\u00e7\u00e3o desta Emenda Constitucional;<\/li>\n<li>15% da RCL no quinto exerc\u00edcio financeiro subsequente ao da promulga\u00e7\u00e3o desta Emenda Constitucional.<\/li>\n<\/ol>\n<p>&nbsp;<\/p>\n<p><strong>4.1.5.1.2 Estados e Distrito Federal<\/strong><\/p>\n<p>Os estados e o Distrito Federal aplicar\u00e3o, anualmente, em a\u00e7\u00f5es e servi\u00e7os p\u00fablicos de sa\u00fade, no m\u00ednimo, 12% da arrecada\u00e7\u00e3o dos impostos a que se refere o art. 155 e dos recursos de que tratam o art. 157, a al\u00ednea \u201ca\u201d do inciso I e o inciso II do caput do art. 159, todos da <a href=\"http:\/\/www.planalto.gov.br\/ccivil_03\/Constituicao\/Constituicao.htm\" target=\"_blank\">Constitui\u00e7\u00e3o Federal<\/a>, deduzidas as parcelas que forem transferidas aos respectivos munic\u00edpios.<\/p>\n<p>Para os estados, a base de c\u00e1lculo \u00e9 a sua receita pr\u00f3pria, calculada da seguinte forma:<\/p>\n<table style=\"border-color: #000000;\" border=\"1\">\n<tbody>\n<tr>\n<td><strong>(+) Receitas de Impostos de Natureza Estadual:<\/strong><\/p>\n<ul>\n<li>(ICMS <a href=\"#_ftn1\" name=\"_ftnref1\">[1]<\/a> + IPVA<a href=\"#_ftn2\" name=\"_ftnref2\">[2]<\/a> + ITCMD<a href=\"#_ftn3\" name=\"_ftnref3\">[3]<\/a>)<\/li>\n<\/ul>\n<p>(+) Receitas de Transfer\u00eancias da Uni\u00e3o<\/p>\n<ul>\n<li>Quota-Parte do Fundo de Participa\u00e7\u00e3o dos Estados (FPE)<\/li>\n<li>Cota-Parte do IPI<a href=\"#_ftn4\" name=\"_ftnref4\">[4]<\/a> \u2013 Exporta\u00e7\u00e3o<\/li>\n<li>Transfer\u00eancias da <a href=\"http:\/\/www.planalto.gov.br\/ccivil_03\/leis\/LCP\/Lcp87.htm\" target=\"_blank\">LC n. 87\/1996<\/a> (Lei Kandir)<\/li>\n<li>Cota parte sobre o Imposto de Renda Retido na Fonte (IRRF)<\/li>\n<\/ul>\n<p>(+) Outras receitas correntes<\/p>\n<ul>\n<li>(Receita da D\u00edvida Ativa Tribut\u00e1ria de Impostos, Multas, Juros de Mora e Corre\u00e7\u00e3o Monet\u00e1ria)<\/li>\n<\/ul>\n<p>(-) Transfer\u00eancias Financeiras Constitucionais e Legais aos munic\u00edpios:<\/p>\n<ul>\n<li>25% do ICMS<\/li>\n<li>50% do IPVA<\/li>\n<li>25% do IPI \u2013 Exporta\u00e7\u00e3o<\/li>\n<li>25% do ICMS Exporta\u00e7\u00e3o \u2013 Lei Kandir<\/li>\n<\/ul>\n<p>(=) Receita Pr\u00f3pria do Estado = Base de C\u00e1lculo Estadual<\/p>\n<p><a href=\"#_ftnref1\" name=\"_ftn1\">[1]<\/a> ICMS \u2013 Imposto sobre Circula\u00e7\u00e3o de Mercadorias<\/p>\n<p><a href=\"#_ftnref2\" name=\"_ftn2\">[2]<\/a> IPVA \u2013 Imposto sobre a Propriedade de Ve\u00edculos Automotores.<\/p>\n<p><a href=\"#_ftnref3\" name=\"_ftn3\">[3]<\/a> ITCMD \u2013 Imposto sobre a Transmiss\u00e3o <em>Causa Mortis <\/em>e Doa\u00e7\u00e3o.<\/p>\n<p><a href=\"#_ftnref4\" name=\"_ftn4\">[4]<\/a> IPI \u2013 Imposto sobre Produto Industrializado<\/td>\n<\/tr>\n<\/tbody>\n<\/table>\n<p>&nbsp;<\/p>\n<p><strong>4.1.5.1.3 Munic\u00edpios e o Distrito Federal<\/strong><\/p>\n<p>Os munic\u00edpios e o Distrito Federal aplicar\u00e3o anualmente em a\u00e7\u00f5es e servi\u00e7os p\u00fablicos de sa\u00fade, no m\u00ednimo, 15% da arrecada\u00e7\u00e3o dos impostos a que se refere o art. 156 e dos recursos a que se referem o art. 158 e a al\u00ednea \u201cb\u201d do inciso I do caput e o \u00a73\u00ba do art. 159, todos da Constitui\u00e7\u00e3o Federal.<\/p>\n<p>&nbsp;<\/p>\n<table style=\"border-color: #000000;\" border=\"1\">\n<tbody>\n<tr>\n<td><strong>Total das Receitas de Impostos Municipais<\/strong>(ISS37<a href=\"#_ftn1\" name=\"_ftnref1\">[1]<\/a>, IPTU38<a href=\"#_ftn2\" name=\"_ftnref2\">[2]<\/a>, ITBI39<a href=\"#_ftn3\" name=\"_ftnref3\">[3]<\/a>)(+) Receitas de Transfer\u00eancias da Uni\u00e3oQuota-Parte do FPM<a href=\"#_ftn4\" name=\"_ftnref4\">[4]<\/a><\/p>\n<p>Quota-Parte do ITR<a href=\"#_ftn5\" name=\"_ftnref5\">[5]<\/a><\/p>\n<p>Quota-Parte da LC n. 87\/1996 (Lei Kandir)<\/p>\n<p>(+) Imposto de Renda Retido na Fonte (IRRF)<\/p>\n<p>(+) Receitas de Transfer\u00eancias do Estado:<\/p>\n<p>Quota-Parte do ICMS<\/p>\n<p>Quota-Parte do IPVA<\/p>\n<p>Quota-Parte do IPI \u2013 Exporta\u00e7\u00e3o<\/p>\n<p>(+) Outras Receitas Correntes<\/p>\n<p>(Receita da D\u00edvida Ativa Tribut\u00e1ria de Impostos, Multas, Juros de Mora e Corre\u00e7\u00e3o Monet\u00e1ria)<\/p>\n<p>(=) Receita Pr\u00f3pria do Munic\u00edpio = Base de C\u00e1lculo Municipal<\/p>\n<p><a href=\"#_ftnref1\" name=\"_ftn1\">[1]<\/a> ISS \u2013 Imposto sobre Servi\u00e7os. Cobrado das empresas.<\/p>\n<p><a href=\"#_ftnref2\" name=\"_ftn2\">[2]<\/a> IPTU \u2013 Imposto sobre a Propriedade Predial e Territorial Urbana.<\/p>\n<p><a href=\"#_ftnref3\" name=\"_ftn3\">[3]<\/a> ITBI \u2013 Imposto sobre Transmiss\u00e3o de Bens Inter Vivos.<\/p>\n<p><a href=\"#_ftnref4\" name=\"_ftn4\">[4]<\/a> FPM \u2013 Fundo de Participa\u00e7\u00e3o dos Munic\u00edpios.<\/p>\n<p><a href=\"#_ftnref5\" name=\"_ftn5\">[5]<\/a> ITR \u2013 Imposto sobre a Propriedade Territorial Rural.<\/td>\n<\/tr>\n<\/tbody>\n<\/table>\n<p>&nbsp;<\/p>\n<p>Como podemos observar, o caso do Distrito Federal \u00e9 especial. As receitas or\u00e7ament\u00e1rias dessa inst\u00e2ncia da Federa\u00e7\u00e3o possuem componentes que s\u00e3o n\u00e3o s\u00f3 t\u00edpicos das receitas estaduais, mas tamb\u00e9m das municipais. Assim, segundo a correspond\u00eancia desses componentes, aplica-se o percentual m\u00ednimo de vincula\u00e7\u00e3o dos estados ou dos munic\u00edpios e, no m\u00ednimo, 12% do produto da arrecada\u00e7\u00e3o direta dos impostos que n\u00e3o possam ser segregados em base estadual e em base municipal.<\/p>\n<p>Est\u00e1 compreendida, na base de c\u00e1lculo dos percentuais dos estados, do Distrito Federal e dos munic\u00edpios, qualquer compensa\u00e7\u00e3o financeira proveniente de impostos e transfer\u00eancias constitucionais previstos no \u00a72\u00ba do art. 198 da Constitui\u00e7\u00e3o Federal, j\u00e1 institu\u00edda ou que vier a ser criada, bem como a d\u00edvida ativa, a multa e os juros de mora decorrentes dos impostos cobrados diretamente ou por meio de processo administrativo ou judicial.<\/p>\n<p>Deve-se observar o disposto nas Constitui\u00e7\u00f5es ou Leis Org\u00e2nicas dos estados, do Distrito Federal e dos munic\u00edpios quando fixarem percentuais superiores aos estabelecidos na <a href=\"http:\/\/www.planalto.gov.br\/ccivil_03\/leis\/LCP\/Lcp141.htm\" target=\"_blank\">LC n. 141\/2012<\/a> para aplica\u00e7\u00e3o em a\u00e7\u00f5es e servi\u00e7os p\u00fablicos de sa\u00fade.<\/p>\n<p>&nbsp;<\/p>\n<p><strong>4.1.5.2 Transfer\u00eancia dos recursos federais para as a\u00e7\u00f5es e os servi\u00e7os de sa\u00fade<\/strong><\/p>\n<p><a href=\"http:\/\/bvsms.saude.gov.br\/bvs\/saudelegis\/gm\/2007\/prt0204_29_01_2007.html\">A Portaria n. 204\/GM de 29 de janeiro de 2007<\/a>, alterada por v\u00e1rias outras regulamentou o financiamento e a transfer\u00eancia dos recursos federais para as a\u00e7\u00f5es e os servi\u00e7os de sa\u00fade, na forma de blocos de financiamento, com o respectivo monitoramento e controle.<\/p>\n<p>Atualmente os recursos federais destinados \u00e0s a\u00e7\u00f5es e servi\u00e7os de sa\u00fade s\u00e3o organizados e transferidos na forma de seis blocos de financiamento.<\/p>\n<p>Os blocos de financiamento s\u00e3o constitu\u00eddos por componentes, conforme as especificidades de suas a\u00e7\u00f5es e servi\u00e7os de sa\u00fade pactuados.<\/p>\n<p>Os blocos e os componentes dos blocos de financiamento s\u00e3o seguintes:<\/p>\n<table style=\"height: 1080px; border-color: #000000;\" border=\"1\" width=\"680\">\n<tbody>\n<tr>\n<td width=\"591\">1. Bloco da Aten\u00e7\u00e3o B\u00e1sica<\/td>\n<\/tr>\n<tr>\n<td style=\"padding-left: 30px;\" width=\"591\">\u2022 Componente Piso da Aten\u00e7\u00e3o B\u00e1sica Fixo \u2013 PAB Fixo; e<\/td>\n<\/tr>\n<tr style=\"padding-left: 30px;\">\n<td style=\"padding-left: 30px;\" width=\"591\">\u2022 Componente Piso da Aten\u00e7\u00e3o B\u00e1sica Vari\u00e1vel PAB Vari\u00e1vel.<\/td>\n<\/tr>\n<tr>\n<td width=\"591\">2. Bloco de Aten\u00e7\u00e3o de M\u00e9dia e Alta Complexidade Ambulatorial e Hospitalar<\/td>\n<\/tr>\n<tr>\n<td style=\"padding-left: 30px;\" width=\"591\">\u2022 Componente Limite Financeiro da M\u00e9dia e Alta Complexidade Ambulatorial e Hospitalar (MAC); e<\/td>\n<\/tr>\n<tr style=\"padding-left: 30px;\">\n<td style=\"padding-left: 30px;\" width=\"591\">\u2022 Componente Fundo de A\u00e7\u00f5es Estrat\u00e9gicas e Compensa\u00e7\u00e3o (Faec).<\/td>\n<\/tr>\n<tr>\n<td width=\"591\">3. Bloco de Vigil\u00e2ncia em Sa\u00fade<\/td>\n<\/tr>\n<tr>\n<td style=\"padding-left: 30px;\" width=\"591\">\u2022 Componente da Vigil\u00e2ncia em Sa\u00fade; e<\/td>\n<\/tr>\n<tr style=\"padding-left: 30px;\">\n<td style=\"padding-left: 30px;\" width=\"591\">\u2022 Componente da Vigil\u00e2ncia Sanit\u00e1ria.<\/td>\n<\/tr>\n<tr>\n<td width=\"591\">4. Bloco de Assist\u00eancia Farmac\u00eautica<\/td>\n<\/tr>\n<tr>\n<td style=\"padding-left: 30px;\" width=\"591\">\u2022 Componente B\u00e1sico da Assist\u00eancia Farmac\u00eautica;<\/td>\n<\/tr>\n<tr style=\"padding-left: 30px;\">\n<td style=\"padding-left: 30px;\" width=\"591\">\u2022 Componente Estrat\u00e9gico da Assist\u00eancia Farmac\u00eautica; e<\/td>\n<\/tr>\n<tr style=\"padding-left: 30px;\">\n<td style=\"padding-left: 30px;\" width=\"591\">\u2022 Componente Especializado da Assist\u00eancia Farmac\u00eautica.<\/td>\n<\/tr>\n<tr>\n<td width=\"591\">5. Bloco de Gest\u00e3o do SUS<\/td>\n<\/tr>\n<tr>\n<td style=\"padding-left: 30px;\" width=\"591\">\u2022 Componente para a Qualifica\u00e7\u00e3o da Gest\u00e3o do SUS; e<\/td>\n<\/tr>\n<tr style=\"padding-left: 30px;\">\n<td style=\"padding-left: 30px;\" width=\"591\">\u2022 Componente para a Implanta\u00e7\u00e3o de A\u00e7\u00f5es e Servi\u00e7os de Sa\u00fade.<\/td>\n<\/tr>\n<tr>\n<td width=\"591\">6. Investimentos na Rede de Servi\u00e7os de Sa\u00fade<\/td>\n<\/tr>\n<\/tbody>\n<\/table>\n<p>&nbsp;<\/p>\n<p>Os recursos federais que comp\u00f5em cada bloco de financiamento s\u00e3o transferidos aos estados, ao Distrito Federal e aos munic\u00edpios, fundo a fundo, em conta \u00fanica e espec\u00edfica para cada bloco de financiamento.<\/p>\n<p>Os recursos referentes a cada bloco de financiamento devem ser aplicados nas a\u00e7\u00f5es e nos servi\u00e7os de sa\u00fade relacionados ao pr\u00f3prio bloco.<\/p>\n<p>Aos recursos relativos ao pagamento da produ\u00e7\u00e3o das unidades p\u00fablicas pr\u00f3prias n\u00e3o se aplicam as restri\u00e7\u00f5es previstas acima.<\/p>\n<p>Fica tamb\u00e9m vedada a aplica\u00e7\u00e3o dos recursos disponibilizados por meio do Bloco de Investimentos na Rede de Servi\u00e7os de Sa\u00fade em investimentos em \u00f3rg\u00e3os e unidades voltados exclusivamente \u00e0 realiza\u00e7\u00e3o de atividades administrativas.<\/p>\n<p>Os recursos de que tratam os componentes dos blocos de financiamento poder\u00e3o ser acrescidos recursos espec\u00edficos, para atender a situa\u00e7\u00f5es emergenciais ou inusitadas de riscos sanit\u00e1rios e epidemiol\u00f3gicos, devendo ser aplicados, exclusivamente, em conformidade com o respectivo ato normativo.<\/p>\n<p>Os recursos que comp\u00f5em cada bloco de financiamento poder\u00e3o ser acrescidos de valores espec\u00edficos, conforme respectiva pactua\u00e7\u00e3o na CIT.<\/p>\n<p>&nbsp;<\/p>\n<p><strong>Saiba mais:<\/strong><\/p>\n<ul class=\"\">\n<li class=\"\"><a href=\"http:\/\/www.conass.org.br\/guiainformacao\/gestao-financeira\/#\">4. A gest\u00e3o financeira e o fundo de sa\u00fade<\/a>\n<ul class=\"nav nav-list\">\n<li><a href=\"http:\/\/www.conass.org.br\/guiainformacao\/a-lei-complementar-no-141-de-13-de-janeiro-de-2012\">4.1 A Lei Complementar n\u00ba 141 de 13 de janeiro de 2012<\/a>\n<ul class=\"nav nav-list\">\n<li><a href=\"http:\/\/www.conass.org.br\/guiainformacao\/aplicacao-de-recursos-em-acoes-e-dos-publicos-de-saude\">Da Aplica\u00e7\u00e3o de Recursos em A\u00e7\u00f5es e dos P\u00fablicos de Sa\u00fade<\/a><\/li>\n<li><a href=\"http:\/\/www.conass.org.br\/guiainformacao\/da-transparencia-visibilidade-fiscalizacao-avaliacao-e-controle\">Da Transpar\u00eancia, Visibilidade, Fiscaliza\u00e7\u00e3o, Avalia\u00e7\u00e3o e Controle<\/a><\/li>\n<\/ul>\n<\/li>\n<li><a href=\"http:\/\/www.conass.org.br\/guiainformacao\/o-decreto-no-7-827-de-16-de-outubro-de-2012\">4.1.2 O Decreto n\u00ba 7.827, de 16 de outubro de 2012<\/a><\/li>\n<li><a href=\"http:\/\/www.conass.org.br\/guiainformacao\/a-portaria-no-53-de-16-de-janeiro-de-2013\">4.1.3 A Portaria n\u00ba 53, de 16 de janeiro de 2013<\/a><\/li>\n<li><a href=\"http:\/\/www.conass.org.br\/guiainformacao\/a-emenda-constitucional-no-86-de-17-de-marco-de-2015\">4.1.4 A Emenda Constitucional n\u00ba 86, de 17 de mar\u00e7o de 2015<\/a><\/li>\n<li><a href=\"http:\/\/www.conass.org.br\/guiainformacao\/aplicacao-de-recursos-em-acoes-e-servicos-de-saude\">4.1.5 Aplica\u00e7\u00e3o de recursos em a\u00e7\u00f5es e servi\u00e7os de sa\u00fade<\/a><\/li>\n<li><a href=\"http:\/\/www.conass.org.br\/guiainformacao\/a-gestao-financeira-e-o-ciclo-orcamentario\">4.2 A gest\u00e3o financeira e o ciclo or\u00e7ament\u00e1rio<\/a>\n<ul class=\"nav nav-list\">\n<li><a href=\"http:\/\/www.conass.org.br\/guiainformacao\/plano-de-saude\">Plano Plurianual (PPA)<\/a><\/li>\n<\/ul>\n<\/li>\n<li><a href=\"http:\/\/www.conass.org.br\/guiainformacao\/execucao-orcamentaria-e-financeira\">4.2.3 Execu\u00e7\u00e3o or\u00e7ament\u00e1ria e financeira<\/a><\/li>\n<li><a href=\"http:\/\/www.conass.org.br\/guiainformacao\/planejamento-orcamentario-e-financeiro-sob-enfoque-no-fundo-de-saude\">4.2.4 Planejamento or\u00e7ament\u00e1rio e financeiro sob enfoque no fundo de sa\u00fade<\/a><\/li>\n<li><a href=\"http:\/\/www.conass.org.br\/guiainformacao\/contabilidade-publica\">4.2.5 Contabilidade p\u00fablica<\/a><\/li>\n<li><a href=\"http:\/\/www.conass.org.br\/guiainformacao\/gestao-dos-fundos-de-saude\">4.3 Gest\u00e3o dos Fundos de Sa\u00fade<\/a>\n<ul class=\"nav nav-list\">\n<li><a href=\"http:\/\/www.conass.org.br\/guiainformacao\/fundo-estadual-de-saude\">Fundo Estadual de Sa\u00fade<\/a><\/li>\n<li><a href=\"http:\/\/www.conass.org.br\/guiainformacao\/organizacao-de-fundo-de-saude\">Organiza\u00e7\u00e3o de fundo de sa\u00fade<\/a><\/li>\n<\/ul>\n<\/li>\n<li><a href=\"http:\/\/www.conass.org.br\/guiainformacao\/investimentos-no-sus\">4.4 Investimentos no SUS<\/a>\n<ul class=\"nav nav-list\">\n<li><a href=\"http:\/\/www.conass.org.br\/guiainformacao\/prestacao-de-contas-de-convenios\">Presta\u00e7\u00e3o de contas de conv\u00eanios<\/a><\/li>\n<\/ul>\n<\/li>\n<\/ul>\n<\/li>\n<\/ul>\n","protected":false},"excerpt":{"rendered":"<p>4.1.5.1 Recursos m\u00ednimos \u00a0 4.1.5.1.1 Uni\u00e3o Os recursos m\u00ednimos a serem aplicados em sa\u00fade, no caso da Uni\u00e3o e para o ano de 2000, a EC n. 29 definiu a base de c\u00e1lculo como equivalente ao montante empenhado em a\u00e7\u00f5es e servi\u00e7os de sa\u00fade no exerc\u00edcio financeiro de 1999, acrescido de, no m\u00ednimo, 5%. De [&hellip;]<\/p>\n","protected":false},"author":1,"featured_media":0,"parent":0,"menu_order":64,"comment_status":"open","ping_status":"open","template":"","meta":{"_exactmetrics_skip_tracking":false,"_exactmetrics_sitenote_active":false,"_exactmetrics_sitenote_note":"","_exactmetrics_sitenote_category":0,"footnotes":""},"class_list":["post-11287","page","type-page","status-publish","hentry"],"_links":{"self":[{"href":"https:\/\/www.conass.org.br\/guiainformacao\/wp-json\/wp\/v2\/pages\/11287","targetHints":{"allow":["GET"]}}],"collection":[{"href":"https:\/\/www.conass.org.br\/guiainformacao\/wp-json\/wp\/v2\/pages"}],"about":[{"href":"https:\/\/www.conass.org.br\/guiainformacao\/wp-json\/wp\/v2\/types\/page"}],"author":[{"embeddable":true,"href":"https:\/\/www.conass.org.br\/guiainformacao\/wp-json\/wp\/v2\/users\/1"}],"replies":[{"embeddable":true,"href":"https:\/\/www.conass.org.br\/guiainformacao\/wp-json\/wp\/v2\/comments?post=11287"}],"version-history":[{"count":4,"href":"https:\/\/www.conass.org.br\/guiainformacao\/wp-json\/wp\/v2\/pages\/11287\/revisions"}],"predecessor-version":[{"id":12605,"href":"https:\/\/www.conass.org.br\/guiainformacao\/wp-json\/wp\/v2\/pages\/11287\/revisions\/12605"}],"wp:attachment":[{"href":"https:\/\/www.conass.org.br\/guiainformacao\/wp-json\/wp\/v2\/media?parent=11287"}],"curies":[{"name":"wp","href":"https:\/\/api.w.org\/{rel}","templated":true}]}}