{"id":11297,"date":"2016-04-25T16:17:03","date_gmt":"2016-04-25T19:17:03","guid":{"rendered":"http:\/\/www.conass.org.br\/guiainformacao\/?page_id=11297"},"modified":"2016-05-05T11:09:17","modified_gmt":"2016-05-05T14:09:17","slug":"planejamento-orcamentario-e-financeiro-sob-enfoque-no-fundo-de-saude","status":"publish","type":"page","link":"https:\/\/www.conass.org.br\/guiainformacao\/planejamento-orcamentario-e-financeiro-sob-enfoque-no-fundo-de-saude\/","title":{"rendered":"Planejamento or\u00e7ament\u00e1rio e financeiro sob enfoque no fundo de sa\u00fade"},"content":{"rendered":"<p>O financiamento das a\u00e7\u00f5es e servi\u00e7os de sa\u00fade \u00e9 responsabilidade das tr\u00eas esferas de governo.<\/p>\n<p>As principais fontes s\u00e3o: a Contribui\u00e7\u00e3o Social sobre o Lucro L\u00edquido (Fonte 151) e a Contribui\u00e7\u00e3o para o Financiamento da Seguridade Social (Fonte 153).<\/p>\n<p>Nas esferas estadual e municipal, al\u00e9m dos recursos do pr\u00f3prio Tesouro, h\u00e1 os recursos transferidos da Uni\u00e3o, que devem ser previstos no or\u00e7amento e identificados nos fundos de sa\u00fade para execu\u00e7\u00e3o de a\u00e7\u00f5es previstas nos instrumentos do Sistema de Planejamento do Sistema \u00danico de Sa\u00fade (SUS): Programa\u00e7\u00e3o Anual de Sa\u00fade; Relat\u00f3rio de Gest\u00e3o; Planos de Sa\u00fade contendo o Plano Diretor de Regionaliza\u00e7\u00e3o e o Plano Diretor de Investimentos como prev\u00ea a <a href=\"http:\/\/bvsms.saude.gov.br\/bvs\/saudelegis\/gm\/2009\/prt2751_11_11_2009.html\" target=\"_blank\">Portaria GM\/MS 2.751\/2009, de 11\/11\/2009<\/a>. Esta portaria ainda estabeleceu que o prazo de vig\u00eancia do Plano de Sa\u00fade e seus Anexos ser\u00e1 de quatro anos e coincidir\u00e1 com o <a title=\"Plano Plurianual (PPA)\" href=\"http:\/\/www.conass.org.br\/guiainformacao\/plano-plurianual-ppa\/\" target=\"_blank\">Plano Plurianual<\/a> (PPA).<\/p>\n<p>A <a href=\"http:\/\/www.planalto.gov.br\/ccivil_03\/constituicao\/emendas\/emc\/emc29.htm\" target=\"_blank\">Emenda Constitucional n. 29\/2000<\/a> determina que os recursos destinados \u00e0s a\u00e7\u00f5es e servi\u00e7os de sa\u00fade devem ser aplicados por meio de fundos de sa\u00fade. Assim, os fundos adquirem a forma de unidades gestoras de or\u00e7amento, devendo ter or\u00e7amento consignado para poder aplicar os recursos transferidos.<\/p>\n<p>Pela defini\u00e7\u00e3o da <a href=\"http:\/\/www.planalto.gov.br\/ccivil_03\/leis\/L4320.htm\" target=\"_blank\">Lei n. 4.320\/1964<\/a>, Unidade Or\u00e7ament\u00e1ria \u00e9 o \u00f3rg\u00e3o, unidade, ou agrupamento de servi\u00e7os com autoridade para movimentar dota\u00e7\u00f5es, ou seja, tem o poder, ainda que derivado do gestor, municipal\/estadual, de gerir recursos or\u00e7ament\u00e1rios e financeiros, pr\u00f3prios (do estado ou munic\u00edpio), ou transferidos (da Uni\u00e3o ou estado). O que a Lei pretendeu com isto foi separar os conceitos de Unidade Or\u00e7ament\u00e1ria e Unidade Administrativa, de modo a permitir um sistema descentralizado da execu\u00e7\u00e3o do or\u00e7amento, atrav\u00e9s das funcionais program\u00e1ticas.<\/p>\n<p>Portanto, devem-se definir os recursos do fundo de sa\u00fade no or\u00e7amento do munic\u00edpio ou do estado em conson\u00e2ncia com os respectivos planos de sa\u00fade, aprovados pelos conselhos de sa\u00fade. Esses recursos definidos no or\u00e7amento para os programas devem estar de acordo com as metas que o governo pretende atingir no pr\u00f3ximo exerc\u00edcio.<\/p>\n<p>Deve-se, ainda, alocar os recursos por meio da Lei de Diretrizes Or\u00e7ament\u00e1rias e da Lei Or\u00e7ament\u00e1ria Anual ou por interm\u00e9dio de cr\u00e9ditos suplementares, especiais ou extraordin\u00e1rios.<\/p>\n<p><strong>\u00a0<\/strong><\/p>\n<p><strong>4.2.4.1 Programa\u00e7\u00e3o financeira pelo fundo de sa\u00fade<\/strong><\/p>\n<p>A Secretaria de Sa\u00fade dever\u00e1 estimar os recursos necess\u00e1rios para pagamento das despesas, observadas as fontes or\u00e7ament\u00e1rias e as disponibilidades financeiras, bem como controlar o ingresso de recursos no fundo, de acordo com as seguintes regras:<\/p>\n<p style=\"padding-left: 30px;\"><strong>\u00bb <\/strong>As receitas pr\u00f3prias destinadas ao fundo, de acordo com a EC n. 29\/2000, devem ser repassadas mediante cronograma espec\u00edfico acordado entre as Secretarias de Finan\u00e7as, Fazenda e Sa\u00fade (fundo), com detalhamento das respectivas fontes para essa finalidade.<\/p>\n<p style=\"padding-left: 30px;\"><strong>\u00bb <\/strong>Os repasses do Fundo Nacional de Sa\u00fade s\u00e3o efetuados diretamente \u00e0 conta banc\u00e1ria aberta pelo FNS, na titularidade do Fundo Estadual de Sa\u00fade.<\/p>\n<p style=\"padding-left: 30px;\"><strong>\u00bb <\/strong>Correspondente procedimento poder\u00e1 ser adotado pelo Fundo Estadual de Sa\u00fade, em rela\u00e7\u00e3o aos repasses aos fundos municipais de sa\u00fade, quando houver.<\/p>\n<p style=\"padding-left: 30px;\"><strong>\u00bb <\/strong>\u00c9 aconselh\u00e1vel dotar as unidades administrativas de condi\u00e7\u00f5es de assun\u00e7\u00e3o tamb\u00e9m da condi\u00e7\u00e3o de unidades gestoras de or\u00e7amento e assim se habilitarem a executar de forma descentralizada o or\u00e7amento da Secretaria de Sa\u00fade\/fundo.<\/p>\n<p style=\"padding-left: 30px;\"><strong>\u00bb <\/strong>Tais opera\u00e7\u00f5es devem ser facilitadas com a implementa\u00e7\u00e3o de sistemas informatizados de administra\u00e7\u00e3o or\u00e7ament\u00e1ria e financeira.<\/p>\n<p>&nbsp;<\/p>\n<p><strong>4.2.4.2 Execu\u00e7\u00e3o or\u00e7ament\u00e1ria e financeira mediante fundos de sa\u00fade<\/strong><\/p>\n<p>A execu\u00e7\u00e3o or\u00e7ament\u00e1ria e financeira deve ser realizada em conson\u00e2ncia com a dota\u00e7\u00e3o consignada em lei or\u00e7ament\u00e1ria ou em cr\u00e9ditos adicionais (Lei n. 4.320\/1964, Art. 72).<\/p>\n<p>As despesas dever\u00e3o ser empenhadas conforme a previs\u00e3o or\u00e7ament\u00e1ria, cabendo, ainda:<\/p>\n<p style=\"padding-left: 30px;\">\u00bb Vincular as despesas \u00e0s a\u00e7\u00f5es de sa\u00fade, consoante o plano de sa\u00fade aprovado pelo Conselho de Sa\u00fade e as fontes espec\u00edficas constantes dos instrumentos or\u00e7ament\u00e1rios.<\/p>\n<p style=\"padding-left: 30px;\">\u00bb Emitir ordens banc\u00e1rias e liquidar os pagamentos, observadas as normas gerais de direito financeiro.<\/p>\n<p style=\"padding-left: 30px;\">\u00bb Controlar a liquida\u00e7\u00e3o dos pagamentos realizados na conta banc\u00e1ria, mantendo registros detalhados no <a href=\"https:\/\/www5.serpro.gov.br\/conteudo-solucoes\/produtos\/administracao-federal\/siafem-sistema-integrado-de-administracao-financeira-para-estados-e-municipios\" target=\"_blank\">Sistema Integrado de Administra\u00e7\u00e3o Financeira dos estados e munic\u00edpios (Siafem)<\/a> ou sistema equivalente.<\/p>\n<p>&nbsp;<\/p>\n<p><strong>Saiba mais:<\/strong><\/p>\n<ul class=\"\">\n<li class=\"\"><a href=\"http:\/\/www.conass.org.br\/guiainformacao\/gestao-financeira\/#\">4. A gest\u00e3o financeira e o fundo de sa\u00fade<\/a>\n<ul class=\"nav nav-list\">\n<li><a href=\"http:\/\/www.conass.org.br\/guiainformacao\/a-lei-complementar-no-141-de-13-de-janeiro-de-2012\">4.1 A Lei Complementar n\u00ba 141 de 13 de janeiro de 2012<\/a>\n<ul class=\"nav nav-list\">\n<li><a href=\"http:\/\/www.conass.org.br\/guiainformacao\/aplicacao-de-recursos-em-acoes-e-dos-publicos-de-saude\">Da Aplica\u00e7\u00e3o de Recursos em A\u00e7\u00f5es e dos P\u00fablicos de Sa\u00fade<\/a><\/li>\n<li><a href=\"http:\/\/www.conass.org.br\/guiainformacao\/da-transparencia-visibilidade-fiscalizacao-avaliacao-e-controle\">Da Transpar\u00eancia, Visibilidade, Fiscaliza\u00e7\u00e3o, Avalia\u00e7\u00e3o e Controle<\/a><\/li>\n<\/ul>\n<\/li>\n<li><a href=\"http:\/\/www.conass.org.br\/guiainformacao\/o-decreto-no-7-827-de-16-de-outubro-de-2012\">4.1.2 O Decreto n\u00ba 7.827, de 16 de outubro de 2012<\/a><\/li>\n<li><a href=\"http:\/\/www.conass.org.br\/guiainformacao\/a-portaria-no-53-de-16-de-janeiro-de-2013\">4.1.3 A Portaria n\u00ba 53, de 16 de janeiro de 2013<\/a><\/li>\n<li><a href=\"http:\/\/www.conass.org.br\/guiainformacao\/a-emenda-constitucional-no-86-de-17-de-marco-de-2015\">4.1.4 A Emenda Constitucional n\u00ba 86, de 17 de mar\u00e7o de 2015<\/a><\/li>\n<li><a href=\"http:\/\/www.conass.org.br\/guiainformacao\/aplicacao-de-recursos-em-acoes-e-servicos-de-saude\">4.1.5 Aplica\u00e7\u00e3o de recursos em a\u00e7\u00f5es e servi\u00e7os de sa\u00fade<\/a><\/li>\n<li><a href=\"http:\/\/www.conass.org.br\/guiainformacao\/a-gestao-financeira-e-o-ciclo-orcamentario\">4.2 A gest\u00e3o financeira e o ciclo or\u00e7ament\u00e1rio<\/a>\n<ul class=\"nav nav-list\">\n<li><a href=\"http:\/\/www.conass.org.br\/guiainformacao\/plano-de-saude\">Plano Plurianual (PPA)<\/a><\/li>\n<\/ul>\n<\/li>\n<li><a href=\"http:\/\/www.conass.org.br\/guiainformacao\/execucao-orcamentaria-e-financeira\">4.2.3 Execu\u00e7\u00e3o or\u00e7ament\u00e1ria e financeira<\/a><\/li>\n<li><a href=\"http:\/\/www.conass.org.br\/guiainformacao\/planejamento-orcamentario-e-financeiro-sob-enfoque-no-fundo-de-saude\">4.2.4 Planejamento or\u00e7ament\u00e1rio e financeiro sob enfoque no fundo de sa\u00fade<\/a><\/li>\n<li><a href=\"http:\/\/www.conass.org.br\/guiainformacao\/contabilidade-publica\">4.2.5 Contabilidade p\u00fablica<\/a><\/li>\n<li><a href=\"http:\/\/www.conass.org.br\/guiainformacao\/gestao-dos-fundos-de-saude\">4.3 Gest\u00e3o dos Fundos de Sa\u00fade<\/a>\n<ul class=\"nav nav-list\">\n<li><a href=\"http:\/\/www.conass.org.br\/guiainformacao\/fundo-estadual-de-saude\">Fundo Estadual de Sa\u00fade<\/a><\/li>\n<li><a href=\"http:\/\/www.conass.org.br\/guiainformacao\/organizacao-de-fundo-de-saude\">Organiza\u00e7\u00e3o de fundo de sa\u00fade<\/a><\/li>\n<\/ul>\n<\/li>\n<li><a href=\"http:\/\/www.conass.org.br\/guiainformacao\/investimentos-no-sus\">4.4 Investimentos no SUS<\/a>\n<ul class=\"nav nav-list\">\n<li><a href=\"http:\/\/www.conass.org.br\/guiainformacao\/prestacao-de-contas-de-convenios\">Presta\u00e7\u00e3o de contas de conv\u00eanios<\/a><\/li>\n<\/ul>\n<\/li>\n<\/ul>\n<\/li>\n<\/ul>\n","protected":false},"excerpt":{"rendered":"<p>O financiamento das a\u00e7\u00f5es e servi\u00e7os de sa\u00fade \u00e9 responsabilidade das tr\u00eas esferas de governo. As principais fontes s\u00e3o: a Contribui\u00e7\u00e3o Social sobre o Lucro L\u00edquido (Fonte 151) e a Contribui\u00e7\u00e3o para o Financiamento da Seguridade Social (Fonte 153). Nas esferas estadual e municipal, al\u00e9m dos recursos do pr\u00f3prio Tesouro, h\u00e1 os recursos transferidos da [&hellip;]<\/p>\n","protected":false},"author":1,"featured_media":0,"parent":0,"menu_order":68,"comment_status":"open","ping_status":"open","template":"","meta":{"_exactmetrics_skip_tracking":false,"_exactmetrics_sitenote_active":false,"_exactmetrics_sitenote_note":"","_exactmetrics_sitenote_category":0,"footnotes":""},"class_list":["post-11297","page","type-page","status-publish","hentry"],"_links":{"self":[{"href":"https:\/\/www.conass.org.br\/guiainformacao\/wp-json\/wp\/v2\/pages\/11297","targetHints":{"allow":["GET"]}}],"collection":[{"href":"https:\/\/www.conass.org.br\/guiainformacao\/wp-json\/wp\/v2\/pages"}],"about":[{"href":"https:\/\/www.conass.org.br\/guiainformacao\/wp-json\/wp\/v2\/types\/page"}],"author":[{"embeddable":true,"href":"https:\/\/www.conass.org.br\/guiainformacao\/wp-json\/wp\/v2\/users\/1"}],"replies":[{"embeddable":true,"href":"https:\/\/www.conass.org.br\/guiainformacao\/wp-json\/wp\/v2\/comments?post=11297"}],"version-history":[{"count":3,"href":"https:\/\/www.conass.org.br\/guiainformacao\/wp-json\/wp\/v2\/pages\/11297\/revisions"}],"predecessor-version":[{"id":12614,"href":"https:\/\/www.conass.org.br\/guiainformacao\/wp-json\/wp\/v2\/pages\/11297\/revisions\/12614"}],"wp:attachment":[{"href":"https:\/\/www.conass.org.br\/guiainformacao\/wp-json\/wp\/v2\/media?parent=11297"}],"curies":[{"name":"wp","href":"https:\/\/api.w.org\/{rel}","templated":true}]}}