{"id":12744,"date":"2016-09-19T08:16:38","date_gmt":"2016-09-19T11:16:38","guid":{"rendered":"http:\/\/www.conass.org.br\/guiainformacao\/?page_id=12744"},"modified":"2016-09-21T07:49:01","modified_gmt":"2016-09-21T10:49:01","slug":"instrumentos-de-apoio","status":"publish","type":"page","link":"https:\/\/www.conass.org.br\/guiainformacao\/instrumentos-de-apoio\/","title":{"rendered":"INSTRUMENTOS DE APOIO"},"content":{"rendered":"<p>Para desempenhar as fun\u00e7\u00f5es de regula\u00e7\u00e3o da assist\u00eancia, implantar e operacionalizar os complexos reguladores se faz necess\u00e1rio lan\u00e7ar m\u00e3o de instrumentos de apoio, quais sejam:<\/p>\n<p>&nbsp;<\/p>\n<ul style=\"padding-left: 30px;\">\n<li>Plano Diretor de Regionaliza\u00e7\u00e3o \u2013 PDR que configura os espa\u00e7os geogr\u00e1ficos com suas identidades culturais, econ\u00f4mica e social, das redes de comunica\u00e7\u00e3o e infraestrutura de transporte compartilhados no mesmo territ\u00f3rio;<\/li>\n<li>Cadastro Nacional de Estabelecimentos de Sa\u00fade (CNES);<\/li>\n<li>Cadastramento dos usu\u00e1rios do SUS \u2013 Cart\u00e3o Nacional de Sa\u00fade \u2013 CNS<\/li>\n<li>Central de regula\u00e7\u00e3o, destinada \u00e0 an\u00e1lise e delibera\u00e7\u00e3o imediata sobre problemas de acesso do paciente aos servi\u00e7os de sa\u00fade;<\/li>\n<li>Os protocolos operacionais de fluxos que orientam as centrais em rela\u00e7\u00e3o aos encaminhamentos entre os n\u00edveis de complexidade, promovendo mudan\u00e7as no modelo de aten\u00e7\u00e3o \u00e0 sa\u00fade vigente, definindo os limites resolutivos de cada um deles;<\/li>\n<li>Protocolos cl\u00ednicos que definem o elenco de recursos terap\u00eauticos mais adequados para cada situa\u00e7\u00e3o cl\u00ednica;<\/li>\n<li>Complexos reguladores com centrais de leitos, consultas especializadas e exames, destinados ao atendimento da necessidade de consultas, exames e interna\u00e7\u00e3o de pacientes, permitindo o acompanhamento da PPI e das refer\u00eancias;<\/li>\n<li>Comiss\u00f5es autorizadoras de procedimentos de alta complexidade e de interna\u00e7\u00f5es, para organizar os processos, mecanismos de controle e avalia\u00e7\u00e3o e as refer\u00eancias desse elenco de procedimentos;<\/li>\n<li>Manuais dos sistemas de informa\u00e7\u00e3o;<\/li>\n<li>Indicadores e par\u00e2metros assistenciais de necessidade de oferta de acordo com as necessidades de sa\u00fade e de produtividade;<\/li>\n<li>Instrumentos de avalia\u00e7\u00e3o da qualidade assistencial e da satisfa\u00e7\u00e3o do usu\u00e1rio;<\/li>\n<li>Contratos com os prestadores de servi\u00e7os que expressam formalmente a oferta de servi\u00e7os de sa\u00fade e sua coer\u00eancia com as necessidades populacionais;<\/li>\n<li>PPI\/PGASS que define e quantifica as a\u00e7\u00f5es de sa\u00fade e caracteriza os fluxos estabelecidos a partir dos pactos intergestores;<\/li>\n<li>Programa Nacional de Avalia\u00e7\u00e3o de Servi\u00e7os de Sa\u00fade \u2013 PNASS que deveria viabilizar um processo de avalia\u00e7\u00e3o peri\u00f3dica da assist\u00eancia instrumentalizando a gest\u00e3o quando do planejamento, programa\u00e7\u00e3o e regula\u00e7\u00e3o;<\/li>\n<li>Sistema Nacional de Regula\u00e7\u00e3o \u2013 SISREG ou outro Sistema informatizado que deve ser compat\u00edvel e estar em conson\u00e2ncia com a Pol\u00edtica Nacional de Informa\u00e7\u00e3o em Sa\u00fade, com o Cadastro Nacional de Estabelecimentos de Sa\u00fade \u2013 CNES, com a Programa\u00e7\u00e3o Pactuada e Integrada \u2013 PPI, com o Cart\u00e3o Nacional de Sa\u00fade \u2013 CNS, com o Sistema de Informa\u00e7\u00f5es Ambulatoriais \u2013 SIA e com o Sistema de Informa\u00e7\u00f5es Hospitalares \u2013 SIH;<\/li>\n<li>Outros instrumentos considerados de import\u00e2ncia para a implanta\u00e7\u00e3o da Pol\u00edtica Nacional de Regula\u00e7\u00e3o s\u00e3o: O aplicativo M\u00f3dulo Autorizador; a Tabela de Procedimentos, Medicamentos, \u00d3rteses, Pr\u00f3teses e Materiais Especiais do SUS; o Sistema de Informa\u00e7\u00e3o Ambulatorial (SIA); e o Sistema de Informa\u00e7\u00e3o Hospitalar Descentralizado (SIHD).<\/li>\n<\/ul>\n","protected":false},"excerpt":{"rendered":"<p>Para desempenhar as fun\u00e7\u00f5es de regula\u00e7\u00e3o da assist\u00eancia, implantar e operacionalizar os complexos reguladores se faz necess\u00e1rio lan\u00e7ar m\u00e3o de instrumentos de apoio, quais sejam: &nbsp; Plano Diretor de Regionaliza\u00e7\u00e3o \u2013 PDR que configura os espa\u00e7os geogr\u00e1ficos com suas identidades culturais, econ\u00f4mica e social, das redes de comunica\u00e7\u00e3o e infraestrutura de transporte compartilhados no mesmo [&hellip;]<\/p>\n","protected":false},"author":1,"featured_media":0,"parent":0,"menu_order":78,"comment_status":"open","ping_status":"open","template":"","meta":{"_exactmetrics_skip_tracking":false,"_exactmetrics_sitenote_active":false,"_exactmetrics_sitenote_note":"","_exactmetrics_sitenote_category":0,"footnotes":""},"class_list":["post-12744","page","type-page","status-publish","hentry"],"_links":{"self":[{"href":"https:\/\/www.conass.org.br\/guiainformacao\/wp-json\/wp\/v2\/pages\/12744","targetHints":{"allow":["GET"]}}],"collection":[{"href":"https:\/\/www.conass.org.br\/guiainformacao\/wp-json\/wp\/v2\/pages"}],"about":[{"href":"https:\/\/www.conass.org.br\/guiainformacao\/wp-json\/wp\/v2\/types\/page"}],"author":[{"embeddable":true,"href":"https:\/\/www.conass.org.br\/guiainformacao\/wp-json\/wp\/v2\/users\/1"}],"replies":[{"embeddable":true,"href":"https:\/\/www.conass.org.br\/guiainformacao\/wp-json\/wp\/v2\/comments?post=12744"}],"version-history":[{"count":2,"href":"https:\/\/www.conass.org.br\/guiainformacao\/wp-json\/wp\/v2\/pages\/12744\/revisions"}],"predecessor-version":[{"id":12876,"href":"https:\/\/www.conass.org.br\/guiainformacao\/wp-json\/wp\/v2\/pages\/12744\/revisions\/12876"}],"wp:attachment":[{"href":"https:\/\/www.conass.org.br\/guiainformacao\/wp-json\/wp\/v2\/media?parent=12744"}],"curies":[{"name":"wp","href":"https:\/\/api.w.org\/{rel}","templated":true}]}}