{"id":12746,"date":"2016-09-19T08:19:23","date_gmt":"2016-09-19T11:19:23","guid":{"rendered":"http:\/\/www.conass.org.br\/guiainformacao\/?page_id=12746"},"modified":"2016-09-19T08:19:23","modified_gmt":"2016-09-19T11:19:23","slug":"protocolos-assistenciais","status":"publish","type":"page","link":"https:\/\/www.conass.org.br\/guiainformacao\/protocolos-assistenciais\/","title":{"rendered":"PROTOCOLOS ASSISTENCIAIS"},"content":{"rendered":"<p>Entre os instrumentos de regula\u00e7\u00e3o do acesso assistencial preconizados est\u00e3o os protocolos cl\u00ednicos e operacionais.<\/p>\n<p>Os Protocolos Cl\u00ednicos t\u00eam como objetivo padronizar o uso de recursos terap\u00eauticos e proped\u00eauticos estrat\u00e9gicos, para otimizar a disponibilidade versus demanda as a\u00e7\u00f5es e servi\u00e7os de sa\u00fade, otimizar o\u00a0 alto custos das tecnologias utilizadas e\u00a0 para qualificar a assist\u00eancia prestada.<\/p>\n<p>Os Protocolos de acesso s\u00e3o diretrizes para orientar a solicita\u00e7\u00e3o e uso adequados e racionais das tecnologias de apoio, diagn\u00f3stico e da rede especializada. A utiliza\u00e7\u00e3o de protocolos de regula\u00e7\u00e3o constitui um importante instrumento de ordena\u00e7\u00e3o dos fluxos de encaminhamento, al\u00e9m de contribuir com a gest\u00e3o do conhecimento e ser determinante na organiza\u00e7\u00e3o das a\u00e7\u00f5es de sa\u00fade. A implanta\u00e7\u00e3o de protocolos, seja de acesso ou cl\u00ednicos, requerem esfor\u00e7o conjunto de gestores e profissionais para que seu emprego seja, de fato, adequado \u00e0s necessidades do servi\u00e7o, permitindo o estabelecimento de objetivos e metas por meio da implementa\u00e7\u00e3o de a\u00e7\u00f5es.<\/p>\n<p>O Protocolo de acesso organiza a refer\u00eancia e contrarrefer\u00eancia entre os n\u00edveis de complexidade assistencial, orientando os atos profissionais que fazem parte dos protocolos cl\u00ednicos. Para isso, s\u00e3o necess\u00e1rias a constante revis\u00e3o e discuss\u00e3o destes protocolos para o seu aprimoramento, de forma a permitir a sua utiliza\u00e7\u00e3o como ferramenta de regula\u00e7\u00e3o para os profissionais da aten\u00e7\u00e3o b\u00e1sica e orientar os encaminhamentos para a m\u00e9dia e alta complexidade, como tamb\u00e9m uma organiza\u00e7\u00e3o de rede assistencial.<\/p>\n","protected":false},"excerpt":{"rendered":"<p>Entre os instrumentos de regula\u00e7\u00e3o do acesso assistencial preconizados est\u00e3o os protocolos cl\u00ednicos e operacionais. Os Protocolos Cl\u00ednicos t\u00eam como objetivo padronizar o uso de recursos terap\u00eauticos e proped\u00eauticos estrat\u00e9gicos, para otimizar a disponibilidade versus demanda as a\u00e7\u00f5es e servi\u00e7os de sa\u00fade, otimizar o\u00a0 alto custos das tecnologias utilizadas e\u00a0 para qualificar a assist\u00eancia prestada. [&hellip;]<\/p>\n","protected":false},"author":1,"featured_media":0,"parent":0,"menu_order":79,"comment_status":"open","ping_status":"open","template":"","meta":{"_exactmetrics_skip_tracking":false,"_exactmetrics_sitenote_active":false,"_exactmetrics_sitenote_note":"","_exactmetrics_sitenote_category":0,"footnotes":""},"class_list":["post-12746","page","type-page","status-publish","hentry"],"_links":{"self":[{"href":"https:\/\/www.conass.org.br\/guiainformacao\/wp-json\/wp\/v2\/pages\/12746","targetHints":{"allow":["GET"]}}],"collection":[{"href":"https:\/\/www.conass.org.br\/guiainformacao\/wp-json\/wp\/v2\/pages"}],"about":[{"href":"https:\/\/www.conass.org.br\/guiainformacao\/wp-json\/wp\/v2\/types\/page"}],"author":[{"embeddable":true,"href":"https:\/\/www.conass.org.br\/guiainformacao\/wp-json\/wp\/v2\/users\/1"}],"replies":[{"embeddable":true,"href":"https:\/\/www.conass.org.br\/guiainformacao\/wp-json\/wp\/v2\/comments?post=12746"}],"version-history":[{"count":1,"href":"https:\/\/www.conass.org.br\/guiainformacao\/wp-json\/wp\/v2\/pages\/12746\/revisions"}],"predecessor-version":[{"id":12747,"href":"https:\/\/www.conass.org.br\/guiainformacao\/wp-json\/wp\/v2\/pages\/12746\/revisions\/12747"}],"wp:attachment":[{"href":"https:\/\/www.conass.org.br\/guiainformacao\/wp-json\/wp\/v2\/media?parent=12746"}],"curies":[{"name":"wp","href":"https:\/\/api.w.org\/{rel}","templated":true}]}}