{"id":12752,"date":"2016-09-19T08:28:36","date_gmt":"2016-09-19T11:28:36","guid":{"rendered":"http:\/\/www.conass.org.br\/guiainformacao\/?page_id=12752"},"modified":"2016-09-21T07:30:55","modified_gmt":"2016-09-21T10:30:55","slug":"estrutura-dos-complexos-reguladores","status":"publish","type":"page","link":"https:\/\/www.conass.org.br\/guiainformacao\/estrutura-dos-complexos-reguladores\/","title":{"rendered":"Estrutura dos Complexos Reguladores"},"content":{"rendered":"<p>O Complexo Regulador \u00e9 a estrutura que operacionaliza as a\u00e7\u00f5es da regula\u00e7\u00e3o do acesso, podendo ter abrang\u00eancia e estrutura pactuadas entre gestores, conforme os modelos definidos pelo Minist\u00e9rio da Sa\u00fade (2010):<\/p>\n<p><strong>I. Complexo Regulador Estadual<\/strong>: gest\u00e3o e ger\u00eancia da Secretaria de Estado da Sa\u00fade, regulando o acesso aos estabelecimentos de sa\u00fade sob gest\u00e3o estadual e a refer\u00eancia interestadual e intermediando o acesso da popula\u00e7\u00e3o referenciada aos estabelecimentos de sa\u00fade sob gest\u00e3o municipal, no \u00e2mbito do estado.<\/p>\n<p><strong>II. Complexo Regulador Regional:<\/strong><\/p>\n<p><strong>\u00a0<\/strong><\/p>\n<ul style=\"padding-left: 40px;\">\n<li>Gest\u00e3o e ger\u00eancia da Secretaria de Estado da Sa\u00fade, regulando o acesso aos estabelecimentos de sa\u00fade sob gest\u00e3o estadual e intermediando o acesso da popula\u00e7\u00e3o referenciada aos estabelecimentos de sa\u00fade sob gest\u00e3o municipal, no \u00e2mbito da regi\u00e3o, e a refer\u00eancia inter-regional, no \u00e2mbito do estado;<\/li>\n<li>Gest\u00e3o e ger\u00eancia compartilhada entre a Secretaria de Estado da Sa\u00fade e as Secretarias Municipais de Sa\u00fade que comp\u00f5em a regi\u00e3o, regulando o acesso da popula\u00e7\u00e3o pr\u00f3pria e referenciada aos estabelecimentos de sa\u00fade sob gest\u00e3o estadual e municipal, no \u00e2mbito da regi\u00e3o, e a refer\u00eancia inter-regional, no \u00e2mbito do estado.<\/li>\n<\/ul>\n<p><strong>III. Complexo Regulador Municipal:<\/strong> gest\u00e3o e ger\u00eancia da Secretaria Municipal de Sa\u00fade, regulando o acesso da popula\u00e7\u00e3o pr\u00f3pria aos estabelecimentos de sa\u00fade sob gest\u00e3o municipal, no \u00e2mbito do munic\u00edpio, e garantindo o acesso da popula\u00e7\u00e3o referenciada, conforme pactua\u00e7\u00e3o.<\/p>\n<p>&nbsp;<\/p>\n<p>OBS: Os Estados de Pernambuco e Bahia implantaram um modelo de Complexo Regulador Interestadual denominado de <strong>Central de Regula\u00e7\u00e3o Interestadual de Leitos (CRIL).<a href=\"#_ftn1\" name=\"_ftnref1\"><strong>[1]<\/strong><\/a> <\/strong><\/p>\n<p>Os Complexos Reguladores quando bem estruturados, organizam o fluxo da assist\u00eancia na aten\u00e7\u00e3o b\u00e1sica, na m\u00e9dia e alta complexidade, articulando e integrando dispositivos de Regula\u00e7\u00e3o do Acesso como Centrais Ambulatoriais (consultas e exames), Centrais de Interna\u00e7\u00f5es com outras a\u00e7\u00f5es que comp\u00f5em a Regula\u00e7\u00e3o da Aten\u00e7\u00e3o como o Controle e avalia\u00e7\u00e3o, a Auditoria Assistencial, Contrata\u00e7\u00e3o e outras fun\u00e7\u00f5es da gest\u00e3o como Planejamento, Programa\u00e7\u00e3o e Regionaliza\u00e7\u00e3o.<\/p>\n<p><a href=\"#_ftnref1\" name=\"_ftn1\">[1]<\/a> A rede conhecida como Rede PEBA, comp\u00f5e a Macrorregi\u00e3o Interestadual do Vale M\u00e9dio do S\u00e3o Francisco, compreendendo 55 munic\u00edpios e uma popula\u00e7\u00e3o de aproximadamente 1,9 milh\u00e3o de habitantes. O modelo implantado funciona em uma cogest\u00e3o da rede de sa\u00fade entre os estados. O Complexo de Regula\u00e7\u00e3o implantado regula as a\u00e7\u00f5es de refer\u00eancia interestadual, as a\u00e7\u00f5es de Urg\u00eancia e Emerg\u00eancia e Alta Complexidade nas unidades caracterizadas como refer\u00eancia interestadual. Atrav\u00e9s de colegiado de gest\u00e3o da rede, foi priorizada a regula\u00e7\u00e3o das interna\u00e7\u00f5es em leitos comuns, intermedi\u00e1rios e de terapia Intensiva. Al\u00e9m disso, integram essa estrat\u00e9gia, a regula\u00e7\u00e3o dos recursos necess\u00e1rios \u00e0 movimenta\u00e7\u00e3o dos usu\u00e1rios entre os servi\u00e7os do polo interestadual (Juazeiro e Petrolina), as unidades m\u00f3veis de suporte avan\u00e7ado e suporte b\u00e1sico, para assegurar acesso a recursos diagn\u00f3sticos e terap\u00eauticos necess\u00e1rios ao cuidado integral dos usu\u00e1rios admitidos nesses servi\u00e7os.<\/p>\n<p>&nbsp;<\/p>\n<p><strong>Saiba mais:<\/strong><\/p>\n<ul class=\"nav nav-list\">\n<li><a href=\"..\/complexo-regulador\">5.4 Complexo Regulador<\/a>\n<ul class=\"nav nav-list\">\n<li><a href=\"..\/atribuicoes-do-complexo-regulador\">5.4.1 Atribui\u00e7\u00f5es do Complexo Regulador<\/a><\/li>\n<li><a href=\"..\/estrutura-dos-complexos-reguladores\">5.4.2 Estrutura dos Complexos Reguladores<\/a><\/li>\n<li><a href=\"..\/composicao-do-complexo-regulador\">5.4.3 Composi\u00e7\u00e3o do Complexo Regulador<\/a><\/li>\n<li><a href=\"..\/modelagem-dos-complexos-reguladores\">5.4.4 Modelagem dos complexos reguladores<\/a><\/li>\n<li><a href=\"..\/atribuicoes-da-equipe-do-complexo-regulador\">5.4.5 Atribui\u00e7\u00f5es da Equipe do Complexo regulador<\/a><\/li>\n<\/ul>\n<\/li>\n<\/ul>\n<p>&nbsp;<\/p>\n","protected":false},"excerpt":{"rendered":"<p>O Complexo Regulador \u00e9 a estrutura que operacionaliza as a\u00e7\u00f5es da regula\u00e7\u00e3o do acesso, podendo ter abrang\u00eancia e estrutura pactuadas entre gestores, conforme os modelos definidos pelo Minist\u00e9rio da Sa\u00fade (2010): I. Complexo Regulador Estadual: gest\u00e3o e ger\u00eancia da Secretaria de Estado da Sa\u00fade, regulando o acesso aos estabelecimentos de sa\u00fade sob gest\u00e3o estadual e [&hellip;]<\/p>\n","protected":false},"author":1,"featured_media":0,"parent":0,"menu_order":82,"comment_status":"open","ping_status":"open","template":"","meta":{"_exactmetrics_skip_tracking":false,"_exactmetrics_sitenote_active":false,"_exactmetrics_sitenote_note":"","_exactmetrics_sitenote_category":0,"footnotes":""},"class_list":["post-12752","page","type-page","status-publish","hentry"],"_links":{"self":[{"href":"https:\/\/www.conass.org.br\/guiainformacao\/wp-json\/wp\/v2\/pages\/12752","targetHints":{"allow":["GET"]}}],"collection":[{"href":"https:\/\/www.conass.org.br\/guiainformacao\/wp-json\/wp\/v2\/pages"}],"about":[{"href":"https:\/\/www.conass.org.br\/guiainformacao\/wp-json\/wp\/v2\/types\/page"}],"author":[{"embeddable":true,"href":"https:\/\/www.conass.org.br\/guiainformacao\/wp-json\/wp\/v2\/users\/1"}],"replies":[{"embeddable":true,"href":"https:\/\/www.conass.org.br\/guiainformacao\/wp-json\/wp\/v2\/comments?post=12752"}],"version-history":[{"count":6,"href":"https:\/\/www.conass.org.br\/guiainformacao\/wp-json\/wp\/v2\/pages\/12752\/revisions"}],"predecessor-version":[{"id":12853,"href":"https:\/\/www.conass.org.br\/guiainformacao\/wp-json\/wp\/v2\/pages\/12752\/revisions\/12853"}],"wp:attachment":[{"href":"https:\/\/www.conass.org.br\/guiainformacao\/wp-json\/wp\/v2\/media?parent=12752"}],"curies":[{"name":"wp","href":"https:\/\/api.w.org\/{rel}","templated":true}]}}