{"id":12776,"date":"2016-09-19T10:29:29","date_gmt":"2016-09-19T13:29:29","guid":{"rendered":"http:\/\/www.conass.org.br\/guiainformacao\/?page_id=12776"},"modified":"2016-09-21T07:31:23","modified_gmt":"2016-09-21T10:31:23","slug":"atribuicoes-da-equipe-do-complexo-regulador","status":"publish","type":"page","link":"https:\/\/www.conass.org.br\/guiainformacao\/atribuicoes-da-equipe-do-complexo-regulador\/","title":{"rendered":"Atribui\u00e7\u00f5es da Equipe do Complexo regulador"},"content":{"rendered":"<table style=\"margin: 0 auto; border-color: #c2c0c0;\" border=\"2\" width=\"584\">\n<tbody>\n<tr>\n<td style=\"text-align: center; background-color: #985c5c !important;\" width=\"158\"><strong>Composi\u00e7\u00e3o da Equipe<\/strong><\/td>\n<td style=\"text-align: center; background-color: #985c5c !important;\" width=\"425\"><strong>Atribui\u00e7\u00f5es<\/strong><\/td>\n<\/tr>\n<tr>\n<td style=\"text-align: center;\" width=\"158\">Coordenador<\/td>\n<td width=\"425\">Respons\u00e1vel pelas quest\u00f5es relativas ao funcionamento global da central de regula\u00e7\u00e3o em conformidade com as diretrizes e rotinas estabelecidas. S\u00e3o atribui\u00e7\u00f5es da coordena\u00e7\u00e3o: instituir as escalas de trabalho e conduzir as rela\u00e7\u00f5es de pactua\u00e7\u00e3o, sendo o coordenador o principal interlocutor entre a gest\u00e3o, o complexo regulador e a rede de servi\u00e7os.<\/td>\n<\/tr>\n<tr>\n<td style=\"text-align: center;\" width=\"158\">Reguladores<\/td>\n<td width=\"425\">Atuar sobre a demanda reprimida de procedimentos regulados; definir a distribui\u00e7\u00e3o de cotas; monitorar a demanda que requer autoriza\u00e7\u00e3o pr\u00e9via, por meio de AIH e APAC; verificar as evid\u00eancias cl\u00ednicas das solicita\u00e7\u00f5es e o cumprimento dos protocolos de regula\u00e7\u00e3o, por meio da an\u00e1lise de laudo m\u00e9dico; autorizar ou n\u00e3o a realiza\u00e7\u00e3o do procedimento; definir a aloca\u00e7\u00e3o da vaga e dos recursos necess\u00e1rios para o atendimento; avaliar as solicita\u00e7\u00f5es de altera\u00e7\u00e3o de procedimentos j\u00e1 autorizados e a solicita\u00e7\u00e3o de procedimentos especiais, al\u00e9m de orientar e avaliar o preenchimento dos laudos m\u00e9dicos.<\/td>\n<\/tr>\n<tr>\n<td style=\"text-align: center;\" width=\"158\">Teleatendentes<\/td>\n<td width=\"425\">Respons\u00e1vel pelo agendamento de procedimentos a partir das solicita\u00e7\u00f5es formuladas atrav\u00e9s do preenchimento de laudos ou a partir de informa\u00e7\u00f5es prestadas por telefone e\/ou outros meios de comunica\u00e7\u00e3o.<\/td>\n<\/tr>\n<tr>\n<td style=\"text-align: center;\" width=\"158\">T\u00e9cnico de Inform\u00e1tica<\/td>\n<td width=\"425\">Realiza o servi\u00e7o de instala\u00e7\u00e3o, configura\u00e7\u00e3o e manuten\u00e7\u00e3o de sistemas operacionais e sistemas informatizados.<\/td>\n<\/tr>\n<tr>\n<td style=\"text-align: center;\" width=\"158\">Administrador de Banco de Dados<\/td>\n<td width=\"425\">Respons\u00e1vel pela manuten\u00e7\u00e3o e refinamento das informa\u00e7\u00f5es, apoiando a equipe de desenvolvimento do sistema informatizado para defini\u00e7\u00e3o de tabelas, \u00edndices, adapta\u00e7\u00f5es, monitoramento, identifica\u00e7\u00e3o de falhas no sistema de informa\u00e7\u00f5es e atividades afins.<\/td>\n<\/tr>\n<tr>\n<td style=\"text-align: center;\" width=\"158\">Administrador de Rede<\/td>\n<td width=\"425\">Respons\u00e1vel pelo gerenciamento da rede f\u00edsica e dos servidores em funcionamento, al\u00e9m de realizar a instala\u00e7\u00e3o, configura\u00e7\u00e3o e manuten\u00e7\u00e3o dos sistemas operacionais e de todos os servi\u00e7os implantados.<\/td>\n<\/tr>\n<\/tbody>\n<\/table>\n<p>&nbsp;<\/p>\n<p>&nbsp;<\/p>\n<p>&nbsp;<\/p>\n<p><strong>Saiba mais:<\/strong><\/p>\n<ul class=\"nav nav-list\">\n<li><a href=\"..\/complexo-regulador\">5.4 Complexo Regulador<\/a>\n<ul class=\"nav nav-list\">\n<li><a href=\"..\/atribuicoes-do-complexo-regulador\">5.4.1 Atribui\u00e7\u00f5es do Complexo Regulador<\/a><\/li>\n<li><a href=\"..\/estrutura-dos-complexos-reguladores\">5.4.2 Estrutura dos Complexos Reguladores<\/a><\/li>\n<li><a href=\"..\/composicao-do-complexo-regulador\">5.4.3 Composi\u00e7\u00e3o do Complexo Regulador<\/a><\/li>\n<li><a href=\"..\/modelagem-dos-complexos-reguladores\">5.4.4 Modelagem dos complexos reguladores<\/a><\/li>\n<li><a href=\"..\/atribuicoes-da-equipe-do-complexo-regulador\">5.4.5 Atribui\u00e7\u00f5es da Equipe do Complexo regulador<\/a><\/li>\n<\/ul>\n<\/li>\n<\/ul>\n<p>&nbsp;<\/p>\n","protected":false},"excerpt":{"rendered":"<p>Composi\u00e7\u00e3o da Equipe Atribui\u00e7\u00f5es Coordenador Respons\u00e1vel pelas quest\u00f5es relativas ao funcionamento global da central de regula\u00e7\u00e3o em conformidade com as diretrizes e rotinas estabelecidas. S\u00e3o atribui\u00e7\u00f5es da coordena\u00e7\u00e3o: instituir as escalas de trabalho e conduzir as rela\u00e7\u00f5es de pactua\u00e7\u00e3o, sendo o coordenador o principal interlocutor entre a gest\u00e3o, o complexo regulador e a rede de [&hellip;]<\/p>\n","protected":false},"author":1,"featured_media":0,"parent":0,"menu_order":85,"comment_status":"open","ping_status":"open","template":"","meta":{"_exactmetrics_skip_tracking":false,"_exactmetrics_sitenote_active":false,"_exactmetrics_sitenote_note":"","_exactmetrics_sitenote_category":0,"footnotes":""},"class_list":["post-12776","page","type-page","status-publish","hentry"],"_links":{"self":[{"href":"https:\/\/www.conass.org.br\/guiainformacao\/wp-json\/wp\/v2\/pages\/12776","targetHints":{"allow":["GET"]}}],"collection":[{"href":"https:\/\/www.conass.org.br\/guiainformacao\/wp-json\/wp\/v2\/pages"}],"about":[{"href":"https:\/\/www.conass.org.br\/guiainformacao\/wp-json\/wp\/v2\/types\/page"}],"author":[{"embeddable":true,"href":"https:\/\/www.conass.org.br\/guiainformacao\/wp-json\/wp\/v2\/users\/1"}],"replies":[{"embeddable":true,"href":"https:\/\/www.conass.org.br\/guiainformacao\/wp-json\/wp\/v2\/comments?post=12776"}],"version-history":[{"count":8,"href":"https:\/\/www.conass.org.br\/guiainformacao\/wp-json\/wp\/v2\/pages\/12776\/revisions"}],"predecessor-version":[{"id":12856,"href":"https:\/\/www.conass.org.br\/guiainformacao\/wp-json\/wp\/v2\/pages\/12776\/revisions\/12856"}],"wp:attachment":[{"href":"https:\/\/www.conass.org.br\/guiainformacao\/wp-json\/wp\/v2\/media?parent=12776"}],"curies":[{"name":"wp","href":"https:\/\/api.w.org\/{rel}","templated":true}]}}