{"id":12784,"date":"2016-09-19T10:34:46","date_gmt":"2016-09-19T13:34:46","guid":{"rendered":"http:\/\/www.conass.org.br\/guiainformacao\/?page_id=12784"},"modified":"2016-09-21T07:35:07","modified_gmt":"2016-09-21T10:35:07","slug":"sistemas-informatizado-de-regulacao","status":"publish","type":"page","link":"https:\/\/www.conass.org.br\/guiainformacao\/sistemas-informatizado-de-regulacao\/","title":{"rendered":"SISTEMAS INFORMATIZADO DE REGULA\u00c7\u00c3O"},"content":{"rendered":"<p>Segundo Mendes (2015), Os sistemas informatizados do complexo regulador devem ter como objetivo: a transpar\u00eancia da utiliza\u00e7\u00e3o de recursos de sa\u00fade para a popula\u00e7\u00e3o pr\u00f3pria e referenciada; viabilizar a distribui\u00e7\u00e3o dos recursos assistenciais dispon\u00edveis de forma regionalizada e hierarquizada; acompanhar dinamicamente a execu\u00e7\u00e3o dos tetos pactuados entre as unidades e os munic\u00edpios; permitir a refer\u00eancia em todos os n\u00edveis de aten\u00e7\u00e3o nas redes de prestadores p\u00fablicos e privados; identificar as \u00e1reas de desequil\u00edbrio entre a oferta e a demanda; subsidiar as repactua\u00e7\u00f5es na programa\u00e7\u00e3o; e permitir o acompanhamento da execu\u00e7\u00e3o, por prestador, das programa\u00e7\u00f5es feitas pelo gestor.<\/p>\n<p>&nbsp;<\/p>\n<p>As funcionalidades gerais de um sistema de regula\u00e7\u00e3o do acesso \u00e0 aten\u00e7\u00e3o \u00e0 sa\u00fade abrangem: a permiss\u00e3o ao controle de acesso das pessoas usu\u00e1rias ao sistema informatizado, especialmente pelas equipes de APS; configurar o perfil do estabelecimento de sa\u00fade no que se refere \u00e0 sua natureza de executante ou solicitante, \u00e0 oferta e \u00e0 complexidade da mesma; configurar a programa\u00e7\u00e3o das a\u00e7\u00f5es e servi\u00e7os de sa\u00fade para a popula\u00e7\u00e3o pr\u00f3pria e referenciada, sua validade e controle financeiro; configurar a oferta por estabelecimento, por validade e controle financeiro; permitir a hierarquiza\u00e7\u00e3o entre as centrais de regula\u00e7\u00e3o; interagir com outros bancos de dados do SUS; gerar arquivos para base de dados nacionais; e gerar relat\u00f3rios operacionais e gerenciais (Conass, 2011).<\/p>\n<p><strong>Saiba mais:<\/strong><\/p>\n<ul class=\"nav nav-list\">\n<li><a href=\"..\/sistemas-informatizado-de-regulacao\">5.5 Sistemas Informatizado de Regula\u00e7\u00e3o<\/a><\/li>\n<ul class=\"nav nav-list\">\n<li><a href=\"..\/o-sisreg\">5.5.1 O SISREG<\/a><\/li>\n<\/ul>\n<\/ul>\n","protected":false},"excerpt":{"rendered":"<p>Segundo Mendes (2015), Os sistemas informatizados do complexo regulador devem ter como objetivo: a transpar\u00eancia da utiliza\u00e7\u00e3o de recursos de sa\u00fade para a popula\u00e7\u00e3o pr\u00f3pria e referenciada; viabilizar a distribui\u00e7\u00e3o dos recursos assistenciais dispon\u00edveis de forma regionalizada e hierarquizada; acompanhar dinamicamente a execu\u00e7\u00e3o dos tetos pactuados entre as unidades e os munic\u00edpios; permitir a refer\u00eancia [&hellip;]<\/p>\n","protected":false},"author":1,"featured_media":0,"parent":0,"menu_order":86,"comment_status":"open","ping_status":"open","template":"","meta":{"_exactmetrics_skip_tracking":false,"_exactmetrics_sitenote_active":false,"_exactmetrics_sitenote_note":"","_exactmetrics_sitenote_category":0,"footnotes":""},"class_list":["post-12784","page","type-page","status-publish","hentry"],"_links":{"self":[{"href":"https:\/\/www.conass.org.br\/guiainformacao\/wp-json\/wp\/v2\/pages\/12784","targetHints":{"allow":["GET"]}}],"collection":[{"href":"https:\/\/www.conass.org.br\/guiainformacao\/wp-json\/wp\/v2\/pages"}],"about":[{"href":"https:\/\/www.conass.org.br\/guiainformacao\/wp-json\/wp\/v2\/types\/page"}],"author":[{"embeddable":true,"href":"https:\/\/www.conass.org.br\/guiainformacao\/wp-json\/wp\/v2\/users\/1"}],"replies":[{"embeddable":true,"href":"https:\/\/www.conass.org.br\/guiainformacao\/wp-json\/wp\/v2\/comments?post=12784"}],"version-history":[{"count":4,"href":"https:\/\/www.conass.org.br\/guiainformacao\/wp-json\/wp\/v2\/pages\/12784\/revisions"}],"predecessor-version":[{"id":12860,"href":"https:\/\/www.conass.org.br\/guiainformacao\/wp-json\/wp\/v2\/pages\/12784\/revisions\/12860"}],"wp:attachment":[{"href":"https:\/\/www.conass.org.br\/guiainformacao\/wp-json\/wp\/v2\/media?parent=12784"}],"curies":[{"name":"wp","href":"https:\/\/api.w.org\/{rel}","templated":true}]}}