{"id":12786,"date":"2016-09-19T10:35:26","date_gmt":"2016-09-19T13:35:26","guid":{"rendered":"http:\/\/www.conass.org.br\/guiainformacao\/?page_id=12786"},"modified":"2016-09-21T07:36:42","modified_gmt":"2016-09-21T10:36:42","slug":"o-sisreg","status":"publish","type":"page","link":"https:\/\/www.conass.org.br\/guiainformacao\/o-sisreg\/","title":{"rendered":"O SISREG"},"content":{"rendered":"<p>O Sistema p\u00fablico disponibilizado pelo Minist\u00e9rio da Sa\u00fade a estados e munic\u00edpios para apoiar as atividades dos complexos reguladores \u00e9 o SISREG, desenvolvido em 2001 pela Secretaria de Aten\u00e7\u00e3o \u00e0 Sa\u00fade em parceria com o Datasus. O sistema foi desenvolvido considerando a necessidade de estabelecer uma pol\u00edtica nacional de regula\u00e7\u00e3o assistencial, para apoiar os gestores na fun\u00e7\u00e3o de regula\u00e7\u00e3o do acesso. O SISREG \u00e9 um sistema on-line, disponibilizado pelo Datasus para gerenciamento e opera\u00e7\u00e3o das centrais de regula\u00e7\u00e3o. O programa (software) funciona por meio de navegadores instalados em computadores conectados \u00e0 Internet e \u00e9 composto por dois m\u00f3dulos independentes: a Central de Marca\u00e7\u00e3o de Consultas (CMC) e a Central de Interna\u00e7\u00e3o Hospitalar (CIH). (Conass, 2011)<\/p>\n<p>O SISREG tem como objetivos a sistematiza\u00e7\u00e3o de algumas fun\u00e7\u00f5es reguladoras como:<\/p>\n<ul style=\"padding-left: 30px;\">\n<li>Permitir a distribui\u00e7\u00e3o de forma equ\u00e2nime os recursos de sa\u00fade para a popula\u00e7\u00e3o pr\u00f3pria e referenciada.<\/li>\n<li>Permitir a distribui\u00e7\u00e3o dos recursos assistenciais dispon\u00edveis de forma regionalizada e hierarquizada.<\/li>\n<li>Facilitar o planejamento dos recursos assistenciais em uma regi\u00e3o.<\/li>\n<li>Acompanhar dinamicamente a execu\u00e7\u00e3o dos tetos pactuados entre os estabelecimentos de sa\u00fade e munic\u00edpios.<\/li>\n<li>Permitir o referenciamento em todos os n\u00edveis de aten\u00e7\u00e3o nas redes p\u00fablica e contratada.<\/li>\n<li>Identificar as \u00e1reas de despropor\u00e7\u00e3o entre a oferta e a demanda.<\/li>\n<li>Disponibilizar informa\u00e7\u00f5es em tempo real sobre a oferta de leitos, consultas e exames especializados de m\u00e9dia e alta complexidade.<\/li>\n<li>Agendar interna\u00e7\u00f5es e atendimentos eletivos para os pacientes.<\/li>\n<li>Acompanhar a aloca\u00e7\u00e3o de leitos eletivos por cl\u00ednica e prestador.<\/li>\n<li>Controlar o fluxo dos pacientes nos estabelecimentos de sa\u00fade terci\u00e1rios (admiss\u00e3o, acompanhamento da interna\u00e7\u00e3o e alta) e secund\u00e1rios (solicita\u00e7\u00e3o, agendamento e atendimento).<\/li>\n<li>Acompanhar os atendimentos e interna\u00e7\u00f5es agendadas.<\/li>\n<li>Detectar a ocorr\u00eancia de cancelamentos de interna\u00e7\u00f5es, a n\u00e3o execu\u00e7\u00e3o de consultas e exames por motivo definido e impedimentos de agendas.<\/li>\n<li>Distribuir os limites (cotas) entre os estabelecimentos de sa\u00fade solicitantes.<\/li>\n<li>Controlar os limites de solicita\u00e7\u00e3o para popula\u00e7\u00e3o pr\u00f3pria e referenciada.<\/li>\n<li>Controlar a execu\u00e7\u00e3o da oferta disponibilizada por estabelecimento de sa\u00fade executante.<\/li>\n<li>Subsidiar os setores de Controle, Avalia\u00e7\u00e3o e Auditoria no que se refere ao faturamento em alta e m\u00e9dia complexidade ambulatorial e hospitalar, e controle da emiss\u00e3o de AIH, APAC.<\/li>\n<li>Permitir o acompanhamento da execu\u00e7\u00e3o, por prestador, das programa\u00e7\u00f5es feitas pelo gestor.<\/li>\n<\/ul>\n<p>&nbsp;<\/p>\n<p><strong><span style=\"text-decoration: underline;\">Requisitos m\u00ednimos para o acesso ao SISREG.\u00a0\u00a0 <\/span><\/strong><\/p>\n<p>&nbsp;<\/p>\n<p>Computador com processador acima de Pentium III com 500 MHz e 128 Megas de Mem\u00f3ria RAM; Sistema Operacional com navegador Internet Explorer ou similar; Possuir acesso a Internet discada ou banda larga;\u00a0\u00a0 Estar devidamente cadastrado no sistema; Ter participado do treinamento; Ser respons\u00e1vel pelo LOGIN e SENHA de acesso.<\/p>\n<p><strong>\u00a0<\/strong><\/p>\n<p><strong>M\u00f3dulos e Funcionalidades do Sistema Nacional de Regula\u00e7\u00e3o \u2013 SISREG<\/strong><\/p>\n<p>&nbsp;<\/p>\n<p>O sistema \u00e9 composto de tr\u00eas m\u00f3dulos: Ambulatorial (marca\u00e7\u00e3o de consultas e exames especializados), Interna\u00e7\u00e3o Hospitalar e Autoriza\u00e7\u00e3o de Procedimentos de Alta Complexidade\/Custo (APAC).<\/p>\n<p><strong>M\u00f3dulo I: Central de Regula\u00e7\u00e3o Ambulatorial <\/strong>&#8211; tem como funcionalidades:<\/p>\n<ul style=\"padding-left: 30px;\">\n<li>Disponibilizar informa\u00e7\u00f5es sobre a oferta de consultas e exames especializados.<\/li>\n<li>Controlar as agendas dos profissionais de sa\u00fade.<\/li>\n<li>Controlar o fluxo dos usu\u00e1rios no sistema \u2013 solicita\u00e7\u00e3o, agendamento e atendimento.<\/li>\n<li>Detectar a ocorr\u00eancia de cancelamentos, n\u00e3o execu\u00e7\u00e3o por motivo definido e impedimentos de agendas.<\/li>\n<li>Controlar os limites de solicita\u00e7\u00e3o e execu\u00e7\u00e3o dos procedimentos especializados por estabelecimento de sa\u00fade solicitante e executante.<\/li>\n<\/ul>\n<p>&nbsp;<\/p>\n<p><strong>M\u00f3dulo II: A Central de Interna\u00e7\u00e3o Hospitalar &#8211; <\/strong>tem como funcionalidades:<\/p>\n<ul style=\"padding-left: 30px;\">\n<li>Acompanhar a aloca\u00e7\u00e3o de leitos (urg\u00eancia e eletiva).<\/li>\n<li>Acompanhar a disponibilidade de leitos em tempo real.<\/li>\n<li>Encaminhar e autorizar interna\u00e7\u00f5es de urg\u00eancia.<\/li>\n<li>Agendar e autorizar as interna\u00e7\u00f5es eletivas.<\/li>\n<li>Controlar o fluxo dos pacientes nos hospitais (admiss\u00e3o, per\u00edodo da interna\u00e7\u00e3o e alta).<\/li>\n<li>Controlar limites de solicita\u00e7\u00e3o de procedimentos hospitalares por estabelecimentos de sa\u00fade solicitantes.<\/li>\n<li>Controlar limites de execu\u00e7\u00e3o dos estabelecimentos de sa\u00fade executantes.<\/li>\n<li>Controlar as emiss\u00f5es e autoriza\u00e7\u00f5es das AIH.<\/li>\n<li>Disponibilizar informa\u00e7\u00f5es sobre interna\u00e7\u00f5es para o faturamento das AIH.<\/li>\n<\/ul>\n<p><strong>\u00a0<\/strong><\/p>\n<p><strong>M\u00f3dulo III: A Autoriza\u00e7\u00e3o de procedimentos de alta complexidade \u2013 APAC <\/strong>&#8211; acompanha os processos envolvidos nos encaminhamentos de procedimentos de alta complexidade\/custo, permitindo aos administradores seguir todas as etapas, desde a requisi\u00e7\u00e3o at\u00e9 a autoriza\u00e7\u00e3o e execu\u00e7\u00e3o<\/p>\n<p>&nbsp;<\/p>\n<p><strong>Saiba mais:<\/strong><\/p>\n<ul class=\"nav nav-list\">\n<li><a href=\"..\/sistemas-informatizado-de-regulacao\">5.5 Sistemas Informatizado de Regula\u00e7\u00e3o<\/a>\n<ul class=\"nav nav-list\">\n<li><a href=\"..\/o-sisreg\">5.5.1 O SISREG<\/a><\/li>\n<\/ul>\n<\/li>\n<\/ul>\n<p>&nbsp;<\/p>\n","protected":false},"excerpt":{"rendered":"<p>O Sistema p\u00fablico disponibilizado pelo Minist\u00e9rio da Sa\u00fade a estados e munic\u00edpios para apoiar as atividades dos complexos reguladores \u00e9 o SISREG, desenvolvido em 2001 pela Secretaria de Aten\u00e7\u00e3o \u00e0 Sa\u00fade em parceria com o Datasus. O sistema foi desenvolvido considerando a necessidade de estabelecer uma pol\u00edtica nacional de regula\u00e7\u00e3o assistencial, para apoiar os gestores [&hellip;]<\/p>\n","protected":false},"author":1,"featured_media":0,"parent":0,"menu_order":87,"comment_status":"open","ping_status":"open","template":"","meta":{"_exactmetrics_skip_tracking":false,"_exactmetrics_sitenote_active":false,"_exactmetrics_sitenote_note":"","_exactmetrics_sitenote_category":0,"footnotes":""},"class_list":["post-12786","page","type-page","status-publish","hentry"],"_links":{"self":[{"href":"https:\/\/www.conass.org.br\/guiainformacao\/wp-json\/wp\/v2\/pages\/12786","targetHints":{"allow":["GET"]}}],"collection":[{"href":"https:\/\/www.conass.org.br\/guiainformacao\/wp-json\/wp\/v2\/pages"}],"about":[{"href":"https:\/\/www.conass.org.br\/guiainformacao\/wp-json\/wp\/v2\/types\/page"}],"author":[{"embeddable":true,"href":"https:\/\/www.conass.org.br\/guiainformacao\/wp-json\/wp\/v2\/users\/1"}],"replies":[{"embeddable":true,"href":"https:\/\/www.conass.org.br\/guiainformacao\/wp-json\/wp\/v2\/comments?post=12786"}],"version-history":[{"count":6,"href":"https:\/\/www.conass.org.br\/guiainformacao\/wp-json\/wp\/v2\/pages\/12786\/revisions"}],"predecessor-version":[{"id":12862,"href":"https:\/\/www.conass.org.br\/guiainformacao\/wp-json\/wp\/v2\/pages\/12786\/revisions\/12862"}],"wp:attachment":[{"href":"https:\/\/www.conass.org.br\/guiainformacao\/wp-json\/wp\/v2\/media?parent=12786"}],"curies":[{"name":"wp","href":"https:\/\/api.w.org\/{rel}","templated":true}]}}