{"id":12791,"date":"2016-09-19T10:41:40","date_gmt":"2016-09-19T13:41:40","guid":{"rendered":"http:\/\/www.conass.org.br\/guiainformacao\/?page_id=12791"},"modified":"2016-09-19T11:12:42","modified_gmt":"2016-09-19T14:12:42","slug":"modelos-de-fluxos-de-acesso","status":"publish","type":"page","link":"https:\/\/www.conass.org.br\/guiainformacao\/modelos-de-fluxos-de-acesso\/","title":{"rendered":"MODELOS DE FLUXOS DE ACESSO"},"content":{"rendered":"<p><strong>5.6.1. Fluxo de atendimento eletivo regulado, sem autoriza\u00e7\u00e3o pr\u00e9via.<\/strong><\/p>\n<figure id=\"attachment_12792\" aria-describedby=\"caption-attachment-12792\" style=\"width: 876px\" class=\"wp-caption aligncenter\"><a href=\"http:\/\/www.conass.org.br\/guiainformacao\/wp-content\/uploads\/2016\/09\/fluxo-atendimento-eletivo-regulado.png\"><img fetchpriority=\"high\" decoding=\"async\" class=\"wp-image-12792 size-full\" src=\"http:\/\/www.conass.org.br\/guiainformacao\/wp-content\/uploads\/2016\/09\/fluxo-atendimento-eletivo-regulado.png\" alt=\"Fonte: BRASIL, (2006) \" width=\"876\" height=\"601\" srcset=\"https:\/\/www.conass.org.br\/guiainformacao\/wp-content\/uploads\/2016\/09\/fluxo-atendimento-eletivo-regulado.png 876w, https:\/\/www.conass.org.br\/guiainformacao\/wp-content\/uploads\/2016\/09\/fluxo-atendimento-eletivo-regulado-300x206.png 300w\" sizes=\"(max-width: 876px) 100vw, 876px\" \/><\/a><figcaption id=\"caption-attachment-12792\" class=\"wp-caption-text\">Fonte: BRASIL, (2006)<\/figcaption><\/figure>\n<p>&nbsp;<\/p>\n<p><strong>5.6.2. Fluxo de atendimento eletivo regulado, com autoriza\u00e7\u00e3o pr\u00e9via.<\/strong><\/p>\n<p>&nbsp;<\/p>\n<figure id=\"attachment_12799\" aria-describedby=\"caption-attachment-12799\" style=\"width: 864px\" class=\"wp-caption aligncenter\"><a href=\"http:\/\/www.conass.org.br\/guiainformacao\/wp-content\/uploads\/2016\/09\/fluxo-atendimento-eletivo-regulado-com-autorizacai-previa.png\"><img decoding=\"async\" class=\"wp-image-12799 size-full\" src=\"http:\/\/www.conass.org.br\/guiainformacao\/wp-content\/uploads\/2016\/09\/fluxo-atendimento-eletivo-regulado-com-autorizacai-previa.png\" alt=\"fluxo-atendimento-eletivo-regulado-com-autorizacai-previa\" width=\"864\" height=\"592\" srcset=\"https:\/\/www.conass.org.br\/guiainformacao\/wp-content\/uploads\/2016\/09\/fluxo-atendimento-eletivo-regulado-com-autorizacai-previa.png 864w, https:\/\/www.conass.org.br\/guiainformacao\/wp-content\/uploads\/2016\/09\/fluxo-atendimento-eletivo-regulado-com-autorizacai-previa-300x206.png 300w\" sizes=\"(max-width: 864px) 100vw, 864px\" \/><\/a><figcaption id=\"caption-attachment-12799\" class=\"wp-caption-text\">Fonte: BRASIL, (2006).<\/figcaption><\/figure>\n<p>&nbsp;<\/p>\n<p>&nbsp;<\/p>\n<p>&nbsp;<\/p>\n<p><strong>5.6.3. Fluxo de Acesso a Central de Regula\u00e7\u00e3o para consultas e procedimentos na Rede de Aten\u00e7\u00e3o Especializada \u2013 Modelo Pernambuco<\/strong><\/p>\n<figure id=\"attachment_12800\" aria-describedby=\"caption-attachment-12800\" style=\"width: 820px\" class=\"wp-caption aligncenter\"><a href=\"http:\/\/www.conass.org.br\/guiainformacao\/wp-content\/uploads\/2016\/09\/fluxo-acesso-central-regional-de-regulacao.jpg\"><img decoding=\"async\" class=\"wp-image-12800\" src=\"http:\/\/www.conass.org.br\/guiainformacao\/wp-content\/uploads\/2016\/09\/fluxo-acesso-central-regional-de-regulacao-300x215.jpg\" alt=\"fluxo-acesso-central-regional-de-regulacao\" width=\"820\" height=\"587\" srcset=\"https:\/\/www.conass.org.br\/guiainformacao\/wp-content\/uploads\/2016\/09\/fluxo-acesso-central-regional-de-regulacao-300x215.jpg 300w, https:\/\/www.conass.org.br\/guiainformacao\/wp-content\/uploads\/2016\/09\/fluxo-acesso-central-regional-de-regulacao-1024x733.jpg 1024w, https:\/\/www.conass.org.br\/guiainformacao\/wp-content\/uploads\/2016\/09\/fluxo-acesso-central-regional-de-regulacao.jpg 1097w\" sizes=\"(max-width: 820px) 100vw, 820px\" \/><\/a><figcaption id=\"caption-attachment-12800\" class=\"wp-caption-text\">Fonte: Modelo de Pernambuco<\/figcaption><\/figure>\n<p>&nbsp;<\/p>\n<p>&nbsp;<\/p>\n<p>Em Pernambuco a rede de aten\u00e7\u00e3o especializada regional, disp\u00f5e de Unidades Pernambucanas de Aten\u00e7\u00e3o Especializada (UPA-E) &#8211; um servi\u00e7o de refer\u00eancia para os pacientes\u00a0 que s\u00e3o acompanhados no\u00a0 \u00e2mbito da Aten\u00e7\u00e3o Prim\u00e1ria \u00e0 Sa\u00fade (APS), e distribu\u00eddas por regi\u00f5es de sa\u00fade. O paciente \u00e9 referenciado a partir da aten\u00e7\u00e3o prim\u00e1ria em sa\u00fade, que solicita o agendamento atrav\u00e9s da Central de Regula\u00e7\u00e3o Regional, que marca a consulta\/procedimento e informa a SMS, que por sua vez, informa ao paciente a data e hor\u00e1rio do seu atendimento. A UPA-E registra no sistema o atendimento do paciente e contrarreferencia para a Unidade de origem.<\/p>\n<p>&nbsp;<\/p>\n<p><strong>Fluxo Central de Regula\u00e7\u00e3o<\/strong><\/p>\n<p><a href=\"http:\/\/www.conass.org.br\/guiainformacao\/wp-content\/uploads\/2016\/09\/fluxo-acesso-central-regional-de-regulacao1.jpg\"><img loading=\"lazy\" decoding=\"async\" class=\"aligncenter wp-image-12802 size-full\" src=\"http:\/\/www.conass.org.br\/guiainformacao\/wp-content\/uploads\/2016\/09\/fluxo-acesso-central-regional-de-regulacao1.jpg\" alt=\"fluxo-acesso-central-regional-de-regulacao\" width=\"659\" height=\"640\" srcset=\"https:\/\/www.conass.org.br\/guiainformacao\/wp-content\/uploads\/2016\/09\/fluxo-acesso-central-regional-de-regulacao1.jpg 659w, https:\/\/www.conass.org.br\/guiainformacao\/wp-content\/uploads\/2016\/09\/fluxo-acesso-central-regional-de-regulacao1-300x291.jpg 300w\" sizes=\"(max-width: 659px) 100vw, 659px\" \/><\/a><\/p>\n<p>A Central de Marca\u00e7\u00e3o recebe a demanda atrav\u00e9s do sistema de regula\u00e7\u00e3o, os reguladores analisam se est\u00e3o de acordos com os protocolos assistenciais, e respondem para a Unidade Solicitante por meio do teleatendente que informa ao paciente e o encaminha para o atendimento no servi\u00e7o de sa\u00fade de refer\u00eancia.<\/p>\n<p>&nbsp;<\/p>\n<p><strong>Refer\u00eancias:<\/strong><\/p>\n<p>BRASIL. Minist\u00e9rio da Sa\u00fade. Portaria do Gabinete do Ministro n\u00ba 373 de 27-02-2002. Aprova a Norma Operacional da Assist\u00eancia \u00e0 Sa\u00fade &#8211; NOAS &#8211; SUS 01\/2002. Di\u00e1rio Oficial Da Uni\u00e3o. Bras\u00edlia, 2002a.<\/p>\n<p>&nbsp;<\/p>\n<p>______.Minist\u00e9rio da Sa\u00fade. Secretaria de Aten\u00e7\u00e3o \u00e0 Sa\u00fade. Departamento de Regula\u00e7\u00e3o, Avalia\u00e7\u00e3o e Controle de Sistemas. Diretrizes para a implanta\u00e7\u00e3o de complexos reguladores. 1.ed. \u2013 Bras\u00edlia : Editora do Minist\u00e9rio da Sa\u00fade, 2006. il. \u2013 (S\u00e9rie A. Normas e Manuais T\u00e9cnicos) (S\u00e9rie Pactos pela Sa\u00fade 2006 ; v. 6).<\/p>\n<p>______. Minist\u00e9rio da Sa\u00fade. Secretaria de Aten\u00e7\u00e3o \u00e0 Sa\u00fade. Departamento de Regula\u00e7\u00e3o, Avalia\u00e7\u00e3o e Controle de Sistemas. Diretrizes para a implanta\u00e7\u00e3o de complexos reguladores. 2.ed. \u2013 Bras\u00edlia : Editora do Minist\u00e9rio da Sa\u00fade, 2010. 56 p. : il. \u2013 (S\u00e9rie A. Normas e Manuais T\u00e9cnicos) (S\u00e9rie Pactos pela Sa\u00fade 2006 ; v. 6).<\/p>\n<p>______. Minist\u00e9rio da Sa\u00fade. Departamento de Regula\u00e7\u00e3o, Avalia\u00e7\u00e3o e Controle de Sistemas. Departamento Nacional de Auditoria do SUS. Curso B\u00e1sico de Regula\u00e7\u00e3o, Controle, Avalia\u00e7\u00e3o e Auditoria do SUS. Bras\u00edlia: Minist\u00e9rio da Sa\u00fade, 2006. Brasil. Conselho Nacional de Secret\u00e1rios de Sa\u00fade. Regula\u00e7\u00e3o em Sa\u00fade \/ Conselho Nacional de Secret\u00e1rios de Sa\u00fade. \u2013 Bras\u00edlia: CONASS, 2007.<\/p>\n<p>______. Conselho Nacional de Secret\u00e1rios de Sa\u00fade. Regula\u00e7\u00e3o em Sa\u00fade \/ Conselho Nacional de Secret\u00e1rios de Sa\u00fade. \u2013 Bras\u00edlia : CONASS, 2011. 126p. (Cole\u00e7\u00e3o Para Entender a Gest\u00e3o do SUS 2011, 10).<\/p>\n<p>______. PORTARIA N\u00ba 4.279, DE 30 DE DEZEMBRO DE 2010. Estabelece diretrizes para a organiza\u00e7\u00e3o da Rede de Aten\u00e7\u00e3o \u00e0 Sa\u00fade no \u00e2mbito do Sistema \u00danico de Sa\u00fade (SUS).<\/p>\n<p>______. Decreto 7508. DECRETO N\u00ba 7.508, DE 28 DE JUNHO DE 2011. Regulamenta a Lei no 8.080.<\/p>\n<p>______. Minist\u00e9rio da Sa\u00fade. Secretaria de Aten\u00e7\u00e3o \u00e0 Sa\u00fade. Departamento de Aten\u00e7\u00e3o Especializada. Manual instrutivo da Rede de Aten\u00e7\u00e3o \u00e0s Urg\u00eancias e Emerg\u00eancias no Sistema \u00danico de Sa\u00fade (SUS) \/ Minist\u00e9rio da Sa\u00fade, Secretaria de Aten\u00e7\u00e3o \u00e0 Sa\u00fade, Departamento de Aten\u00e7\u00e3o Especializada. \u2013 Bras\u00edlia: Editora do Minist\u00e9rio da Sa\u00fade, 2013. 84 p. : il.<\/p>\n<p>______. Minist\u00e9rio da Sa\u00fade. Endocrinologia e nefrologia \/ Minist\u00e9rio da Sa\u00fade, Universidade Federal do Rio Grande do Sul \u2013 Bras\u00edlia : Minist\u00e9rio da Sa\u00fade, 2015.<\/p>\n<p>______. Minist\u00e9rio da Sa\u00fade. Secretaria de Aten\u00e7\u00e3o \u00e0 Sa\u00fade. Protocolos de acesso ambulatorial : consultas especializadas : Hospitais Federais no Rio de Janeiro \/ Minist\u00e9rio da Sa\u00fade, Secretaria de Aten\u00e7\u00e3o \u00e0 Sa\u00fade. \u2013 Bras\u00edlia : Minist\u00e9rio da Sa\u00fade, 2015.<\/p>\n<p>Brasil. Conselho Nacional De Secret\u00e1rios De Sa\u00fade \u2013 Regula\u00e7\u00e3o em sa\u00fade. Bras\u00edlia, CONASS\/ Minist\u00e9rio da Sa\u00fade, Cole\u00e7\u00e3o Progestores, 2007.<\/p>\n<p>Brasil. Conselho Nacional de Secret\u00e1rios de Sa\u00fade. Regula\u00e7\u00e3o em Sa\u00fade. Bras\u00edlia: CONASS, 2011. 126p. (Cole\u00e7\u00e3o Para Entender a Gest\u00e3o do SUS 2011, 10).<\/p>\n<p>MENDON\u00c7A CS. Reis A.T. Moraes J.C. (orgs.) Pol\u00edtica de regula\u00e7\u00e3o do Brasil.\u00a0 Bras\u00edlia: Organiza\u00e7\u00e3o Pan-Americana da Sa\u00fade, 2006. 116 p.: il. (S\u00e9rie t\u00e9cnica desenvolvimento de sistemas e servi\u00e7os de sa\u00fade; 12).<\/p>\n<p>MENDES EV. Revis\u00e3o bibliogr\u00e1fica sobre as redes de aten\u00e7\u00e3o \u00e0 sa\u00fade. Belo Horizonte, Secretaria de Estado de Sa\u00fade de Minas Gerais, 2007.<\/p>\n<p>&nbsp;<\/p>\n<p>MENDES EV. As redes de aten\u00e7\u00e3o \u00e0 sa\u00fade. Bras\u00edlia, Organiza\u00e7\u00e3o Pan-Americana da Sa\u00fade, 2011.<\/p>\n<p>&nbsp;<\/p>\n<p>MENDES EV. A constru\u00e7\u00e3o social da aten\u00e7\u00e3o prim\u00e1ria \u00e0 sa\u00fade. Conselho Nacional de Secret\u00e1rios de Sa\u00fade \u2013 CONASS, 2015.193 p.: il.<\/p>\n<p>&nbsp;<\/p>\n<p>MENDES EV. O cuidado das condi\u00e7\u00f5es cr\u00f4nicas na aten\u00e7\u00e3o prim\u00e1ria \u00e0 sa\u00fade: o imperativo da consolida\u00e7\u00e3o da estrat\u00e9gia da sa\u00fade da fam\u00edlia. Bras\u00edlia, Organiza\u00e7\u00e3o Pan-Americana da Sa\u00fade, 2012.. Bras\u00edlia: Conselho Nacional de Secret\u00e1rios de Sa\u00fade \u2013 CONASS, 2015. 193 p.: il.<\/p>\n<p>MERHY, E. E. <strong>A sa\u00fade p\u00fablica como pol\u00edtica. <\/strong>S\u00e3o Paulo: Hucitec, 1992.<\/p>\n<p>OMS. Relat\u00f3rio Mundial de Sa\u00fade 2008: aten\u00e7\u00e3o prim\u00e1ria em sa\u00fade: agora mais que nunca [CD-ROM]. [S.l.]: OMS; 2010.<\/p>\n<p>Organiza\u00e7\u00e3o Pan-Americana da Sa\u00fade. Inovando o papel da Aten\u00e7\u00e3o Prim\u00e1ria nas redes de Aten\u00e7\u00e3o \u00e0 Sa\u00fade : resultados do laborat\u00f3rio de inova\u00e7\u00e3o em quatro capitais brasileiras. \/ Organiza\u00e7\u00e3o Pan-Americana da Sa\u00fade; Minist\u00e9rio da Sa\u00fade; Conselho Nacional de Secret\u00e1rios Estaduais de Sa\u00fade; Conselho Nacional de Secret\u00e1rios Municipais de Sa\u00fade. Bras\u00edlia : Organiza\u00e7\u00e3o Pan-Americana da Sa\u00fade, 2011. 137 p.: il. (NAVEGADORSUS, 3).<\/p>\n<p>&nbsp;<\/p>\n<p>&nbsp;<\/p>\n","protected":false},"excerpt":{"rendered":"<p>5.6.1. Fluxo de atendimento eletivo regulado, sem autoriza\u00e7\u00e3o pr\u00e9via. &nbsp; 5.6.2. Fluxo de atendimento eletivo regulado, com autoriza\u00e7\u00e3o pr\u00e9via. &nbsp; &nbsp; &nbsp; &nbsp; 5.6.3. Fluxo de Acesso a Central de Regula\u00e7\u00e3o para consultas e procedimentos na Rede de Aten\u00e7\u00e3o Especializada \u2013 Modelo Pernambuco &nbsp; &nbsp; Em Pernambuco a rede de aten\u00e7\u00e3o especializada regional, disp\u00f5e de [&hellip;]<\/p>\n","protected":false},"author":1,"featured_media":0,"parent":0,"menu_order":88,"comment_status":"open","ping_status":"open","template":"","meta":{"_exactmetrics_skip_tracking":false,"_exactmetrics_sitenote_active":false,"_exactmetrics_sitenote_note":"","_exactmetrics_sitenote_category":0,"footnotes":""},"class_list":["post-12791","page","type-page","status-publish","hentry"],"_links":{"self":[{"href":"https:\/\/www.conass.org.br\/guiainformacao\/wp-json\/wp\/v2\/pages\/12791","targetHints":{"allow":["GET"]}}],"collection":[{"href":"https:\/\/www.conass.org.br\/guiainformacao\/wp-json\/wp\/v2\/pages"}],"about":[{"href":"https:\/\/www.conass.org.br\/guiainformacao\/wp-json\/wp\/v2\/types\/page"}],"author":[{"embeddable":true,"href":"https:\/\/www.conass.org.br\/guiainformacao\/wp-json\/wp\/v2\/users\/1"}],"replies":[{"embeddable":true,"href":"https:\/\/www.conass.org.br\/guiainformacao\/wp-json\/wp\/v2\/comments?post=12791"}],"version-history":[{"count":8,"href":"https:\/\/www.conass.org.br\/guiainformacao\/wp-json\/wp\/v2\/pages\/12791\/revisions"}],"predecessor-version":[{"id":12803,"href":"https:\/\/www.conass.org.br\/guiainformacao\/wp-json\/wp\/v2\/pages\/12791\/revisions\/12803"}],"wp:attachment":[{"href":"https:\/\/www.conass.org.br\/guiainformacao\/wp-json\/wp\/v2\/media?parent=12791"}],"curies":[{"name":"wp","href":"https:\/\/api.w.org\/{rel}","templated":true}]}}