{"id":12804,"date":"2016-09-19T11:13:50","date_gmt":"2016-09-19T14:13:50","guid":{"rendered":"http:\/\/www.conass.org.br\/guiainformacao\/?page_id=12804"},"modified":"2016-09-21T07:38:14","modified_gmt":"2016-09-21T10:38:14","slug":"orientacoes-para-contratualizacao","status":"publish","type":"page","link":"https:\/\/www.conass.org.br\/guiainformacao\/orientacoes-para-contratualizacao\/","title":{"rendered":"ORIENTA\u00c7\u00d5ES PARA CONTRATUALIZA\u00c7\u00c3O"},"content":{"rendered":"<p>O Termo <strong>Contratualiza\u00e7\u00e3o <\/strong>\u00e9 um neologismo do SUS e compreende toda e qualquer forma de concerta\u00e7\u00e3o que vise, dentre outras coisas, estabelecer mecanismos de subordina\u00e7\u00e3o do processo de contrata\u00e7\u00e3o \u00e0s diretrizes das pol\u00edticas de sa\u00fade no \u00e2mbito do SUS com clareza das responsabilidades dos gestores e prestadores, utilizando diferentes instrumentos para celebra\u00e7\u00e3o dos acordos que passam a embasar a regula\u00e7\u00e3o e a avalia\u00e7\u00e3o dos resultados na presta\u00e7\u00e3o de servi\u00e7os, legitimando a transfer\u00eancia de recursos entre entes p\u00fablicos ou de recursos p\u00fablicos para a iniciativa privada.\u00a0 A contratualiza\u00e7\u00e3o de servi\u00e7os de sa\u00fade comp\u00f5e um eixo da <strong>Regula\u00e7\u00e3o da Aten\u00e7\u00e3o \u00e0 Sa\u00fade.<\/strong><\/p>\n<p>&nbsp;<\/p>\n<p><strong>Saiba mais:<\/strong><\/p>\n<ul class=\"nav nav-list\">\n<li><a href=\"..\/orientacoes-para-contratualizacao\">5.7 Orienta\u00e7\u00f5es para Contratualiza\u00e7\u00e3o<\/a>\n<ul class=\"nav nav-list\">\n<li><a href=\"..\/instrumentos-de-contratualizacao\">5.7.1 Instrumentos de Contratualiza\u00e7\u00e3o<\/a><\/li>\n<li><a href=\"..\/gestao-da-compra-de-servicos-de-saude\">5.7.2 Gest\u00e3o da Compra de Servi\u00e7os de Sa\u00fade<\/a><\/li>\n<li><a href=\"..\/etapas-da-contratacao\">5.7.3 Etapas da Contrata\u00e7\u00e3o<\/a><\/li>\n<\/ul>\n<\/li>\n<\/ul>\n<p>&nbsp;<\/p>\n","protected":false},"excerpt":{"rendered":"<p>O Termo Contratualiza\u00e7\u00e3o \u00e9 um neologismo do SUS e compreende toda e qualquer forma de concerta\u00e7\u00e3o que vise, dentre outras coisas, estabelecer mecanismos de subordina\u00e7\u00e3o do processo de contrata\u00e7\u00e3o \u00e0s diretrizes das pol\u00edticas de sa\u00fade no \u00e2mbito do SUS com clareza das responsabilidades dos gestores e prestadores, utilizando diferentes instrumentos para celebra\u00e7\u00e3o dos acordos que [&hellip;]<\/p>\n","protected":false},"author":1,"featured_media":0,"parent":0,"menu_order":89,"comment_status":"open","ping_status":"open","template":"","meta":{"_exactmetrics_skip_tracking":false,"_exactmetrics_sitenote_active":false,"_exactmetrics_sitenote_note":"","_exactmetrics_sitenote_category":0,"footnotes":""},"class_list":["post-12804","page","type-page","status-publish","hentry"],"_links":{"self":[{"href":"https:\/\/www.conass.org.br\/guiainformacao\/wp-json\/wp\/v2\/pages\/12804","targetHints":{"allow":["GET"]}}],"collection":[{"href":"https:\/\/www.conass.org.br\/guiainformacao\/wp-json\/wp\/v2\/pages"}],"about":[{"href":"https:\/\/www.conass.org.br\/guiainformacao\/wp-json\/wp\/v2\/types\/page"}],"author":[{"embeddable":true,"href":"https:\/\/www.conass.org.br\/guiainformacao\/wp-json\/wp\/v2\/users\/1"}],"replies":[{"embeddable":true,"href":"https:\/\/www.conass.org.br\/guiainformacao\/wp-json\/wp\/v2\/comments?post=12804"}],"version-history":[{"count":3,"href":"https:\/\/www.conass.org.br\/guiainformacao\/wp-json\/wp\/v2\/pages\/12804\/revisions"}],"predecessor-version":[{"id":12864,"href":"https:\/\/www.conass.org.br\/guiainformacao\/wp-json\/wp\/v2\/pages\/12804\/revisions\/12864"}],"wp:attachment":[{"href":"https:\/\/www.conass.org.br\/guiainformacao\/wp-json\/wp\/v2\/media?parent=12804"}],"curies":[{"name":"wp","href":"https:\/\/api.w.org\/{rel}","templated":true}]}}