{"id":12806,"date":"2016-09-19T11:14:33","date_gmt":"2016-09-19T14:14:33","guid":{"rendered":"http:\/\/www.conass.org.br\/guiainformacao\/?page_id=12806"},"modified":"2016-09-21T07:39:17","modified_gmt":"2016-09-21T10:39:17","slug":"instrumentos-de-contratualizacao","status":"publish","type":"page","link":"https:\/\/www.conass.org.br\/guiainformacao\/instrumentos-de-contratualizacao\/","title":{"rendered":"INSTRUMENTOS DE CONTRATUALIZA\u00c7\u00c3O"},"content":{"rendered":"<ul style=\"padding-left: 30px;\">\n<li><strong>Conv\u00eanio:<\/strong> \u00c9 o acordo, o ajuste que disciplina a transfer\u00eancia de recursos financeiros dos or\u00e7amentos da Uni\u00e3o, estados, Distrito Federal e\/ou munic\u00edpios visando \u00e0 execu\u00e7\u00e3o de programa de governo, que envolve a realiza\u00e7\u00e3o de projeto, atividade, servi\u00e7o, aquisi\u00e7\u00e3o de bens ou evento de interesse rec\u00edproco, em regime de m\u00fatua coopera\u00e7\u00e3o, tendo como part\u00edcipes, \u00f3rg\u00e3os da administra\u00e7\u00e3o p\u00fablica direta, autarquia, funda\u00e7\u00e3o p\u00fablica, empresa p\u00fablica ou sociedade de economia mista, entre estes ou com entidade privada sem fins lucrativos (TCU,2014).<\/li>\n<\/ul>\n<p>Para fins de organiza\u00e7\u00e3o da rede de servi\u00e7os, sendo justificada a necessidade de complementaridade, est\u00e1 evidenciada e fundamentada a possibilidade do gestor do SUS firmar conv\u00eanios entre a administra\u00e7\u00e3o direta e entidades beneficentes sem fins lucrativos (conforme a Portaria n\u00ba 1.034\/GM\/MS, de 5 de maio de 2010) ou com Empresas e Funda\u00e7\u00f5es P\u00fablicas. Para tais casos \u00e9 obrigat\u00f3ria a elabora\u00e7\u00e3o de um Plano Operativo para servi\u00e7os p\u00fablicos de sa\u00fade.<\/p>\n<p><span style=\"text-decoration: underline;\">Para os conv\u00eanios celebrados entre os gestores p\u00fablicos e entidade privada sem fins lucrativos, o chamamento p\u00fablico ou concurso de projetos \u00e9 obrigat\u00f3rio (TCU, 2014). A aus\u00eancia do chamamento p\u00fablico\u00a0 torna ileg\u00edtima a celebra\u00e7\u00e3o de conv\u00eanios, especialmente os firmados com entidades privadas sem fins lucrativos, \u00e0 medida que a Administra\u00e7\u00e3o livra-se do dever legal de licitar bens e servi\u00e7os na forma preconizada pela Lei 8.666\/93.<\/span><\/p>\n<ul style=\"padding-left: 30px;\">\n<li><strong>Contrato Administrativo:<\/strong> firmado entre o gestor do SUS e entidades p\u00fablicas e privadas com ou sem fins lucrativos, quando o objeto de contrato for compra de a\u00e7\u00f5es e servi\u00e7os de sa\u00fade, conforme a Portaria n\u00ba 1.034\/GM\/MS, de 2010.<\/li>\n<\/ul>\n<p>&nbsp;<\/p>\n<ul style=\"padding-left: 30px;\">\n<li><strong>Contrato de Gest\u00e3o:<\/strong> firmado entre gestores do SUS e a entidade privada sem fins lucrativos, qualificada como Organiza\u00e7\u00e3o Social (OS), conforme Lei n\u00ba 9.637, de 15 de maio de 1998; Forma de ajuste (parceria) entre o Poder P\u00fablico e entidade da Administra\u00e7\u00e3o P\u00fablica indireta ou privada, constituindo aut\u00eantico acordo operacional, onde s\u00e3o fixadas metas e prazos de execu\u00e7\u00e3o. \u00c9 estabelecido por tempo determinado, ficando o contratado sujeito ao controle de resultados conforme o cumprimento das metas pactuadas. Previsto na Constitui\u00e7\u00e3o Federal (art. 37, \u00a7 8\u00ba) como meio de amplia\u00e7\u00e3o da autonomia gerencial, or\u00e7ament\u00e1ria e financeira dos \u00f3rg\u00e3os e entidades da Administra\u00e7\u00e3o direta e indireta.<\/li>\n<\/ul>\n<p>&nbsp;<\/p>\n<ul style=\"padding-left: 30px;\">\n<li><strong>Protocolo de Coopera\u00e7\u00e3o entre Entes P\u00fablicos (PCEP):<\/strong> \u00e9 o instrumento que se destina \u00e0 formaliza\u00e7\u00e3o da rela\u00e7\u00e3o entre gestores do SUS quando estabelecimentos p\u00fablicos de sa\u00fade situados no territ\u00f3rio de um Munic\u00edpio est\u00e3o sob ger\u00eancia de determinada unidade federativa e gest\u00e3o de outra, conforme a Portaria n\u00ba 161\/GM\/MS, de 21 de janeiro de 2010;<\/li>\n<\/ul>\n<p>&nbsp;<\/p>\n<ul style=\"padding-left: 30px;\">\n<li><strong>Termo de Parceria:<\/strong> instrumento firmado entre o gestor do SUS e Organiza\u00e7\u00f5es da Sociedade Civil de Interesse P\u00fablico (OSCIP), conforme a Lei n\u00ba 9.790, de 23 de mar\u00e7o de 1999;<\/li>\n<\/ul>\n<p>&nbsp;<\/p>\n<ul style=\"padding-left: 30px;\">\n<li><strong>Termo de Compromisso ou Contrato de Gest\u00e3o:<\/strong> firmado entre o gestor do SUS e o hospital sob sua ger\u00eancia e gest\u00e3o.<\/li>\n<\/ul>\n<p>&nbsp;<\/p>\n<p><strong>Saiba mais:<\/strong><\/p>\n<ul class=\"nav nav-list\">\n<li><a href=\"..\/orientacoes-para-contratualizacao\">5.7 Orienta\u00e7\u00f5es para Contratualiza\u00e7\u00e3o<\/a>\n<ul class=\"nav nav-list\">\n<li><a href=\"..\/instrumentos-de-contratualizacao\">5.7.1 Instrumentos de Contratualiza\u00e7\u00e3o<\/a><\/li>\n<li><a href=\"..\/gestao-da-compra-de-servicos-de-saude\">5.7.2 Gest\u00e3o da Compra de Servi\u00e7os de Sa\u00fade<\/a><\/li>\n<li><a href=\"..\/etapas-da-contratacao\">5.7.3 Etapas da Contrata\u00e7\u00e3o<\/a><\/li>\n<\/ul>\n<\/li>\n<\/ul>\n<p>&nbsp;<\/p>\n","protected":false},"excerpt":{"rendered":"<p>Conv\u00eanio: \u00c9 o acordo, o ajuste que disciplina a transfer\u00eancia de recursos financeiros dos or\u00e7amentos da Uni\u00e3o, estados, Distrito Federal e\/ou munic\u00edpios visando \u00e0 execu\u00e7\u00e3o de programa de governo, que envolve a realiza\u00e7\u00e3o de projeto, atividade, servi\u00e7o, aquisi\u00e7\u00e3o de bens ou evento de interesse rec\u00edproco, em regime de m\u00fatua coopera\u00e7\u00e3o, tendo como part\u00edcipes, \u00f3rg\u00e3os da [&hellip;]<\/p>\n","protected":false},"author":1,"featured_media":0,"parent":0,"menu_order":90,"comment_status":"open","ping_status":"open","template":"","meta":{"_exactmetrics_skip_tracking":false,"_exactmetrics_sitenote_active":false,"_exactmetrics_sitenote_note":"","_exactmetrics_sitenote_category":0,"footnotes":""},"class_list":["post-12806","page","type-page","status-publish","hentry"],"_links":{"self":[{"href":"https:\/\/www.conass.org.br\/guiainformacao\/wp-json\/wp\/v2\/pages\/12806","targetHints":{"allow":["GET"]}}],"collection":[{"href":"https:\/\/www.conass.org.br\/guiainformacao\/wp-json\/wp\/v2\/pages"}],"about":[{"href":"https:\/\/www.conass.org.br\/guiainformacao\/wp-json\/wp\/v2\/types\/page"}],"author":[{"embeddable":true,"href":"https:\/\/www.conass.org.br\/guiainformacao\/wp-json\/wp\/v2\/users\/1"}],"replies":[{"embeddable":true,"href":"https:\/\/www.conass.org.br\/guiainformacao\/wp-json\/wp\/v2\/comments?post=12806"}],"version-history":[{"count":4,"href":"https:\/\/www.conass.org.br\/guiainformacao\/wp-json\/wp\/v2\/pages\/12806\/revisions"}],"predecessor-version":[{"id":12865,"href":"https:\/\/www.conass.org.br\/guiainformacao\/wp-json\/wp\/v2\/pages\/12806\/revisions\/12865"}],"wp:attachment":[{"href":"https:\/\/www.conass.org.br\/guiainformacao\/wp-json\/wp\/v2\/media?parent=12806"}],"curies":[{"name":"wp","href":"https:\/\/api.w.org\/{rel}","templated":true}]}}