{"id":12812,"date":"2016-09-19T11:24:16","date_gmt":"2016-09-19T14:24:16","guid":{"rendered":"http:\/\/www.conass.org.br\/guiainformacao\/?page_id=12812"},"modified":"2016-09-29T06:49:27","modified_gmt":"2016-09-29T09:49:27","slug":"etapas-da-contratacao","status":"publish","type":"page","link":"https:\/\/www.conass.org.br\/guiainformacao\/etapas-da-contratacao\/","title":{"rendered":"Etapas da Contrata\u00e7\u00e3o"},"content":{"rendered":"<p><strong>Fluxograma de contrata\u00e7\u00e3o (adaptado do MS, 2007)<\/strong><\/p>\n<p><a href=\"http:\/\/www.conass.org.br\/guiainformacao\/wp-content\/uploads\/2016\/09\/fluxo-contratacao.png\"><img fetchpriority=\"high\" decoding=\"async\" class=\"aligncenter size-full wp-image-12813\" src=\"http:\/\/www.conass.org.br\/guiainformacao\/wp-content\/uploads\/2016\/09\/fluxo-contratacao.png\" alt=\"fluxo-contratacao\" width=\"670\" height=\"876\" srcset=\"https:\/\/www.conass.org.br\/guiainformacao\/wp-content\/uploads\/2016\/09\/fluxo-contratacao.png 670w, https:\/\/www.conass.org.br\/guiainformacao\/wp-content\/uploads\/2016\/09\/fluxo-contratacao-229x300.png 229w\" sizes=\"(max-width: 670px) 100vw, 670px\" \/><\/a><\/p>\n<p>&nbsp;<\/p>\n<p><strong>Descri\u00e7\u00e3o do Fluxograma<\/strong><\/p>\n<ul style=\"padding-left: 30px;\">\n<li>Consulta o CNES e verifica a sua capacidade instalada.<\/li>\n<li>Elabora o Plano Operativo de cada unidade p\u00fablica sob sua gest\u00e3o, organizando sua rede e identifica a necessidade ou n\u00e3o de complementa\u00e7\u00e3o de servi\u00e7os.<\/li>\n<li>Verificada a necessidade de complementa\u00e7\u00e3o de servi\u00e7os, esta dever\u00e1 constar no Plano de Sa\u00fade e ser aprovada pelo respectivo Conselho de Sa\u00fade.<\/li>\n<li>Elabora a PPI\/PGASS.<\/li>\n<li>Ap\u00f3s esses dados dever\u00e1 ser elaborado o desenho da rede.<\/li>\n<li>Se verificar que a rede pr\u00f3pria \u00e9 capaz de suprir as necessidades da popula\u00e7\u00e3o, n\u00e3o havendo necessidade de complementa\u00e7\u00e3o haver\u00e1 o fim do processo;<\/li>\n<li>Se o gestor constatar que a rede pr\u00f3pria \u00e9 insuficiente e, portanto que h\u00e1 a necessidade de complementa\u00e7\u00e3o e, que em sua rede existem institui\u00e7\u00f5es de outras esferas de governo ele dever\u00e1 recorrer a essas e o instrumento para formalizar esse acordo ser\u00e1 o Protocolo de\u00a0Coopera\u00e7\u00e3o entre Entes P\u00fablicos;<\/li>\n<li>Se, com os servi\u00e7os p\u00fablicos de sa\u00fade devidamente contratados ainda for verificada a necessidade de complementa\u00e7\u00e3o da rede, o gestor dever\u00e1 recorrer aos servi\u00e7os da rede privada.<\/li>\n<li>Verificada a exist\u00eancia de entidades filantr\u00f3picas e, em fun\u00e7\u00e3o da prioridade da contrata\u00e7\u00e3o prevista na CF\/88 e na Lei 8080\/90 poder\u00e1 firmar conv\u00eanio com a institui\u00e7\u00e3o, desde que firmada parceria para a presta\u00e7\u00e3o de servi\u00e7os e a\u00e7\u00f5es de sa\u00fade. De acordo com o TCU (2014), a contratualiza\u00e7\u00e3o com entidades filantr\u00f3picas dever\u00e1 ser firmada atrav\u00e9s de uma chamada p\u00fablica.<\/li>\n<li>O gestor dever\u00e1 sempre fazer uso da Lei 8666\/93 para a realiza\u00e7\u00e3o de qualquer contrato ou conv\u00eanio com particular.<\/li>\n<li>A inexigibilidade de licita\u00e7\u00e3o poder\u00e1 ser constatada quando houver incapacidade de se instalar concorr\u00eancia entre os licitantes, que poder\u00e1 ocorrer quando apenas um prestador estiver apto a fornecer o objeto a ser contratado, ou quando o gestor manifestar o interesse de contratar todos os prestadores de servi\u00e7os de seu territ\u00f3rio de uma determinada \u00e1rea desde que devidamente especificada no Edital, conforme art. 25 da Lei 8.666\/93;<\/li>\n<li>Quando a licita\u00e7\u00e3o for inexig\u00edvel porque o gestor manifestou o interesse de contratar todos os prestadores ele poder\u00e1 fazer uso do procedimento de Chamada P\u00fablica, onde ser\u00e1 aberto um edital chamando todos os prestadores para se cadastrarem e contratarem com a Administra\u00e7\u00e3o P\u00fablica, desde que se enquadrem nos requisitos constantes do edital.<\/li>\n<li>Do chamamento p\u00fablico ser\u00e1 realizado um contrato administrativo com as entidades privadas com e sem fins lucrativos e com as entidades filantr\u00f3picas.<\/li>\n<li>A realiza\u00e7\u00e3o do procedimento licitat\u00f3rio gerar\u00e1 um contrato administrativo com entidades privadas com ou sem fins lucrativos.<\/li>\n<\/ul>\n<p>&nbsp;<\/p>\n<p>&nbsp;<\/p>\n<p>&nbsp;<\/p>\n<p><strong>Saiba mais:<\/strong><\/p>\n<ul class=\"nav nav-list\">\n<li><a href=\"..\/orientacoes-para-contratualizacao\">5.7 Orienta\u00e7\u00f5es para Contratualiza\u00e7\u00e3o<\/a>\n<ul class=\"nav nav-list\">\n<li><a href=\"..\/instrumentos-de-contratualizacao\">5.7.1 Instrumentos de Contratualiza\u00e7\u00e3o<\/a><\/li>\n<li><a href=\"..\/gestao-da-compra-de-servicos-de-saude\">5.7.2 Gest\u00e3o da Compra de Servi\u00e7os de Sa\u00fade<\/a><\/li>\n<li><a href=\"..\/etapas-da-contratacao\">5.7.3 Etapas da Contrata\u00e7\u00e3o<\/a><\/li>\n<\/ul>\n<\/li>\n<\/ul>\n<p>&nbsp;<\/p>\n","protected":false},"excerpt":{"rendered":"<p>Fluxograma de contrata\u00e7\u00e3o (adaptado do MS, 2007) &nbsp; Descri\u00e7\u00e3o do Fluxograma Consulta o CNES e verifica a sua capacidade instalada. Elabora o Plano Operativo de cada unidade p\u00fablica sob sua gest\u00e3o, organizando sua rede e identifica a necessidade ou n\u00e3o de complementa\u00e7\u00e3o de servi\u00e7os. Verificada a necessidade de complementa\u00e7\u00e3o de servi\u00e7os, esta dever\u00e1 constar no [&hellip;]<\/p>\n","protected":false},"author":1,"featured_media":0,"parent":0,"menu_order":92,"comment_status":"open","ping_status":"open","template":"","meta":{"_exactmetrics_skip_tracking":false,"_exactmetrics_sitenote_active":false,"_exactmetrics_sitenote_note":"","_exactmetrics_sitenote_category":0,"footnotes":""},"class_list":["post-12812","page","type-page","status-publish","hentry"],"_links":{"self":[{"href":"https:\/\/www.conass.org.br\/guiainformacao\/wp-json\/wp\/v2\/pages\/12812","targetHints":{"allow":["GET"]}}],"collection":[{"href":"https:\/\/www.conass.org.br\/guiainformacao\/wp-json\/wp\/v2\/pages"}],"about":[{"href":"https:\/\/www.conass.org.br\/guiainformacao\/wp-json\/wp\/v2\/types\/page"}],"author":[{"embeddable":true,"href":"https:\/\/www.conass.org.br\/guiainformacao\/wp-json\/wp\/v2\/users\/1"}],"replies":[{"embeddable":true,"href":"https:\/\/www.conass.org.br\/guiainformacao\/wp-json\/wp\/v2\/comments?post=12812"}],"version-history":[{"count":4,"href":"https:\/\/www.conass.org.br\/guiainformacao\/wp-json\/wp\/v2\/pages\/12812\/revisions"}],"predecessor-version":[{"id":12898,"href":"https:\/\/www.conass.org.br\/guiainformacao\/wp-json\/wp\/v2\/pages\/12812\/revisions\/12898"}],"wp:attachment":[{"href":"https:\/\/www.conass.org.br\/guiainformacao\/wp-json\/wp\/v2\/media?parent=12812"}],"curies":[{"name":"wp","href":"https:\/\/api.w.org\/{rel}","templated":true}]}}