{"id":12821,"date":"2016-09-19T12:15:33","date_gmt":"2016-09-19T15:15:33","guid":{"rendered":"http:\/\/www.conass.org.br\/guiainformacao\/?page_id=12821"},"modified":"2016-09-21T07:41:43","modified_gmt":"2016-09-21T10:41:43","slug":"plano-operativo","status":"publish","type":"page","link":"https:\/\/www.conass.org.br\/guiainformacao\/plano-operativo\/","title":{"rendered":"PLANO OPERATIVO"},"content":{"rendered":"<p>Conforme previsto no Art. 7\u00ba da Portaria n\u00ba 1.034\/2010, o Plano Operativo \u00e9 um instrumento que integrar\u00e1 todos os ajustes entre o ente p\u00fablico e a institui\u00e7\u00e3o privada, devendo conter elementos que demonstrem a utiliza\u00e7\u00e3o da capacidade instalada necess\u00e1ria ao cumprimento do objeto do contrato, \u00e0 caracteriza\u00e7\u00e3o da institui\u00e7\u00e3o, sua miss\u00e3o na rede, a defini\u00e7\u00e3o de oferta e fluxo de servi\u00e7os, a defini\u00e7\u00e3o de oferta, fluxo de servi\u00e7os e pactua\u00e7\u00e3o de metas. A portaria m\u00b0 3410\/2013 que \u201cestabelece as diretrizes para a contratualiza\u00e7\u00e3o de hospitais no SUS&#8230;\u201d n\u00e3o revogou a portaria 1034;2010 sendo, portanto,\u00a0 essa a base normativa para os conv\u00eanios com entidades beneficentes sem fins lucrativos, com Empresas e Funda\u00e7\u00f5es P\u00fablicas e para os contratos administrativos referentes \u00e0 compra de servi\u00e7os.<\/p>\n<p>O Art. 8\u00ba da mesma portaria determina (1034\/10) que as institui\u00e7\u00f5es privadas de assist\u00eancia \u00e0 sa\u00fade, contratadas ou conveniadas com o SUS devem atender \u00e0s seguintes condi\u00e7\u00f5es:<\/p>\n<p style=\"padding-left: 60px;\">I &#8211; manter registro atualizado no Cadastro Nacional de Estabelecimentos de Sa\u00fade (CNES);<\/p>\n<p style=\"padding-left: 60px;\">II &#8211; submeter-se a avalia\u00e7\u00f5es sistem\u00e1ticas, de acordo com o Programa Nacional de Avalia\u00e7\u00e3o de Servi\u00e7os de Sa\u00fade (PNASS)<\/p>\n<p style=\"padding-left: 60px;\">III- submeter-se \u00e0 regula\u00e7\u00e3o institu\u00edda pelo gestor;<\/p>\n<p style=\"padding-left: 60px;\">\u00a0IV &#8211; obrigar-se a apresentar, sempre que solicitado, relat\u00f3rios de atividade que demonstrem, quantitativa e qualitativamente, o atendimento do objeto;<\/p>\n<p style=\"padding-left: 60px;\">V &#8211; atender as diretrizes da Pol\u00edtica Nacional de Humaniza\u00e7\u00e3o (PNH);<\/p>\n<p style=\"padding-left: 60px;\">\u00a0VI &#8211; submeter-se ao Controle Nacional de Auditoria (SNA), no \u00e2mbito do SUS, apresentando toda documenta\u00e7\u00e3o necess\u00e1ria, desde que solicitado.<\/p>\n<p style=\"padding-left: 60px;\">VII &#8211; obrigar-se a entregar ao usu\u00e1rio ou ao seu respons\u00e1vel, no ato da sa\u00edda do estabelecimento documento comprobat\u00f3rio informando que a assist\u00eancia foi prestada pelo SUS, sem custos adicionais para o paciente; e<\/p>\n<p style=\"padding-left: 60px;\">VIII &#8211; garantir o acesso dos conselhos de sa\u00fade aos servi\u00e7os contratados no exerc\u00edcio do seu poder de fiscaliza\u00e7\u00e3o.<\/p>\n<p>O Plano Operativo dever\u00e1 acompanhar todos os ajustes realizados entre administra\u00e7\u00e3o p\u00fablica e setor privado. Deve ser utilizado pelo gestor na rede pr\u00f3pria para diagnosticar a capacidade instalada, organizar a rede e, assim, demonstrar a real necessidade de contrata\u00e7\u00e3o de servi\u00e7os para fins de complementa\u00e7\u00e3o de rede. Anualmente ele deve ser revisto e repactuado.<\/p>\n<p>&nbsp;<\/p>\n<p><strong>Saiba mais:<\/strong><\/p>\n<ul class=\"nav nav-list\">\n<li><a href=\"..\/plano-operativo\">5.9 Plano Operativo<\/a><\/li>\n<ul class=\"nav nav-list\">\n<li><a href=\"..\/itens-que-devem-constar-no-plano-operativo-anual-poa\">5.9.1\tItens que devem constar no Plano Operativo Anual (POA)<\/a><\/li>\n<\/ul>\n<\/ul>\n<p>&nbsp;<\/p>\n","protected":false},"excerpt":{"rendered":"<p>Conforme previsto no Art. 7\u00ba da Portaria n\u00ba 1.034\/2010, o Plano Operativo \u00e9 um instrumento que integrar\u00e1 todos os ajustes entre o ente p\u00fablico e a institui\u00e7\u00e3o privada, devendo conter elementos que demonstrem a utiliza\u00e7\u00e3o da capacidade instalada necess\u00e1ria ao cumprimento do objeto do contrato, \u00e0 caracteriza\u00e7\u00e3o da institui\u00e7\u00e3o, sua miss\u00e3o na rede, a defini\u00e7\u00e3o [&hellip;]<\/p>\n","protected":false},"author":1,"featured_media":0,"parent":0,"menu_order":95,"comment_status":"open","ping_status":"open","template":"","meta":{"_exactmetrics_skip_tracking":false,"_exactmetrics_sitenote_active":false,"_exactmetrics_sitenote_note":"","_exactmetrics_sitenote_category":0,"footnotes":""},"class_list":["post-12821","page","type-page","status-publish","hentry"],"_links":{"self":[{"href":"https:\/\/www.conass.org.br\/guiainformacao\/wp-json\/wp\/v2\/pages\/12821","targetHints":{"allow":["GET"]}}],"collection":[{"href":"https:\/\/www.conass.org.br\/guiainformacao\/wp-json\/wp\/v2\/pages"}],"about":[{"href":"https:\/\/www.conass.org.br\/guiainformacao\/wp-json\/wp\/v2\/types\/page"}],"author":[{"embeddable":true,"href":"https:\/\/www.conass.org.br\/guiainformacao\/wp-json\/wp\/v2\/users\/1"}],"replies":[{"embeddable":true,"href":"https:\/\/www.conass.org.br\/guiainformacao\/wp-json\/wp\/v2\/comments?post=12821"}],"version-history":[{"count":2,"href":"https:\/\/www.conass.org.br\/guiainformacao\/wp-json\/wp\/v2\/pages\/12821\/revisions"}],"predecessor-version":[{"id":12868,"href":"https:\/\/www.conass.org.br\/guiainformacao\/wp-json\/wp\/v2\/pages\/12821\/revisions\/12868"}],"wp:attachment":[{"href":"https:\/\/www.conass.org.br\/guiainformacao\/wp-json\/wp\/v2\/media?parent=12821"}],"curies":[{"name":"wp","href":"https:\/\/api.w.org\/{rel}","templated":true}]}}