{"id":12823,"date":"2016-09-19T12:17:17","date_gmt":"2016-09-19T15:17:17","guid":{"rendered":"http:\/\/www.conass.org.br\/guiainformacao\/?page_id=12823"},"modified":"2016-09-21T07:41:52","modified_gmt":"2016-09-21T10:41:52","slug":"itens-que-devem-constar-no-plano-operativo-anual-poa","status":"publish","type":"page","link":"https:\/\/www.conass.org.br\/guiainformacao\/itens-que-devem-constar-no-plano-operativo-anual-poa\/","title":{"rendered":"Itens que devem constar no Plano Operativo Anual (POA)"},"content":{"rendered":"<ul style=\"padding-left: 30px;\">\n<li>Caracteriza\u00e7\u00e3o geral da institui\u00e7\u00e3o, sua miss\u00e3o na rede, sua estrutura tecnol\u00f3gica, capacidade instalada (hospitalar\/ambulatorial), e de equipamentos de diagn\u00f3stico, os servi\u00e7os de alta complexidade e\/ou com habilita\u00e7\u00f5es espec\u00edficas, al\u00e9m das atividades de ensino e pesquisa.<\/li>\n<li>Considera\u00e7\u00f5es Gerais<\/li>\n<li>Perfil\/Miss\u00e3o da Institui\u00e7\u00e3o<\/li>\n<li>Estrutura F\u00edsica-Funcional e Tecnol\u00f3gica<\/li>\n<\/ul>\n<ol style=\"padding-left: 70px;\">\n<li>Estrutura F\u00edsica<\/li>\n<li>Capacidade Instalada<\/li>\n<li>Equipamentos<\/li>\n<li>Servi\u00e7os Especializados e\/ou com Habilita\u00e7\u00f5es Espec\u00edficas<\/li>\n<\/ol>\n<ul style=\"padding-left: 30px;\">\n<li>Recursos Humanos A\u00e7\u00f5es, Servi\u00e7os e Metas a serem pactuadas\/Objeto do conv\u00eanio;<\/li>\n<li>A integralidade da assist\u00eancia \u00e0 Sa\u00fade;<\/li>\n<li>Gest\u00e3o institucional;<\/li>\n<li>Desenvolvimento Profissional;<\/li>\n<li>Atividades Educacionais e Pesquisa;<\/li>\n<li>Programas e\/ou Projetos desenvolvidos pela Institui\u00e7\u00e3o;<\/li>\n<li>Programa\u00e7\u00e3o Or\u00e7ament\u00e1ria Mensal Anual;<\/li>\n<li>Desembolso mensal e anual;<\/li>\n<\/ul>\n<p>&nbsp;<\/p>\n<p><strong>Saiba mais:<\/strong><\/p>\n<ul class=\"nav nav-list\">\n<li><a href=\"..\/plano-operativo\">5.9 Plano Operativo<\/a><\/li>\n<ul class=\"nav nav-list\">\n<li><a href=\"..\/itens-que-devem-constar-no-plano-operativo-anual-poa\">5.9.1\tItens que devem constar no Plano Operativo Anual (POA)<\/a><\/li>\n<\/ul>\n<\/ul>\n<p>&nbsp;<\/p>\n","protected":false},"excerpt":{"rendered":"<p>Caracteriza\u00e7\u00e3o geral da institui\u00e7\u00e3o, sua miss\u00e3o na rede, sua estrutura tecnol\u00f3gica, capacidade instalada (hospitalar\/ambulatorial), e de equipamentos de diagn\u00f3stico, os servi\u00e7os de alta complexidade e\/ou com habilita\u00e7\u00f5es espec\u00edficas, al\u00e9m das atividades de ensino e pesquisa. Considera\u00e7\u00f5es Gerais Perfil\/Miss\u00e3o da Institui\u00e7\u00e3o Estrutura F\u00edsica-Funcional e Tecnol\u00f3gica Estrutura F\u00edsica Capacidade Instalada Equipamentos Servi\u00e7os Especializados e\/ou com Habilita\u00e7\u00f5es Espec\u00edficas [&hellip;]<\/p>\n","protected":false},"author":1,"featured_media":0,"parent":0,"menu_order":96,"comment_status":"open","ping_status":"open","template":"","meta":{"_exactmetrics_skip_tracking":false,"_exactmetrics_sitenote_active":false,"_exactmetrics_sitenote_note":"","_exactmetrics_sitenote_category":0,"footnotes":""},"class_list":["post-12823","page","type-page","status-publish","hentry"],"_links":{"self":[{"href":"https:\/\/www.conass.org.br\/guiainformacao\/wp-json\/wp\/v2\/pages\/12823","targetHints":{"allow":["GET"]}}],"collection":[{"href":"https:\/\/www.conass.org.br\/guiainformacao\/wp-json\/wp\/v2\/pages"}],"about":[{"href":"https:\/\/www.conass.org.br\/guiainformacao\/wp-json\/wp\/v2\/types\/page"}],"author":[{"embeddable":true,"href":"https:\/\/www.conass.org.br\/guiainformacao\/wp-json\/wp\/v2\/users\/1"}],"replies":[{"embeddable":true,"href":"https:\/\/www.conass.org.br\/guiainformacao\/wp-json\/wp\/v2\/comments?post=12823"}],"version-history":[{"count":3,"href":"https:\/\/www.conass.org.br\/guiainformacao\/wp-json\/wp\/v2\/pages\/12823\/revisions"}],"predecessor-version":[{"id":12869,"href":"https:\/\/www.conass.org.br\/guiainformacao\/wp-json\/wp\/v2\/pages\/12823\/revisions\/12869"}],"wp:attachment":[{"href":"https:\/\/www.conass.org.br\/guiainformacao\/wp-json\/wp\/v2\/media?parent=12823"}],"curies":[{"name":"wp","href":"https:\/\/api.w.org\/{rel}","templated":true}]}}