{"id":12828,"date":"2016-09-19T12:21:04","date_gmt":"2016-09-19T15:21:04","guid":{"rendered":"http:\/\/www.conass.org.br\/guiainformacao\/?page_id=12828"},"modified":"2016-09-21T07:43:49","modified_gmt":"2016-09-21T10:43:49","slug":"prazo-de-contrato","status":"publish","type":"page","link":"https:\/\/www.conass.org.br\/guiainformacao\/prazo-de-contrato\/","title":{"rendered":"Prazo de Contrato"},"content":{"rendered":"<p>Segundo a Lei 8.666\/93, a dura\u00e7\u00e3o dos contratos ficar\u00e1 adstrita \u00e0 vig\u00eancia dos respectivos cr\u00e9ditos or\u00e7ament\u00e1rios, exceto quando \u00e0 presta\u00e7\u00e3o de servi\u00e7os a serem executados for de forma cont\u00ednua o que poder\u00e1 ter a sua dura\u00e7\u00e3o prorrogada por iguais e sucessivos per\u00edodos com vistas \u00e0 obten\u00e7\u00e3o de pre\u00e7os e condi\u00e7\u00f5es mais vantajosas para a Administra\u00e7\u00e3o, limitada a sessenta meses;<\/p>\n<p>&nbsp;<\/p>\n<p>A prorroga\u00e7\u00e3o de prazo dever\u00e1 ser justificada por escrito e previamente autorizada pela autoridade competente para celebrar o contrato.<\/p>\n<p><strong>Saiba mais:<\/strong><\/p>\n<ul class=\"nav nav-list\">\n<li><a href=\"..\/contrato-administrativo\">5.10 Contrato Administrativo<\/a><\/li>\n<ul class=\"nav nav-list\">\n<li><a href=\"..\/prazo-de-contrato\">5.10.1 Prazo de Contrato<\/a><\/li>\n<li><a href=\"..\/valores-de-remuneracao-do-contrato\">5.10.2 Valores de Remunera\u00e7\u00e3o do Contrato<\/a><\/li>\n<li><a href=\"..\/gestao-e-fiscalizacao-dos-contratos\">5.10.3 Gest\u00e3o e fiscaliza\u00e7\u00e3o dos contratos<\/a><\/li>\n<li><a href=\"..\/rescisao-contratual\">5.10.4 Rescis\u00e3o contratual<\/a><\/li>\n<\/ul>\n<\/ul>\n<p>&nbsp;<\/p>\n","protected":false},"excerpt":{"rendered":"<p>Segundo a Lei 8.666\/93, a dura\u00e7\u00e3o dos contratos ficar\u00e1 adstrita \u00e0 vig\u00eancia dos respectivos cr\u00e9ditos or\u00e7ament\u00e1rios, exceto quando \u00e0 presta\u00e7\u00e3o de servi\u00e7os a serem executados for de forma cont\u00ednua o que poder\u00e1 ter a sua dura\u00e7\u00e3o prorrogada por iguais e sucessivos per\u00edodos com vistas \u00e0 obten\u00e7\u00e3o de pre\u00e7os e condi\u00e7\u00f5es mais vantajosas para a Administra\u00e7\u00e3o, [&hellip;]<\/p>\n","protected":false},"author":1,"featured_media":0,"parent":0,"menu_order":98,"comment_status":"open","ping_status":"open","template":"","meta":{"_exactmetrics_skip_tracking":false,"_exactmetrics_sitenote_active":false,"_exactmetrics_sitenote_note":"","_exactmetrics_sitenote_category":0,"footnotes":""},"class_list":["post-12828","page","type-page","status-publish","hentry"],"_links":{"self":[{"href":"https:\/\/www.conass.org.br\/guiainformacao\/wp-json\/wp\/v2\/pages\/12828","targetHints":{"allow":["GET"]}}],"collection":[{"href":"https:\/\/www.conass.org.br\/guiainformacao\/wp-json\/wp\/v2\/pages"}],"about":[{"href":"https:\/\/www.conass.org.br\/guiainformacao\/wp-json\/wp\/v2\/types\/page"}],"author":[{"embeddable":true,"href":"https:\/\/www.conass.org.br\/guiainformacao\/wp-json\/wp\/v2\/users\/1"}],"replies":[{"embeddable":true,"href":"https:\/\/www.conass.org.br\/guiainformacao\/wp-json\/wp\/v2\/comments?post=12828"}],"version-history":[{"count":2,"href":"https:\/\/www.conass.org.br\/guiainformacao\/wp-json\/wp\/v2\/pages\/12828\/revisions"}],"predecessor-version":[{"id":12871,"href":"https:\/\/www.conass.org.br\/guiainformacao\/wp-json\/wp\/v2\/pages\/12828\/revisions\/12871"}],"wp:attachment":[{"href":"https:\/\/www.conass.org.br\/guiainformacao\/wp-json\/wp\/v2\/media?parent=12828"}],"curies":[{"name":"wp","href":"https:\/\/api.w.org\/{rel}","templated":true}]}}