{"id":12830,"date":"2016-09-19T12:22:17","date_gmt":"2016-09-19T15:22:17","guid":{"rendered":"http:\/\/www.conass.org.br\/guiainformacao\/?page_id=12830"},"modified":"2016-09-21T07:43:58","modified_gmt":"2016-09-21T10:43:58","slug":"valores-de-remuneracao-do-contrato","status":"publish","type":"page","link":"https:\/\/www.conass.org.br\/guiainformacao\/valores-de-remuneracao-do-contrato\/","title":{"rendered":"Valores de Remunera\u00e7\u00e3o do Contrato"},"content":{"rendered":"<p>A composi\u00e7\u00e3o da remunera\u00e7\u00e3o dos contratos de presta\u00e7\u00e3o de servi\u00e7os no SUS se d\u00e1 a partir da Tabela Unificada do SUS, podendo ser complementada com valores adicionais referentes \u00e0 procedimentos previstos na pr\u00f3pria tabela SUS. Alguns complementos podem ocorrer por meio incentivos a partir de fontes federal, estadual e municipal, como programas especiais, por exemplo, Incentivo 100% SUS, Incentivos das Redes Tem\u00e1ticas de Aten\u00e7\u00e3o \u00e0 Sa\u00fade, Incentivo \u00e0 Qualifica\u00e7\u00e3o da Gest\u00e3o Hospitalar (IGH), entre outros. A complementa\u00e7\u00e3o pode ser definida em fun\u00e7\u00e3o das imperfei\u00e7\u00f5es de mercado, devendo os valores serem pactuados e constarem em resolu\u00e7\u00e3o CIBE.<\/p>\n<p>Temos duas modalidades de financiamento poss\u00edveis de serem utilizadas na formula\u00e7\u00e3o do contrato:<\/p>\n<ul style=\"padding-left: 30px;\">\n<li>Or\u00e7amenta\u00e7\u00e3o global: modalidade de financiamento na qual a totalidade dos recursos financeiros \u00e9 provisionada ao contratado, garantindo-lhe conhecimento antecipado do volume m\u00e1ximo previsto para desembolso no per\u00edodo do contrato, podendo contemplar tanto recursos de investimento quanto de custeio, apresentados em planilha separadamente;<\/li>\n<li>Or\u00e7amenta\u00e7\u00e3o parcial: a forma de financiamento \u00e9 composta por um valor prefixado e um valor p\u00f3sfixado;<\/li>\n<\/ul>\n<p>Os valores prefixados s\u00e3o definidos com base em uma s\u00e9rie hist\u00f3rica de produ\u00e7\u00e3o e de compromissos quantitativos e qualitativos assumidos, definindo-se o valor a ser pago de forma parcial ou global.\u00a0 Os valores de repasse podem ter componente fixo e componente vari\u00e1vel.<\/p>\n<p>No Posfixado, a modalidade de remunera\u00e7\u00e3o \u00e9 por procedimentos realizados. Os valores s\u00e3o definidos de acordo com produ\u00e7\u00e3o apurada a partir dos sistemas de informa\u00e7\u00e3o, tendo como base a tabela unificada do SUS e uma tabela de remunera\u00e7\u00e3o. As tabelas de remunera\u00e7\u00e3o t\u00eam refer\u00eancias constitu\u00eddas por pacotes de remunera\u00e7\u00e3o de eventos, AIH, valores de di\u00e1rias (UTI, reabilita\u00e7\u00e3o, leito integral, leito de retaguarda, entre outros) e ainda valores de procedimentos especiais (OPME, exames de alta complexidade, medicamentos, terapias).<\/p>\n<p>Outra forma de repasse de valores \u00e9 associando o pr\u00e9-fixado e o p\u00f3s-fixado. Os valores prefixados e posfixados devem compor o Plano Operativo. Os valores p\u00f3s-fixados s\u00e3o condicionados ao cumprimento das metas de produ\u00e7\u00e3o, calculados a partir de uma estimativa das metas f\u00edsicas, remunerados de acordo com a produ\u00e7\u00e3o apresentada pelo servi\u00e7o e autorizada pelo gestor estadual, do Distrito Federal ou municipal; s\u00e3o calculados com base na s\u00e9rie hist\u00f3rica e\/ou previs\u00e3o de produ\u00e7\u00e3o, mas s\u00e3o pagos a partir da produ\u00e7\u00e3o realizada no per\u00edodo de an\u00e1lise e apresentada nos sistemas de informa\u00e7\u00e3o.<\/p>\n<p><strong>Saiba mais:<\/strong><\/p>\n<ul class=\"nav nav-list\">\n<li><a href=\"..\/contrato-administrativo\">5.10 Contrato Administrativo<\/a><\/li>\n<ul class=\"nav nav-list\">\n<li><a href=\"..\/prazo-de-contrato\">5.10.1 Prazo de Contrato<\/a><\/li>\n<li><a href=\"..\/valores-de-remuneracao-do-contrato\">5.10.2 Valores de Remunera\u00e7\u00e3o do Contrato<\/a><\/li>\n<li><a href=\"..\/gestao-e-fiscalizacao-dos-contratos\">5.10.3 Gest\u00e3o e fiscaliza\u00e7\u00e3o dos contratos<\/a><\/li>\n<li><a href=\"..\/rescisao-contratual\">5.10.4 Rescis\u00e3o contratual<\/a><\/li>\n<\/ul>\n<\/ul>\n<p>&nbsp;<\/p>\n","protected":false},"excerpt":{"rendered":"<p>A composi\u00e7\u00e3o da remunera\u00e7\u00e3o dos contratos de presta\u00e7\u00e3o de servi\u00e7os no SUS se d\u00e1 a partir da Tabela Unificada do SUS, podendo ser complementada com valores adicionais referentes \u00e0 procedimentos previstos na pr\u00f3pria tabela SUS. Alguns complementos podem ocorrer por meio incentivos a partir de fontes federal, estadual e municipal, como programas especiais, por exemplo, [&hellip;]<\/p>\n","protected":false},"author":1,"featured_media":0,"parent":0,"menu_order":99,"comment_status":"open","ping_status":"open","template":"","meta":{"_exactmetrics_skip_tracking":false,"_exactmetrics_sitenote_active":false,"_exactmetrics_sitenote_note":"","_exactmetrics_sitenote_category":0,"footnotes":""},"class_list":["post-12830","page","type-page","status-publish","hentry"],"_links":{"self":[{"href":"https:\/\/www.conass.org.br\/guiainformacao\/wp-json\/wp\/v2\/pages\/12830","targetHints":{"allow":["GET"]}}],"collection":[{"href":"https:\/\/www.conass.org.br\/guiainformacao\/wp-json\/wp\/v2\/pages"}],"about":[{"href":"https:\/\/www.conass.org.br\/guiainformacao\/wp-json\/wp\/v2\/types\/page"}],"author":[{"embeddable":true,"href":"https:\/\/www.conass.org.br\/guiainformacao\/wp-json\/wp\/v2\/users\/1"}],"replies":[{"embeddable":true,"href":"https:\/\/www.conass.org.br\/guiainformacao\/wp-json\/wp\/v2\/comments?post=12830"}],"version-history":[{"count":2,"href":"https:\/\/www.conass.org.br\/guiainformacao\/wp-json\/wp\/v2\/pages\/12830\/revisions"}],"predecessor-version":[{"id":12872,"href":"https:\/\/www.conass.org.br\/guiainformacao\/wp-json\/wp\/v2\/pages\/12830\/revisions\/12872"}],"wp:attachment":[{"href":"https:\/\/www.conass.org.br\/guiainformacao\/wp-json\/wp\/v2\/media?parent=12830"}],"curies":[{"name":"wp","href":"https:\/\/api.w.org\/{rel}","templated":true}]}}