{"id":12834,"date":"2016-09-19T12:23:58","date_gmt":"2016-09-19T15:23:58","guid":{"rendered":"http:\/\/www.conass.org.br\/guiainformacao\/?page_id=12834"},"modified":"2016-09-21T07:44:11","modified_gmt":"2016-09-21T10:44:11","slug":"rescisao-contratual","status":"publish","type":"page","link":"https:\/\/www.conass.org.br\/guiainformacao\/rescisao-contratual\/","title":{"rendered":"Rescis\u00e3o contratual"},"content":{"rendered":"<p>A inexecu\u00e7\u00e3o contratual pode gerar rescis\u00e3o, em situa\u00e7\u00f5es, como: n\u00e3o houver a realiza\u00e7\u00e3o das a\u00e7\u00f5es e servi\u00e7os de sa\u00fade contratados; n\u00e3o houver repasse dos recursos financeiros definido no instrumento contratual pelo gestor da sa\u00fade, al\u00e9m do prazo permitido (90 dias), conforme definido na Lei 8.666\/93, a cobran\u00e7a de quaisquer servi\u00e7os, direta ou indiretamente ao usu\u00e1rio; a mudan\u00e7a da capacidade operativa do estabelecimento de sa\u00fade, sem acordo pr\u00e9vio, a paralisa\u00e7\u00e3o da presta\u00e7\u00e3o do servi\u00e7o, sem justa causa e pr\u00e9via comunica\u00e7\u00e3o \u00e0 Administra\u00e7\u00e3o; e o n\u00e3o atendimento de determina\u00e7\u00f5es regulares da autoridade designada para acompanhar e fiscalizar a execu\u00e7\u00e3o do contrato, bem como as de seus superiores.<\/p>\n<p><strong>Saiba mais:<\/strong><\/p>\n<ul class=\"nav nav-list\">\n<li><a href=\"..\/contrato-administrativo\">5.10 Contrato Administrativo<\/a><\/li>\n<ul class=\"nav nav-list\">\n<li><a href=\"..\/prazo-de-contrato\">5.10.1 Prazo de Contrato<\/a><\/li>\n<li><a href=\"..\/valores-de-remuneracao-do-contrato\">5.10.2 Valores de Remunera\u00e7\u00e3o do Contrato<\/a><\/li>\n<li><a href=\"..\/gestao-e-fiscalizacao-dos-contratos\">5.10.3 Gest\u00e3o e fiscaliza\u00e7\u00e3o dos contratos<\/a><\/li>\n<li><a href=\"..\/rescisao-contratual\">5.10.4 Rescis\u00e3o contratual<\/a><\/li>\n<\/ul>\n<\/ul>\n<p>&nbsp;<\/p>\n","protected":false},"excerpt":{"rendered":"<p>A inexecu\u00e7\u00e3o contratual pode gerar rescis\u00e3o, em situa\u00e7\u00f5es, como: n\u00e3o houver a realiza\u00e7\u00e3o das a\u00e7\u00f5es e servi\u00e7os de sa\u00fade contratados; n\u00e3o houver repasse dos recursos financeiros definido no instrumento contratual pelo gestor da sa\u00fade, al\u00e9m do prazo permitido (90 dias), conforme definido na Lei 8.666\/93, a cobran\u00e7a de quaisquer servi\u00e7os, direta ou indiretamente ao usu\u00e1rio; [&hellip;]<\/p>\n","protected":false},"author":1,"featured_media":0,"parent":0,"menu_order":101,"comment_status":"open","ping_status":"open","template":"","meta":{"_exactmetrics_skip_tracking":false,"_exactmetrics_sitenote_active":false,"_exactmetrics_sitenote_note":"","_exactmetrics_sitenote_category":0,"footnotes":""},"class_list":["post-12834","page","type-page","status-publish","hentry"],"_links":{"self":[{"href":"https:\/\/www.conass.org.br\/guiainformacao\/wp-json\/wp\/v2\/pages\/12834","targetHints":{"allow":["GET"]}}],"collection":[{"href":"https:\/\/www.conass.org.br\/guiainformacao\/wp-json\/wp\/v2\/pages"}],"about":[{"href":"https:\/\/www.conass.org.br\/guiainformacao\/wp-json\/wp\/v2\/types\/page"}],"author":[{"embeddable":true,"href":"https:\/\/www.conass.org.br\/guiainformacao\/wp-json\/wp\/v2\/users\/1"}],"replies":[{"embeddable":true,"href":"https:\/\/www.conass.org.br\/guiainformacao\/wp-json\/wp\/v2\/comments?post=12834"}],"version-history":[{"count":2,"href":"https:\/\/www.conass.org.br\/guiainformacao\/wp-json\/wp\/v2\/pages\/12834\/revisions"}],"predecessor-version":[{"id":12874,"href":"https:\/\/www.conass.org.br\/guiainformacao\/wp-json\/wp\/v2\/pages\/12834\/revisions\/12874"}],"wp:attachment":[{"href":"https:\/\/www.conass.org.br\/guiainformacao\/wp-json\/wp\/v2\/media?parent=12834"}],"curies":[{"name":"wp","href":"https:\/\/api.w.org\/{rel}","templated":true}]}}