{"id":8608,"date":"2016-03-18T19:14:24","date_gmt":"2016-03-18T22:14:24","guid":{"rendered":"http:\/\/www.conass.org.br\/guiainformacao\/?page_id=8608"},"modified":"2016-05-06T14:22:13","modified_gmt":"2016-05-06T17:22:13","slug":"mapa-da-saude","status":"publish","type":"page","link":"https:\/\/www.conass.org.br\/guiainformacao\/mapa-da-saude\/","title":{"rendered":"Mapa da Sa\u00fade"},"content":{"rendered":"<p>O Mapa da Sa\u00fade, uma ferramenta eletr\u00f4nica que o Minist\u00e9rio da Sa\u00fade est\u00e1 disponibilizando para os gestores do SUS poder\u00e1 ser utilizada na identifica\u00e7\u00e3o das necessidades de sa\u00fade e orientar\u00e1 o planejamento integrado dos entes federativos, contribuindo para o estabelecimento de metas de sa\u00fade.<\/p>\n<p>De acordo com o Manual de Planejamento no SUS do Minist\u00e9rio da Sa\u00fade, dois produtos comp\u00f5em esta ferramenta: o GeoSa\u00fade, que representa um sistema de georreferenciamento de dados, e a An\u00e1lise em Sa\u00fade, que realiza a combina\u00e7\u00e3o e an\u00e1lise de informa\u00e7\u00f5es a serem estruturadas segundo uma combina\u00e7\u00e3o de vari\u00e1veis com o GeoSa\u00fade, de modo a produzir informa\u00e7\u00f5es para a tomada de decis\u00f5es pelos gestores.<\/p>\n<p>O acesso aos dados da base montada a partir desta ferramenta exige o cadastramento dos usu\u00e1rios e o login ao sistema por meio de senha. Os dados s\u00e3o acessados sobre um mapa nacional com todas as regi\u00f5es de sa\u00fade do Pa\u00eds.<\/p>\n<p>Estes produtos atuam interligados, permitindo ao usu\u00e1rio acessar informa\u00e7\u00f5es selecionadas de acordo com o estudo a ser realizado, facilitando a an\u00e1lise da situa\u00e7\u00e3o de sa\u00fade. A administra\u00e7\u00e3o de usu\u00e1rio do mapa da sa\u00fade objetiva permitir o cadastro de usu\u00e1rios no sistema, assim como gerenciar os grupos de usu\u00e1rios. Estes grupos s\u00e3o vinculados \u00e0s esferas federal, estadual e municipal, al\u00e9m da Regi\u00e3o de Sa\u00fade.<\/p>\n<p>O produto GeoSa\u00fade apresenta no mapa do territ\u00f3rio nacional in\u00fameras informa\u00e7\u00f5es, que v\u00e3o desde a localiza\u00e7\u00e3o de estabelecimentos de sa\u00fade at\u00e9 os mais variados indicadores relacionados \u00e0 sa\u00fade. No GeoSa\u00fade s\u00e3o exibidos detalhes de cada local, tais como nomes de Estados, Munic\u00edpios, bairro e arruamento, conforme necessidade do usu\u00e1rio.<\/p>\n<p>De acordo com o citado Manual, por ser uma ferramenta de georreferenciamento, o GeoSa\u00fade possui outros filtros que ampliam e potencializam o uso da ferramenta, tais como a possibilidade de escolha dos espa\u00e7os geogr\u00e1ficos a serem trabalhados, partindo: de um Munic\u00edpio, uma Regi\u00e3o de Sa\u00fade, um Estado, um Distrito Sanit\u00e1rio Especial Ind\u00edgena (DSEI); de dados sociodemogr\u00e1ficos relacionados aos dados do IBGE; de dados relativos \u00e0 Sa\u00fade Ind\u00edgena; ou de um desenho livre num determinado territ\u00f3rio. Assim, tem-se um conjunto de 12 filtros no Geo Sa\u00fade, al\u00e9m do item Minha Sele\u00e7\u00e3o, localizado na parte inferior da ferramenta:<\/p>\n<ul>\n<li>Filtros Geogr\u00e1ficos;<\/li>\n<li>Filtros Geom\u00e9tricos;<\/li>\n<li>Condi\u00e7\u00f5es Sociossanit\u00e1rias;<\/li>\n<li>Estrutura do Sistema de Sa\u00fade;<\/li>\n<li>Par\u00e2metros de Oferta e Demanda;<\/li>\n<li>Redes de Aten\u00e7\u00e3o \u00e0 Sa\u00fade;<\/li>\n<li>Fluxos de Acesso;<\/li>\n<li>Recursos Financeiros;<\/li>\n<li>Gest\u00e3o do Trabalho e Educa\u00e7\u00e3o na Sa\u00fade;<\/li>\n<li>Ci\u00eancia, Tecnologia, Produ\u00e7\u00e3o e Inova\u00e7\u00e3o em Sa\u00fade;<\/li>\n<li>Gest\u00e3o em Sa\u00fade;<\/li>\n<li>Sa\u00fade Ind\u00edgena; e<\/li>\n<li>Item Minha Sele\u00e7\u00e3o.<\/li>\n<\/ul>\n<p>Pode ser acessado pelo link do Minist\u00e9rio da Sa\u00fade:\u00a0<a href=\"http:\/\/mapadasaude.saude.gov.br\" target=\"_blank\">http:\/\/mapadasaude.saude.gov.br<\/a><\/p>\n<p>Abaixo est\u00e3o endere\u00e7os de acesso ao portal de algumas secretarias de sa\u00fade com o material produzido sobre o mapa da sa\u00fade desses estados:<\/p>\n<p>Secretaria Estadual de Sa\u00fade de Pernambuco<br \/>\n<a href=\"http:\/\/portal.saude.pe.gov.br\/documentos\/secretaria-executiva-de-coordenacao-geral\/mapa-de-saude-de-pernambuco\" target=\"_blank\">http:\/\/portal.saude.pe.gov.br\/documentos\/secretaria-executiva-de-coordenacao-geral\/mapa-de-saude-de-pernambuco<br \/>\n<\/a><a href=\"http:\/\/portal.saude.pe.gov.br\/sites\/portal.saude.pe.gov.br\/files\/orientacaoes-para-construcao-do-mapa-de-saude-de-pe_1_0.pdf\" target=\"_blank\"><span style=\"line-height: 1.5;\">http:\/\/portal.saude.pe.gov.br\/sites\/portal.saude.pe.gov.br\/files\/orientacaoes-para-construcao-do-mapa-de-saude-de-pe_1_0.pdf<\/span><\/a><\/p>\n<p>&nbsp;<\/p>\n<p>Secretaria Estadual de Sa\u00fade de S\u00e3o Paulo<br \/>\n<a href=\"http:\/\/www.saude.sp.gov.br\/ses\/perfil\/gestor\/documentos-de-planejamento-em-saude\/mapa-de-saude\" target=\"_blank\">http:\/\/www.saude.sp.gov.br\/ses\/perfil\/gestor\/documentos-de-planejamento-em-saude\/mapa-de-saude<\/a><br \/>\nSecretaria Estadual de Sa\u00fade de Goi\u00e1s<br \/>\n<a href=\"http:\/\/www.saude.go.gov.br\/page\/75\/mapa-da-saude\" target=\"_blank\">http:\/\/www.saude.go.gov.br\/page\/75\/mapa-da-saude<\/a><\/p>\n","protected":false},"excerpt":{"rendered":"<p>O Mapa da Sa\u00fade, uma ferramenta eletr\u00f4nica que o Minist\u00e9rio da Sa\u00fade est\u00e1 disponibilizando para os gestores do SUS poder\u00e1 ser utilizada na identifica\u00e7\u00e3o das necessidades de sa\u00fade e orientar\u00e1 o planejamento integrado dos entes federativos, contribuindo para o estabelecimento de metas de sa\u00fade. De acordo com o Manual de Planejamento no SUS do Minist\u00e9rio [&hellip;]<\/p>\n","protected":false},"author":1,"featured_media":0,"parent":0,"menu_order":12,"comment_status":"open","ping_status":"open","template":"","meta":{"_exactmetrics_skip_tracking":false,"_exactmetrics_sitenote_active":false,"_exactmetrics_sitenote_note":"","_exactmetrics_sitenote_category":0,"footnotes":""},"class_list":["post-8608","page","type-page","status-publish","hentry"],"_links":{"self":[{"href":"https:\/\/www.conass.org.br\/guiainformacao\/wp-json\/wp\/v2\/pages\/8608","targetHints":{"allow":["GET"]}}],"collection":[{"href":"https:\/\/www.conass.org.br\/guiainformacao\/wp-json\/wp\/v2\/pages"}],"about":[{"href":"https:\/\/www.conass.org.br\/guiainformacao\/wp-json\/wp\/v2\/types\/page"}],"author":[{"embeddable":true,"href":"https:\/\/www.conass.org.br\/guiainformacao\/wp-json\/wp\/v2\/users\/1"}],"replies":[{"embeddable":true,"href":"https:\/\/www.conass.org.br\/guiainformacao\/wp-json\/wp\/v2\/comments?post=8608"}],"version-history":[{"count":5,"href":"https:\/\/www.conass.org.br\/guiainformacao\/wp-json\/wp\/v2\/pages\/8608\/revisions"}],"predecessor-version":[{"id":12635,"href":"https:\/\/www.conass.org.br\/guiainformacao\/wp-json\/wp\/v2\/pages\/8608\/revisions\/12635"}],"wp:attachment":[{"href":"https:\/\/www.conass.org.br\/guiainformacao\/wp-json\/wp\/v2\/media?parent=8608"}],"curies":[{"name":"wp","href":"https:\/\/api.w.org\/{rel}","templated":true}]}}