{"id":162,"date":"2014-10-28T07:37:02","date_gmt":"2014-10-28T09:37:02","guid":{"rendered":"http:\/\/www.conass.org.br\/liacc\/?page_id=162"},"modified":"2014-10-28T07:37:36","modified_gmt":"2014-10-28T09:37:36","slug":"documentos-legais-administrativos-e-programaticos","status":"publish","type":"page","link":"https:\/\/www.conass.org.br\/liacc\/documentos-legais-administrativos-e-programaticos\/","title":{"rendered":"DOCUMENTOS LEGAIS, ADMINISTRATIVOS E PROGRAMA\u0301TICOS"},"content":{"rendered":"<ul style=\"list-style-type: circle;\">\n<li><a href=\"http:\/\/www.conass.org.br\/liacc\/wp-content\/uploads\/2014\/08\/a-Protocolo-de-Intenc\u0327o\u0303es-SAMONTE.pdf\" target=\"_blank\">Protocolo de Intenc\u0327o\u0303es<\/a><\/li>\n<li><a href=\"http:\/\/www.conass.org.br\/liacc\/wp-content\/uploads\/2014\/08\/b-PROPOSTA-DE-UM-LABORATO\u0301RIO-DE-INOVAC\u0327O\u0303ES-DE-ATENC\u0327A\u0303O-A\u0300S-CONDIC\u0327O\u0303ES-CRO\u0302NICAS-EM-SANTO-ANTONIO-DO-MONTE-MG.pdf\" target=\"_blank\">PROPOSTA DE UM LABORAT\u00d3RIO DE INOVA\u00c7\u00d5ES DE ATEN\u00c7\u00c3O \u00c0S CONDI\u00c7\u00d5ES CR\u00d4NICAS EM SANTO ANTONIO DO MONTE &#8211; MG<\/a><\/li>\n<\/ul>\n","protected":false},"excerpt":{"rendered":"<p>Protocolo de Intenc\u0327o\u0303es PROPOSTA DE UM LABORAT\u00d3RIO DE INOVA\u00c7\u00d5ES DE ATEN\u00c7\u00c3O \u00c0S CONDI\u00c7\u00d5ES CR\u00d4NICAS EM SANTO ANTONIO DO MONTE &#8211; MG<\/p>\n","protected":false},"author":2,"featured_media":0,"parent":0,"menu_order":0,"comment_status":"open","ping_status":"open","template":"","meta":{"footnotes":""},"class_list":["post-162","page","type-page","status-publish","hentry"],"_links":{"self":[{"href":"https:\/\/www.conass.org.br\/liacc\/wp-json\/wp\/v2\/pages\/162","targetHints":{"allow":["GET"]}}],"collection":[{"href":"https:\/\/www.conass.org.br\/liacc\/wp-json\/wp\/v2\/pages"}],"about":[{"href":"https:\/\/www.conass.org.br\/liacc\/wp-json\/wp\/v2\/types\/page"}],"author":[{"embeddable":true,"href":"https:\/\/www.conass.org.br\/liacc\/wp-json\/wp\/v2\/users\/2"}],"replies":[{"embeddable":true,"href":"https:\/\/www.conass.org.br\/liacc\/wp-json\/wp\/v2\/comments?post=162"}],"version-history":[{"count":2,"href":"https:\/\/www.conass.org.br\/liacc\/wp-json\/wp\/v2\/pages\/162\/revisions"}],"predecessor-version":[{"id":164,"href":"https:\/\/www.conass.org.br\/liacc\/wp-json\/wp\/v2\/pages\/162\/revisions\/164"}],"wp:attachment":[{"href":"https:\/\/www.conass.org.br\/liacc\/wp-json\/wp\/v2\/media?parent=162"}],"curies":[{"name":"wp","href":"https:\/\/api.w.org\/{rel}","templated":true}]}}