{"id":165,"date":"2014-10-28T07:40:56","date_gmt":"2014-10-28T09:40:56","guid":{"rendered":"http:\/\/www.conass.org.br\/liacc\/?page_id=165"},"modified":"2014-10-28T07:40:56","modified_gmt":"2014-10-28T09:40:56","slug":"estudos-de-caso","status":"publish","type":"page","link":"https:\/\/www.conass.org.br\/liacc\/estudos-de-caso\/","title":{"rendered":"ESTUDOS DE CASO"},"content":{"rendered":"<ul style=\"list-style-type: circle;\">\n<li><a href=\"http:\/\/www.conass.org.br\/liacc\/wp-content\/uploads\/2014\/10\/CENTRO-HIPERDIA-DE-SANTO-ANTONIO-AILTON.pdf\" target=\"_blank\">CONSOLIDANDO A REDE DE ATEN\u00c7\u00c3O \u00c0S CONDI\u00c7\u00d5ES CR\u00d4NICAS: EXPERI\u00caNCIA DA REDE HIPERDIA DE MINAS GERAIS<\/a><\/li>\n<\/ul>\n","protected":false},"excerpt":{"rendered":"<p>CONSOLIDANDO A REDE DE ATEN\u00c7\u00c3O \u00c0S CONDI\u00c7\u00d5ES CR\u00d4NICAS: EXPERI\u00caNCIA DA REDE HIPERDIA DE MINAS GERAIS<\/p>\n","protected":false},"author":2,"featured_media":0,"parent":0,"menu_order":0,"comment_status":"open","ping_status":"open","template":"","meta":{"footnotes":""},"class_list":["post-165","page","type-page","status-publish","hentry"],"_links":{"self":[{"href":"https:\/\/www.conass.org.br\/liacc\/wp-json\/wp\/v2\/pages\/165","targetHints":{"allow":["GET"]}}],"collection":[{"href":"https:\/\/www.conass.org.br\/liacc\/wp-json\/wp\/v2\/pages"}],"about":[{"href":"https:\/\/www.conass.org.br\/liacc\/wp-json\/wp\/v2\/types\/page"}],"author":[{"embeddable":true,"href":"https:\/\/www.conass.org.br\/liacc\/wp-json\/wp\/v2\/users\/2"}],"replies":[{"embeddable":true,"href":"https:\/\/www.conass.org.br\/liacc\/wp-json\/wp\/v2\/comments?post=165"}],"version-history":[{"count":1,"href":"https:\/\/www.conass.org.br\/liacc\/wp-json\/wp\/v2\/pages\/165\/revisions"}],"predecessor-version":[{"id":167,"href":"https:\/\/www.conass.org.br\/liacc\/wp-json\/wp\/v2\/pages\/165\/revisions\/167"}],"wp:attachment":[{"href":"https:\/\/www.conass.org.br\/liacc\/wp-json\/wp\/v2\/media?parent=165"}],"curies":[{"name":"wp","href":"https:\/\/api.w.org\/{rel}","templated":true}]}}