{"id":168,"date":"2014-10-28T13:11:53","date_gmt":"2014-10-28T15:11:53","guid":{"rendered":"http:\/\/www.conass.org.br\/liacc\/?page_id=168"},"modified":"2014-10-28T13:11:53","modified_gmt":"2014-10-28T15:11:53","slug":"fundamentaca%cc%83o-teorica","status":"publish","type":"page","link":"https:\/\/www.conass.org.br\/liacc\/fundamentaca%cc%83o-teorica\/","title":{"rendered":"FUNDAMENTACA\u0303O TEO\u0301RICA"},"content":{"rendered":"<p>&nbsp;<\/p>\n<ul style=\"list-style-type: circle;\">\n<li><a href=\"http:\/\/www.conass.org.br\/liacc\/wp-content\/uploads\/2014\/08\/b-PROPOSTA-DE-UM-LABORATO\u0301RIO-DE-INOVAC\u0327O\u0303ES-DE-ATENC\u0327A\u0303O-A\u0300S-CONDIC\u0327O\u0303ES-CRO\u0302NICAS-EM-SANTO-ANTONIO-DO-MONTE-MG.pdf\" target=\"_blank\">PROPOSTA DE UM LABORATO\u0301RIO DE INOVAC\u0327O\u0303ES DE ATENC\u0327A\u0303O A\u0300S CONDIC\u0327O\u0303ES CRO\u0302NICAS EM SANTO ANTONIO DO MONTE-MG<\/a><\/li>\n<li><a href=\"http:\/\/www.conass.org.br\/liacc\/wp-content\/uploads\/2014\/08\/d-2-Apresentac\u0327a\u0303o-LIACC-IV-Mostra-rita.pdf\" target=\"_blank\">Apresentac\u0327a\u0303o LIACC IV Mostra &#8211; A iniciativa do Laborat\u00f3rio de Inova\u00e7\u00e3o sobre cr\u00f4nicas na APS fixa\u2010se na busca de solu\u00e7\u00e3o para o problema universal que defrontam os sistemas de sa\u00fade, de como enfrentar, com efetividade, efici\u00eancia e qualidade, as doen\u00e7as cr\u00f4nicas.<\/a><\/li>\n<li><a href=\"http:\/\/www.conass.org.br\/liacc\/wp-content\/uploads\/2014\/08\/d-3-APRESENTAC\u0327AO-NAYARA_13_03.pdf\" target=\"_blank\">Apresenta\u00e7\u00e3o SECRETARIA DE ESTADO DA SA\u00daDE DE MINAS GERAIS LABORAT\u00d3RIO<\/a> Nayara Dornela Quintino &#8211; Assessoria da Subsecretaria de Vigil\u00e2ncia e Prote\u00e7\u00e3o \u00e0 Sa\u00fade Grupo Condutor Estadual<\/li>\n<li><a href=\"http:\/\/www.conass.org.br\/liacc\/wp-content\/uploads\/2014\/08\/d-4-APRESENTAC\u0327AO-13-03-wagner.pdf\" target=\"_blank\">Apresenta\u00e7\u00e3o SECRETARIA DE ESTADO DA SA\u00daDE DE MINAS GERAIS LABORAT\u00d3RIO<\/a>\u00a0 Wagner Fulg\u00eancio Elias &#8211; Superintendente de Aten\u00e7\u00e3o Prim\u00e1ria \u00e0 Sa\u00fade<\/li>\n<li><a href=\"http:\/\/www.conass.org.br\/liacc\/wp-content\/uploads\/2014\/08\/d-6Apresentac\u0327a\u0303o-brasi\u0301lia-susana.pdf\" target=\"_blank\">Apresenta\u00e7\u00e3o Superintend\u00eancia Regional de Sa\u00fade de Divin\u00f3polis Secretaria de Sa\u00fade do Estado de Minas Gerais<\/a><\/li>\n<li><a href=\"http:\/\/www.conass.org.br\/liacc\/wp-content\/uploads\/2014\/10\/A-APS-NAS-REDES-DE-ATENC\u0327A\u0303O-A\u0300-SAU\u0301DE-6.pdf\" target=\"_blank\"> A APS NAS REDES DE ATEN\u00c7\u00c3O \u00c0 SA\u00daDE<\/a> &#8211; EUG\u00caNIO VILA\u00c7A MENDES<\/li>\n<li><a href=\"http:\/\/www.conass.org.br\/liacc\/wp-content\/uploads\/2014\/10\/A-CONSTRUCAO-SOCIAL-DA-APS-5.pdf\" target=\"_blank\"> A ATEN\u00c7\u00c3O PRIM\u00c1RIA NAS REDES DE ATEN\u00c7\u00c3O \u00c0 SA\u00daDE<\/a>\u00a0&#8211;\u00a0EUG\u00caNIO VILA\u00c7A MENDES<\/li>\n<li><a href=\"http:\/\/www.conass.org.br\/liacc\/wp-content\/uploads\/2014\/10\/A-GESTA\u0303O-DE-CASO-2.pdf\" target=\"_blank\"> A GEST\u00c3O DE CASO<\/a>\u00a0&#8211;\u00a0EUG\u00caNIO VILA\u00c7A MENDES<\/li>\n<li><a href=\"http:\/\/www.conass.org.br\/liacc\/wp-content\/uploads\/2014\/10\/O-MACC-NA-APS-4.pdf\" target=\"_blank\">O MODELO DE ATEN\u00c7\u00c3O \u00c0S CONDI\u00c7\u00d5ES CR\u00d4NICAS NA ATEN\u00c7\u00c3O PRIM\u00c1RIA \u00c0 SA\u00daDE<\/a> &#8211;\u00a0EUG\u00caNIO VILA\u00c7A MENDES<\/li>\n<li><a href=\"http:\/\/www.conass.org.br\/liacc\/wp-content\/uploads\/2014\/10\/OS-PONTOS-DE-ATENCAO-SECUNDARIOS-AMBULATORIAIS-NAS-REDES-5.pdf\" target=\"_blank\">A ATEN\u00c7\u00c3O AMBULATORIAL ESPECIALIZADA NAS REDES DE ATEN\u00c7\u00c3O \u00c0 SA\u00daDE<\/a> &#8211; EUG\u00caNIO VILA\u00c7A MENDES<\/li>\n<\/ul>\n","protected":false},"excerpt":{"rendered":"<p>&nbsp; PROPOSTA DE UM LABORATO\u0301RIO DE INOVAC\u0327O\u0303ES DE ATENC\u0327A\u0303O A\u0300S CONDIC\u0327O\u0303ES CRO\u0302NICAS EM SANTO ANTONIO DO MONTE-MG Apresentac\u0327a\u0303o LIACC IV Mostra &#8211; A iniciativa do Laborat\u00f3rio de Inova\u00e7\u00e3o sobre cr\u00f4nicas na APS fixa\u2010se na busca de solu\u00e7\u00e3o para o problema universal que defrontam os sistemas de sa\u00fade, de como enfrentar, com efetividade, efici\u00eancia e qualidade, [&hellip;]<\/p>\n","protected":false},"author":2,"featured_media":0,"parent":0,"menu_order":0,"comment_status":"open","ping_status":"open","template":"","meta":{"footnotes":""},"class_list":["post-168","page","type-page","status-publish","hentry"],"_links":{"self":[{"href":"https:\/\/www.conass.org.br\/liacc\/wp-json\/wp\/v2\/pages\/168","targetHints":{"allow":["GET"]}}],"collection":[{"href":"https:\/\/www.conass.org.br\/liacc\/wp-json\/wp\/v2\/pages"}],"about":[{"href":"https:\/\/www.conass.org.br\/liacc\/wp-json\/wp\/v2\/types\/page"}],"author":[{"embeddable":true,"href":"https:\/\/www.conass.org.br\/liacc\/wp-json\/wp\/v2\/users\/2"}],"replies":[{"embeddable":true,"href":"https:\/\/www.conass.org.br\/liacc\/wp-json\/wp\/v2\/comments?post=168"}],"version-history":[{"count":1,"href":"https:\/\/www.conass.org.br\/liacc\/wp-json\/wp\/v2\/pages\/168\/revisions"}],"predecessor-version":[{"id":174,"href":"https:\/\/www.conass.org.br\/liacc\/wp-json\/wp\/v2\/pages\/168\/revisions\/174"}],"wp:attachment":[{"href":"https:\/\/www.conass.org.br\/liacc\/wp-json\/wp\/v2\/media?parent=168"}],"curies":[{"name":"wp","href":"https:\/\/api.w.org\/{rel}","templated":true}]}}