{"id":367,"date":"2022-01-06T12:28:11","date_gmt":"2022-01-06T15:28:11","guid":{"rendered":"https:\/\/conass.org.br\/redecoesp\/index.php\/forum\/"},"modified":"2022-06-06T09:56:48","modified_gmt":"2022-06-06T12:56:48","slug":"forum","status":"publish","type":"page","link":"https:\/\/www.conass.org.br\/redecoesp\/forum\/","title":{"rendered":"Ambiente Virtual das EESP"},"content":{"rendered":"<div id=\"af-wrapper\"><div id=\"forum-header\"><div id=\"forum-navigation-mobile\"><a><span class=\"fas fa-bars\"><\/span>Menu<\/a><\/div><span class=\"screen-reader-text\">Navega\u00e7\u00e3o no f\u00f3rum<\/span><div id=\"forum-navigation\"><a class=\"home-link\" href=\"https:\/\/www.conass.org.br\/redecoesp\/forum\" target=\"_self\">F\u00f3rum<\/a><a class=\"activity-link\" href=\"https:\/\/www.conass.org.br\/redecoesp\/forum\/activity\/\" target=\"_self\">Atividade<\/a><a class=\"login-link\" href=\"https:\/\/www.conass.org.br\/redecoesp\/wp-login.php?redirect_to=https%3A%2F%2Fwww.conass.org.br%2Fredecoesp%2Fwp-json%2Fwp%2Fv2%2Fpages%2F367\" target=\"_self\">Acessar<\/a><a class=\"register-link\" href=\"https:\/\/www.conass.org.br\/redecoesp\/wp-login.php?action=register\" target=\"_self\">Cadastrar<\/a><\/div><div id=\"forum-search\"><span class=\"search-icon fas fa-search\"><\/span><form method=\"get\" action=\"https:\/\/www.conass.org.br\/redecoesp\/forum\/search\/\"><input name=\"keywords\" type=\"search\" placeholder=\"Buscar ...\" value=\"\"><\/form><\/div><div class=\"clear\"><\/div><\/div><div id=\"forum-breadcrumbs\" itemscope itemtype=\"http:\/\/schema.org\/BreadcrumbList\"><span class=\"screen-reader-text\">Caminho de navega\u00e7\u00e3o do f\u00f3rum - Voc\u00ea est\u00e1 aqui:<\/span><span class=\"breadcrumb-icon fas fa-home\"><\/span><span itemprop=\"itemListElement\" itemscope itemtype=\"https:\/\/schema.org\/ListItem\"><a itemprop=\"item\" href=\"https:\/\/www.conass.org.br\/redecoesp\/forum\" title=\"F\u00f3rum\"><span itemprop=\"name\">F\u00f3rum<\/span><\/a><meta itemprop=\"position\" content=\"1\"><\/span><span class=\"breadcrumb-icon fas fa-chevron-right separator\"><\/span><\/div><h1 class=\"main-title main-title-\">F\u00f3rum<\/h1><div class=\"title-element\" id=\"forum-category-15\">Administra\u00e7\u00e3o das EESP<span class=\"last-post-headline\">\u00daltima postagem:<\/span><\/div><div class=\"content-container\"><div class=\"content-element forum\" id=\"forum-10\"><div class=\"forum-status read\"><i class=\"fas fa-comments\"><\/i><\/div><div class=\"forum-name\"><a class=\"forum-title\" href=\"https:\/\/www.conass.org.br\/redecoesp\/forum\/forum\/decretos-de-criacao-2\/\">Decretos de Cria\u00e7\u00e3o<\/a><small class=\"forum-stats\">0 T\u00f3pico&nbsp;&middot;&nbsp;  0 Post \n\n <\/small><small class=\"forum-lastpost-small\"><small class=\"no-topics\">Sem t\u00f3picos ainda!<\/small><\/small><\/div><div class=\"forum-poster\"><small class=\"no-topics\">Sem t\u00f3picos ainda!<\/small><\/div><\/div><div class=\"content-element forum\" id=\"forum-11\"><div class=\"forum-status read\"><i class=\"fas fa-comments\"><\/i><\/div><div class=\"forum-name\"><a class=\"forum-title\" href=\"https:\/\/www.conass.org.br\/redecoesp\/forum\/forum\/gestao-de-rh-2\/\">Gest\u00e3o de RH<\/a><small class=\"forum-stats\">0 T\u00f3pico&nbsp;&middot;&nbsp;  0 Post \n\n <\/small><small class=\"forum-lastpost-small\"><small class=\"no-topics\">Sem t\u00f3picos ainda!<\/small><\/small><\/div><div class=\"forum-poster\"><small class=\"no-topics\">Sem t\u00f3picos ainda!<\/small><\/div><\/div><div class=\"content-element forum\" id=\"forum-12\"><div class=\"forum-status read\"><i class=\"fas fa-comments\"><\/i><\/div><div class=\"forum-name\"><a class=\"forum-title\" href=\"https:\/\/www.conass.org.br\/redecoesp\/forum\/forum\/financeiro-2\/\">Financeiro<\/a><small class=\"forum-stats\">0 T\u00f3pico&nbsp;&middot;&nbsp;  0 Post \n\n <\/small><small class=\"forum-lastpost-small\"><small class=\"no-topics\">Sem t\u00f3picos ainda!<\/small><\/small><\/div><div class=\"forum-poster\"><small class=\"no-topics\">Sem t\u00f3picos ainda!<\/small><\/div><\/div><div class=\"content-element forum\" id=\"forum-13\"><div class=\"forum-status read\"><i class=\"fas fa-comments\"><\/i><\/div><div class=\"forum-name\"><a class=\"forum-title\" href=\"https:\/\/www.conass.org.br\/redecoesp\/forum\/forum\/editais-e-contratos-2\/\">Editais e Contratos<\/a><small class=\"forum-stats\">0 T\u00f3pico&nbsp;&middot;&nbsp;  0 Post \n\n <\/small><small class=\"forum-lastpost-small\"><small class=\"no-topics\">Sem t\u00f3picos ainda!<\/small><\/small><\/div><div class=\"forum-poster\"><small class=\"no-topics\">Sem t\u00f3picos ainda!<\/small><\/div><\/div><\/div><div class=\"title-element\" id=\"forum-category-17\">Biblioteconomia<span class=\"last-post-headline\">\u00daltima postagem:<\/span><\/div><div class=\"content-container\"><div class=\"content-element forum\" id=\"forum-18\"><div class=\"forum-status unread\"><i class=\"fas fa-comments\"><\/i><\/div><div class=\"forum-name\"><a class=\"forum-title\" href=\"https:\/\/www.conass.org.br\/redecoesp\/forum\/forum\/indexacao-bvs\/\">Indexa\u00e7\u00e3o BVS<\/a><small class=\"forum-stats\">2 T\u00f3picos&nbsp;&middot;&nbsp;2 Posts<\/small><small class=\"forum-lastpost-small\">\u00daltimo post:&nbsp;<a href=\"https:\/\/www.conass.org.br\/redecoesp\/forum\/topic\/decs-descritores-em-ciencias-da-saude-bvs\/#postid-4\">DeCS \u2013 Descritores em Ci\u00eancias da  &#8230;<\/a>&nbsp;&middot;&nbsp;<a href=\"https:\/\/www.conass.org.br\/redecoesp\/forum\/topic\/decs-descritores-em-ciencias-da-saude-bvs\/#postid-4\">4 anos atr\u00e1s<\/a>&nbsp;&middot;&nbsp;<a class=\"profile-link highlight-admin\" href=\"#\">ASCOM<\/a><\/small><\/div><div class=\"forum-poster\"><div class=\"forum-poster-avatar\"><img alt='' src='https:\/\/secure.gravatar.com\/avatar\/29f253ac74a503ce9ddf4c727958f3f3fae5c8449067fbd1890982fe3fefda3e?s=40&#038;d=mm&#038;r=g' srcset='https:\/\/secure.gravatar.com\/avatar\/29f253ac74a503ce9ddf4c727958f3f3fae5c8449067fbd1890982fe3fefda3e?s=80&#038;d=mm&#038;r=g 2x' class='avatar avatar-40 photo' height='40' width='40' \/><\/div><div class=\"forum-poster-summary\"><a href=\"https:\/\/www.conass.org.br\/redecoesp\/forum\/topic\/decs-descritores-em-ciencias-da-saude-bvs\/#postid-4\">DeCS \u2013 Descritores em Ci\u00ea &#8230;<\/a><br><small><a href=\"https:\/\/www.conass.org.br\/redecoesp\/forum\/topic\/decs-descritores-em-ciencias-da-saude-bvs\/#postid-4\">4 anos atr\u00e1s<\/a><span>&nbsp;&middot;&nbsp;<\/span><a class=\"profile-link highlight-admin\" href=\"#\">ASCOM<\/a><\/small><\/div><\/div><\/div><div class=\"content-element forum\" id=\"forum-19\"><div class=\"forum-status read\"><i class=\"fas fa-comments\"><\/i><\/div><div class=\"forum-name\"><a class=\"forum-title\" href=\"https:\/\/www.conass.org.br\/redecoesp\/forum\/forum\/biblioteca-digital\/\">Biblioteca Digital<\/a><small class=\"forum-stats\">0 T\u00f3pico&nbsp;&middot;&nbsp;  0 Post \n\n <\/small><small class=\"forum-lastpost-small\"><small class=\"no-topics\">Sem t\u00f3picos ainda!<\/small><\/small><\/div><div class=\"forum-poster\"><small class=\"no-topics\">Sem t\u00f3picos ainda!<\/small><\/div><\/div><div class=\"content-element forum\" id=\"forum-20\"><div class=\"forum-status read\"><i class=\"fas fa-comments\"><\/i><\/div><div class=\"forum-name\"><a class=\"forum-title\" href=\"https:\/\/www.conass.org.br\/redecoesp\/forum\/forum\/lancamento-de-publicacoes\/\">Lan\u00e7amento de Publica\u00e7\u00f5es<\/a><small class=\"forum-stats\">0 T\u00f3pico&nbsp;&middot;&nbsp;  0 Post \n\n <\/small><small class=\"forum-lastpost-small\"><small class=\"no-topics\">Sem t\u00f3picos ainda!<\/small><\/small><\/div><div class=\"forum-poster\"><small class=\"no-topics\">Sem t\u00f3picos ainda!<\/small><\/div><\/div><\/div><div class=\"title-element\" id=\"forum-category-13\">Cursos e Capacita\u00e7\u00f5es<span class=\"last-post-headline\">\u00daltima postagem:<\/span><\/div><div class=\"content-container\"><div class=\"content-element forum\" id=\"forum-14\"><div class=\"forum-status read\"><i class=\"fas fa-comments\"><\/i><\/div><div class=\"forum-name\"><a class=\"forum-title\" href=\"https:\/\/www.conass.org.br\/redecoesp\/forum\/forum\/coordenacao-pedagogica-2\/\">Coordena\u00e7\u00e3o Pedag\u00f3gica<\/a><small class=\"forum-stats\">0 T\u00f3pico&nbsp;&middot;&nbsp;  0 Post \n\n <\/small><small class=\"forum-lastpost-small\"><small class=\"no-topics\">Sem t\u00f3picos ainda!<\/small><\/small><\/div><div class=\"forum-poster\"><small class=\"no-topics\">Sem t\u00f3picos ainda!<\/small><\/div><\/div><div class=\"content-element forum\" id=\"forum-15\"><div class=\"forum-status unread\"><i class=\"fas fa-comments\"><\/i><\/div><div class=\"forum-name\"><a class=\"forum-title\" href=\"https:\/\/www.conass.org.br\/redecoesp\/forum\/forum\/plataformas-e-tecnologias-2\/\">Plataformas e Tecnologias<\/a><small class=\"forum-stats\">2 T\u00f3picos&nbsp;&middot;&nbsp;2 Posts<\/small><small class=\"forum-lastpost-small\">\u00daltimo post:&nbsp;<a href=\"https:\/\/www.conass.org.br\/redecoesp\/forum\/topic\/cursos-recomendados-para-instalar-realizar-a-manutencao-e-gerar-cursos-no-moodle\/#postid-6\">Cursos recomendados para instalar, &#8230;<\/a>&nbsp;&middot;&nbsp;<a href=\"https:\/\/www.conass.org.br\/redecoesp\/forum\/topic\/cursos-recomendados-para-instalar-realizar-a-manutencao-e-gerar-cursos-no-moodle\/#postid-6\">4 anos atr\u00e1s<\/a>&nbsp;&middot;&nbsp;<a class=\"profile-link highlight-admin\" href=\"#\">ASCOM<\/a><\/small><\/div><div class=\"forum-poster\"><div class=\"forum-poster-avatar\"><img alt='' src='https:\/\/secure.gravatar.com\/avatar\/29f253ac74a503ce9ddf4c727958f3f3fae5c8449067fbd1890982fe3fefda3e?s=40&#038;d=mm&#038;r=g' srcset='https:\/\/secure.gravatar.com\/avatar\/29f253ac74a503ce9ddf4c727958f3f3fae5c8449067fbd1890982fe3fefda3e?s=80&#038;d=mm&#038;r=g 2x' class='avatar avatar-40 photo' height='40' width='40' \/><\/div><div class=\"forum-poster-summary\"><a href=\"https:\/\/www.conass.org.br\/redecoesp\/forum\/topic\/cursos-recomendados-para-instalar-realizar-a-manutencao-e-gerar-cursos-no-moodle\/#postid-6\">Cursos recomendados para  &#8230;<\/a><br><small><a href=\"https:\/\/www.conass.org.br\/redecoesp\/forum\/topic\/cursos-recomendados-para-instalar-realizar-a-manutencao-e-gerar-cursos-no-moodle\/#postid-6\">4 anos atr\u00e1s<\/a><span>&nbsp;&middot;&nbsp;<\/span><a class=\"profile-link highlight-admin\" href=\"#\">ASCOM<\/a><\/small><\/div><\/div><\/div><\/div><div class=\"title-element\" id=\"forum-category-16\">Eventos<span class=\"last-post-headline\">\u00daltima postagem:<\/span><\/div><div class=\"content-container\"><div class=\"content-element forum\" id=\"forum-16\"><div class=\"forum-status read\"><i class=\"fas fa-comments\"><\/i><\/div><div class=\"forum-name\"><a class=\"forum-title\" href=\"https:\/\/www.conass.org.br\/redecoesp\/forum\/forum\/congressos\/\">Congressos<\/a><small class=\"forum-stats\">0 T\u00f3pico&nbsp;&middot;&nbsp;  0 Post \n\n <\/small><small class=\"forum-lastpost-small\"><small class=\"no-topics\">Sem t\u00f3picos ainda!<\/small><\/small><\/div><div class=\"forum-poster\"><small class=\"no-topics\">Sem t\u00f3picos ainda!<\/small><\/div><\/div><div class=\"content-element forum\" id=\"forum-17\"><div class=\"forum-status read\"><i class=\"fas fa-comments\"><\/i><\/div><div class=\"forum-name\"><a class=\"forum-title\" href=\"https:\/\/www.conass.org.br\/redecoesp\/forum\/forum\/seminarios\/\">Semin\u00e1rios<\/a><small class=\"forum-stats\">0 T\u00f3pico&nbsp;&middot;&nbsp;  0 Post \n\n <\/small><small class=\"forum-lastpost-small\"><small class=\"no-topics\">Sem t\u00f3picos ainda!<\/small><\/small><\/div><div class=\"forum-poster\"><small class=\"no-topics\">Sem t\u00f3picos ainda!<\/small><\/div><\/div><\/div><div id=\"read-unread\"><span class=\"indicator unread\"><\/span><span class=\"indicator-label\">Novos posts<\/span><span class=\"indicator read\"><\/span><span class=\"indicator-label\">Nada novo<\/span><span class=\"indicator-label\"><span class=\"fas fa-check\"><\/span><a href=\"https:\/\/www.conass.org.br\/redecoesp\/forum\/markallread\/?_wpnonce=a337cccedf\">Marcar todos como lidos<\/a><\/span><span class=\"indicator-label\"><span class=\"fas fa-history\"><\/span><a href=\"https:\/\/www.conass.org.br\/redecoesp\/forum\/unread\/\">Mostrar t\u00f3picos n\u00e3o lidos<\/a><\/span><div class=\"clear\"><\/div><\/div><div id=\"statistics\"><div class=\"title-element title-element-dark\"><span class=\"title-element-icon fas fa-chart-pie\"><\/span>Estat\u00edsticas<\/div><div id=\"statistics-body\"><div id=\"statistics-elements\"><div class=\"statistics-element\"><div class=\"element-number\"><span class=\"statistics-element-icon far fa-comments\"><\/span>4<\/div><div class=\"element-name\">T\u00f3picos<\/div><\/div><div class=\"statistics-element\"><div class=\"element-number\"><span class=\"statistics-element-icon far fa-comment\"><\/span>4<\/div><div class=\"element-name\">Posts<\/div><\/div><div class=\"statistics-element\"><div class=\"element-number\"><span class=\"statistics-element-icon far fa-eye\"><\/span>11<\/div><div class=\"element-name\">Visualiza\u00e7\u00f5es<\/div><\/div><div class=\"statistics-element\"><div class=\"element-number\"><span class=\"statistics-element-icon far fa-user\"><\/span>9<\/div><div class=\"element-name\">Usu\u00e1rios<\/div><\/div><div class=\"statistics-element\"><div class=\"element-number\"><span class=\"statistics-element-icon far fa-lightbulb\"><\/span>0<\/div><div class=\"element-name\">Online<\/div><\/div><\/div><div id=\"statistics-online-users\"><span class=\"online-users-icon fas fa-user\"><\/span>Membro mais recente:&nbsp;<i><a class=\"profile-link highlight-admin\" href=\"#\">Bruno Lima<\/a><\/i>&nbsp;&middot;&nbsp;<span class=\"online-users-icon fas fa-users\"><\/span><i>No momento ningu\u00e9m est\u00e1 online.<\/i><\/div><\/div><div class=\"clear\"><\/div><\/div><div id=\"bottom-navigation\"><\/div><div class=\"clear\"><\/div><\/div>\n","protected":false},"excerpt":{"rendered":"","protected":false},"author":1,"featured_media":0,"parent":0,"menu_order":0,"comment_status":"closed","ping_status":"closed","template":"","meta":{"footnotes":""},"class_list":["post-367","page","type-page","status-publish","hentry"],"_links":{"self":[{"href":"https:\/\/www.conass.org.br\/redecoesp\/wp-json\/wp\/v2\/pages\/367","targetHints":{"allow":["GET"]}}],"collection":[{"href":"https:\/\/www.conass.org.br\/redecoesp\/wp-json\/wp\/v2\/pages"}],"about":[{"href":"https:\/\/www.conass.org.br\/redecoesp\/wp-json\/wp\/v2\/types\/page"}],"author":[{"embeddable":true,"href":"https:\/\/www.conass.org.br\/redecoesp\/wp-json\/wp\/v2\/users\/1"}],"replies":[{"embeddable":true,"href":"https:\/\/www.conass.org.br\/redecoesp\/wp-json\/wp\/v2\/comments?post=367"}],"version-history":[{"count":2,"href":"https:\/\/www.conass.org.br\/redecoesp\/wp-json\/wp\/v2\/pages\/367\/revisions"}],"predecessor-version":[{"id":789,"href":"https:\/\/www.conass.org.br\/redecoesp\/wp-json\/wp\/v2\/pages\/367\/revisions\/789"}],"wp:attachment":[{"href":"https:\/\/www.conass.org.br\/redecoesp\/wp-json\/wp\/v2\/media?parent=367"}],"curies":[{"name":"wp","href":"https:\/\/api.w.org\/{rel}","templated":true}]}}