{"id":392,"date":"2022-02-18T10:10:35","date_gmt":"2022-02-18T13:10:35","guid":{"rendered":"https:\/\/conass.org.br\/redecoesp\/?page_id=392"},"modified":"2023-11-14T10:22:32","modified_gmt":"2023-11-14T13:22:32","slug":"quem-somos","status":"publish","type":"page","link":"https:\/\/www.conass.org.br\/redecoesp\/quem-somos\/","title":{"rendered":"Quem somos"},"content":{"rendered":"<div class=\"elementor-element elementor-element-c42ef4e elementor-widget elementor-widget-image\" data-id=\"c42ef4e\" data-element_type=\"widget\" data-widget_type=\"image.default\">\n<div class=\"elementor-widget-container\"><img decoding=\"async\" class=\"aligncenter\" title=\"LOGO_Prancheta\" src=\"https:\/\/conass.org.br\/redecoesp\/wp-content\/uploads\/elementor\/thumbs\/LOGO_Prancheta-pfint2w2u0fl8hsb8cijkcs76c0nsuhb4sdvzpuv2e.png\" alt=\"LOGO_Prancheta\" \/><\/div>\n<\/div>\n<div class=\"elementor-element elementor-element-e0cae27 elementor-widget elementor-widget-text-editor\" data-id=\"e0cae27\" data-element_type=\"widget\" data-widget_type=\"text-editor.default\">\n<div class=\"elementor-widget-container\">\n<p>&nbsp;<\/p>\n<p>A Rede Colaborativa das Escolas Estaduais de Sa\u00fade P\u00fablica (REDECOESP) tem o prop\u00f3sito de fortalecer o SUS, promovendo a Gest\u00e3o da Educa\u00e7\u00e3o na Sa\u00fade no \u00e2mbito das Secretarias Estaduais de Sa\u00fade (SES). A sua cria\u00e7\u00e3o em 2019 foi fruto de discuss\u00f5es realizadas pelas Escolas em oficinas nacionais e ratificadas em assembleia de Secret\u00e1rios de Sa\u00fade.<\/p>\n<p>A REDECOESP favorece uma robusta e \u00e1gil troca de conhecimentos e experi\u00eancias entre as Escolas e as \u00e1reas de Gest\u00e3o da Educa\u00e7\u00e3o das SES, constituindo-se como instrumento para elabora\u00e7\u00e3o e aperfei\u00e7oamento de pol\u00edticas p\u00fablicas da \u00e1rea. Fornece subs\u00eddios para o estabelecimento de rela\u00e7\u00f5es com outras redes de coopera\u00e7\u00e3o nacionais e internacionais em prol de estrat\u00e9gias comuns de forma\u00e7\u00e3o de trabalhadores para os sistemas de sa\u00fade.<\/p>\n<p>A Rede atualmente \u00e9 composta por 20 Escolas Estaduais de Sa\u00fade P\u00fablica, contemplando as 5 regi\u00f5es do pa\u00eds, o que expressa abrang\u00eancia nacional, diversidade regional e caracter\u00edsticas singulares.<\/p>\n<p>As EESP se constituem em espa\u00e7os fundamentais para reflex\u00e3o e desenvolvimento de a\u00e7\u00f5es, reunindo fun\u00e7\u00f5es pedag\u00f3gicas e de gest\u00e3o. Por meio da atua\u00e7\u00e3o em rede, os estados apresentam grande potencial para contribuir com o planejamento, a implanta\u00e7\u00e3o e a avalia\u00e7\u00e3o das a\u00e7\u00f5es de sa\u00fade, interagindo com as mudan\u00e7as epidemiol\u00f3gicas e as necessidades dos servi\u00e7os de sa\u00fade.<\/p>\n<p>Para a constru\u00e7\u00e3o de cen\u00e1rios mais colaborativos na REDECOESP, a escolha foi pela utiliza\u00e7\u00e3o de m\u00faltiplas ferramentas de intera\u00e7\u00e3o e comunica\u00e7\u00e3o compat\u00edveis com a gest\u00e3o e troca de conhecimentos que se estruturam de forma complementar a partir de tr\u00eas dispositivos: Diret\u00f3rio de Escolas, Portal de Gest\u00e3o da Educa\u00e7\u00e3o na Sa\u00fade e Ambiente Virtual.<\/p>\n<p>Fortalecer o protagonismo das Escolas na Gest\u00e3o da Educa\u00e7\u00e3o na Sa\u00fade em seus estados \u00e9 tamb\u00e9m qualificar a gest\u00e3o estadual. Atrav\u00e9s do v\u00ednculo entre as escolas v\u00e3o sendo enfrentados problemas comuns de forma sistem\u00e1tica.<\/p>\n<p>A REDECOESP \u00e9, portanto, um dispositivo que estimula a intera\u00e7\u00e3o, o acesso e compartilhamento de informa\u00e7\u00f5es, o aprimoramento das pr\u00e1ticas educativas e o aperfei\u00e7oamento das a\u00e7\u00f5es de forma\u00e7\u00e3o e qualifica\u00e7\u00e3o dos trabalhadores do SUS de forma articulada aos programas e pol\u00edticas de sa\u00fade desenvolvidas no \u00e2mbito das Secretarias Estaduais de Sa\u00fade.<\/p>\n<\/div>\n<p>Contato: <a href=\"mailto:redecoesp@conass.org.br\">redecoesp@conass.org.br<\/a><\/p>\n<\/div>\n<p>Assista o lan\u00e7amento da plataforma no v\u00eddeo abaixo:<\/p>\n<p><iframe title=\"Lan\u00e7amento do Portal da Rede Colaborativa das Escolas Estaduais de Sa\u00fade P\u00fablica\" width=\"800\" height=\"450\" src=\"https:\/\/www.youtube.com\/embed\/Ups_9jw7NqQ?feature=oembed\" frameborder=\"0\" allow=\"accelerometer; autoplay; clipboard-write; encrypted-media; gyroscope; picture-in-picture; web-share\" allowfullscreen><\/iframe><\/p>\n","protected":false},"excerpt":{"rendered":"<p>&nbsp; A Rede Colaborativa das Escolas Estaduais de Sa\u00fade P\u00fablica (REDECOESP) tem o prop\u00f3sito de fortalecer o SUS, promovendo a Gest\u00e3o da Educa\u00e7\u00e3o na Sa\u00fade no \u00e2mbito das Secretarias Estaduais de Sa\u00fade (SES). A sua cria\u00e7\u00e3o em 2019 foi fruto de discuss\u00f5es realizadas pelas Escolas em oficinas nacionais e ratificadas em assembleia de Secret\u00e1rios de [&hellip;]<\/p>\n","protected":false},"author":3,"featured_media":0,"parent":0,"menu_order":0,"comment_status":"closed","ping_status":"closed","template":"","meta":{"footnotes":""},"class_list":["post-392","page","type-page","status-publish","hentry"],"_links":{"self":[{"href":"https:\/\/www.conass.org.br\/redecoesp\/wp-json\/wp\/v2\/pages\/392","targetHints":{"allow":["GET"]}}],"collection":[{"href":"https:\/\/www.conass.org.br\/redecoesp\/wp-json\/wp\/v2\/pages"}],"about":[{"href":"https:\/\/www.conass.org.br\/redecoesp\/wp-json\/wp\/v2\/types\/page"}],"author":[{"embeddable":true,"href":"https:\/\/www.conass.org.br\/redecoesp\/wp-json\/wp\/v2\/users\/3"}],"replies":[{"embeddable":true,"href":"https:\/\/www.conass.org.br\/redecoesp\/wp-json\/wp\/v2\/comments?post=392"}],"version-history":[{"count":14,"href":"https:\/\/www.conass.org.br\/redecoesp\/wp-json\/wp\/v2\/pages\/392\/revisions"}],"predecessor-version":[{"id":1576,"href":"https:\/\/www.conass.org.br\/redecoesp\/wp-json\/wp\/v2\/pages\/392\/revisions\/1576"}],"wp:attachment":[{"href":"https:\/\/www.conass.org.br\/redecoesp\/wp-json\/wp\/v2\/media?parent=392"}],"curies":[{"name":"wp","href":"https:\/\/api.w.org\/{rel}","templated":true}]}}